{"id":2880,"date":"2019-07-02T10:55:19","date_gmt":"2019-07-02T08:55:19","guid":{"rendered":"http:\/\/gen4.focolare.org\/?page_id=2880"},"modified":"2022-11-04T16:52:03","modified_gmt":"2022-11-04T15:52:03","slug":"accion-han-desalojado-jesus","status":"publish","type":"page","link":"https:\/\/gen4.focolare.org\/es\/como-vivimos\/accion-han-desalojado-jesus\/","title":{"rendered":"Acci\u00f3n \u201cHan desalojado a Jes\u00fas\u201d"},"content":{"rendered":"<div class=\"wpb-content-wrapper\"><p>[vc_row full_width=\u00bbstretch_row\u00bb content_placement=\u00bbmiddle\u00bb css=\u00bb.vc_custom_1559339648223{background-image: url(http:\/\/gen4.focolare.org\/wp-content\/uploads\/2019\/05\/background_gen4_yellow.png?id=1748) !important;}\u00bb][vc_column width=\u00bb2\/5&#8243;][vc_column_text css=\u00bb.vc_custom_1582565006418{background-color: #1d70b8 !important;}\u00bb]<\/p>\n<h1 style=\"text-align: center;\"><span style=\"color: #ffffff;\">Acci\u00f3n \u201cHan desalojado a Jes\u00fas\u201d<\/span><\/h1>\n<p>[\/vc_column_text][\/vc_column][vc_column width=\u00bb3\/5&#8243; full_width=\u00bb\u00bb gap=\u00bb0&#8243; full_height=\u00bb\u00bb columns_placement=\u00bbmiddle\u00bb equal_height=\u00bb\u00bb rtl_reverse=\u00bb\u00bb content_placement=\u00bb\u00bb disable_element=\u00bb\u00bb][\/vc_column][\/vc_row][vc_row full_width=\u00bbstretch_row_content\u00bb css=\u00bb.vc_custom_1559343721436{padding-top: 30px !important;}\u00bb][vc_column][vc_single_image image=\u00bb2216&#8243; img_size=\u00bbfull\u00bb][\/vc_column][\/vc_row][vc_row][vc_column width=\u00bb1\/3&#8243; css=\u00bb.vc_custom_1559343880508{padding-bottom: 20px !important;}\u00bb]<div id=\"cz_16842\" class=\"cz_16842 cz_video_popup clr cz_video_popup_c\"><div><div class=\"cz_vp_c\"><a href=\"https:\/\/vimeo.com\/344981292\"><img decoding=\"async\" width=\"1863\" height=\"959\" src=\"https:\/\/gen4.focolare.org\/wp-content\/uploads\/2019\/09\/hsg_cover_video.png\" class=\"attachment-full\" alt=\"Hsg cover video\" title=\"hsg_cover_video\" srcset=\"https:\/\/gen4.focolare.org\/wp-content\/uploads\/2019\/09\/hsg_cover_video.png 1863w, https:\/\/gen4.focolare.org\/wp-content\/uploads\/2019\/09\/hsg_cover_video-300x154.png 300w, https:\/\/gen4.focolare.org\/wp-content\/uploads\/2019\/09\/hsg_cover_video-768x395.png 768w, https:\/\/gen4.focolare.org\/wp-content\/uploads\/2019\/09\/hsg_cover_video-1024x527.png 1024w, https:\/\/gen4.focolare.org\/wp-content\/uploads\/2019\/09\/hsg_cover_video-600x309.png 600w\" sizes=\"auto, (max-width: 1863px) 100vw, 1863px\" loading=\"lazy\" \/><div class=\"cz_vp_inner\"><span><i class=\"fa fa-play\"><\/i><\/span><\/div><\/a><\/div><\/div><\/div>[vc_column_text css=\u00bb.vc_custom_1579252393681{padding-top: 20px !important;}\u00bb]<span style=\"font-weight: 400;\">Esta acci\u00f3n gen4, <\/span><span style=\"color: #1d70b8;\"><b>naci<\/b><b>\u00f3 en 1997<\/b><\/span><span style=\"font-weight: 400;\"><span style=\"color: #1d70b8;\">,<\/span> va m\u00e1s all\u00e1 del significado literal de las palabras: <\/span><b><span style=\"color: #1d70b8;\">es no dejarse condicionar por el consumismo, llevando al centro los valores.<\/span> <\/b><span style=\"font-weight: 400;\">La idea naci\u00f3 de una reflexi\u00f3n de Chiara Lubich, mientras se encontraba en Suiza<\/span> <span style=\"font-weight: 400;\">poco antes de la Navidad.<\/span><span style=\"font-weight: 400;\">\u00a0<\/span><\/p>\n<p><span style=\"font-weight: 400;\">Caminando por las calles iluminadas de una grande ciudad, Chiara se qued\u00f3 impresionada de las luces, de los lindos adornos, de tanta riqueza, pero sobretodo, de la ausencia del verdadero significado de la Navidad. Es as\u00ed que escribe:<\/span>[\/vc_column_text][\/vc_column][vc_column width=\u00bb1\/3&#8243;][vc_column_text]<span style=\"color: #1d70b8;\"><b><i>\u201cla incredulidad y despu\u00e9s casi <\/i><\/b><b><i>una<\/i><\/b><b><i> rebeli\u00f3n: este mundo rico se ha <\/i><\/b><b><i>\u201capoderado\u201d de<\/i><\/b> <b><i>la Navidad y todo a su alrededor, y ha desalojado a Jes\u00fas! (\u2026)<\/i><\/b> <b><i>Proyecta en\u00a0 <\/i><\/b><b><i>\u00a0Navidad <\/i><\/b><b><i>el mejor momento para\u00a0 sus mayores ganancias en el a\u00f1o<\/i><\/b><b><i>.<\/i><\/b><b><i> Pero a Jes\u00fas no se piensa. \u00abEstaba entre los suyos y no lo recibieron\u201d \u00abNo hab\u00eda puesto para El en el albergue\u00bb\u2026 ni siquiera en Navidad<\/i><\/b><b>.\u201d <\/b><\/span><span style=\"font-weight: 400;\">(C.Lubich, en L.Velardi,<\/span><i><span style=\"font-weight: 400;\"> Hanno sloggiato Ges\u00f9, <\/span><\/i><span style=\"font-weight: 400;\">Citt\u00e0 Nuova, Roma, 2005, p.5)<\/span><\/p>\n<p><span style=\"font-weight: 400;\">Desde 1997 miles de gen4 en todo el mundo acogieron la invitaci\u00f3n de Chiara de llevar Jes\u00fas al centro de la Navidad.<\/span><\/p>\n<p><span style=\"font-weight: 400;\">Junto a los padres, amigos y algunos miembros del Movimiento,<\/span><span style=\"color: #1d70b8;\"><b> en las calles y en las plazas, en los mercados, en las instituciones locales, en las escuelas<\/b><\/span><span style=\"font-weight: 400;\"><span style=\"color: #1d70b8;\">,<\/span> ofrecen a las personas <\/span><span style=\"color: #1d70b8;\"><b>estatuas de yeso del Ni\u00f1o Jes\u00fas o pesebres de todo tipo elaborados por ellos mismos<\/b><\/span><span style=\"font-weight: 400;\"><span style=\"color: #1d70b8;\">,<\/span> junto con el texto de Chiara Lubich de t\u00edtulo <\/span><span style=\"color: #1d70b8;\"><b>\u201cHan desalojado Jes\u00fas\u201d<\/b><span style=\"font-weight: 400;\">.\u00a0<\/span><\/span>[\/vc_column_text][\/vc_column][vc_column width=\u00bb1\/3&#8243;][vc_column_text]<\/p>\n<h2><span style=\"color: #1d70b8;\">Acogida y don\u00a0<\/span><\/h2>\n<p><span style=\"color: #1d70b8;\"><b>\u201cNo desalojar a Jes\u00fas\u201d<\/b><\/span><span style=\"font-weight: 400;\"> tambi\u00e9n significa <\/span><span style=\"color: #1d70b8;\"><b>\u201cacogerlo\u201d<\/b><\/span><span style=\"font-weight: 400;\"> en todos aquellos que puedan tener m\u00e1s necesidades. Por esto, la acci\u00f3n \u201cHan desalojado Jes\u00fas\u201d tiene en s\u00ed mismo <\/span><span style=\"color: #1d70b8;\"><b>la dimensi\u00f3n del \u201c<\/b><b>don<\/b><b>\u201d<\/b><\/span><span style=\"font-weight: 400;\">, de darse cuenta del otro: los gen4 cada a\u00f1o piensan a iniciativas a favor de sus coet\u00e1neos que, en algunas partes de mundo, como al Ni\u00f1o Jes\u00fas, le falta lo\u00a0 necesario; <\/span><span style=\"color: #1d70b8;\"><b>las personas que reciben el \u201cNi\u00f1ito\u201d\u00a0 a menudo <\/b><b>donan<\/b><b>, espont\u00e1neamente, una ofrenda para los objetivos propuestos<\/b><span style=\"font-weight: 400;\">.<\/span><\/span><\/p>\n<p><span style=\"font-weight: 400;\">A lo largo de los a\u00f1os, los valores inherentes a esta iniciativa (acoger al otro, portar alegr\u00eda, ser un don) han encontrado otros modos de expresar, que se puede vivir con todos aquellos que quieren vivir la <\/span><span style=\"color: #1d70b8;\"><b>\u201cRegla de oro\u201d: poner en com\u00fan los juguetes con aquellos ni\u00f1os que no tienen, ir a dar alegr\u00eda en un centro de ancianos, regalar dibujos, una sonrisa a personas solas\u2026<\/b><\/span>[\/vc_column_text][\/vc_column][\/vc_row][vc_row][vc_column][vc_column_text]<\/p>\n<h2><span style=\"color: #e94e1b;\">MATERIAL<\/span><\/h2>\n<p>[\/vc_column_text][vc_column_text]<div class='w3eden wpdm_packages_shortcode'>\n    <div class=''>\n\n        \n        <div id=\"content_wpdm_package_1\">\n            <div class='row'><div class='col-lg-6 col-md-6 col-12'><div class=\"well c2a2\">\n<div class=\"media\">\n<div class=\"pull-left\" style=\"margin-right: 10px;\" align=\"left\">&nbsp;<\/div>\n<div class=\"media-body\">\n<h4 class=\"media-heading\" style=\"padding-top: 0px; border: 0px; margin: 0 0 5px 0; font-size: 15px;\"><span style=\"color: #1D70B8;\"><a style=\"font-weight: bold; color: #1D70B8;\" href=\"https:\/\/gen4.focolare.org\/es\/download\/belen-navidad-dibujos-trabajos-con-papel\/\">Bel\u00e9n - Navidad [DIBUJOS - TRABAJOS CON PAPEL]<\/a> <\/span><span style=\"margin-left: 30px; font-size: 8pt; font-weight: 300;\"> 42.76 MB<\/span><\/h4>\n<\/div>\n<\/div>\n<\/div><\/br><\/div><div class='col-lg-6 col-md-6 col-12'><div class=\"well c2a2\">\n<div class=\"media\">\n<div class=\"pull-left\" style=\"margin-right: 10px;\" align=\"left\">&nbsp;<\/div>\n<div class=\"media-body\">\n<h4 class=\"media-heading\" style=\"padding-top: 0px; border: 0px; margin: 0 0 5px 0; font-size: 15px;\"><span style=\"color: #1D70B8;\"><a style=\"font-weight: bold; color: #1D70B8;\" href=\"https:\/\/gen4.focolare.org\/es\/download\/calendario-de-adviento\/\">Calendario de Adviento<\/a> <\/span><span style=\"margin-left: 30px; font-size: 8pt; font-weight: 300;\"> 11.40 MB<\/span><\/h4>\n<\/div>\n<\/div>\n<\/div><\/br><\/div><div class='col-lg-6 col-md-6 col-12'><div class=\"well c2a2\">\n<div class=\"media\">\n<div class=\"pull-left\" style=\"margin-right: 10px;\" align=\"left\">&nbsp;<\/div>\n<div class=\"media-body\">\n<h4 class=\"media-heading\" style=\"padding-top: 0px; border: 0px; margin: 0 0 5px 0; font-size: 15px;\"><span style=\"color: #1D70B8;\"><a style=\"font-weight: bold; color: #1D70B8;\" href=\"https:\/\/gen4.focolare.org\/es\/download\/como-preparar-las-estatuillas-del-nino-jesus-video\/\">C\u00f3mo preparar las estatuillas del Ni\u00f1o Jes\u00fas [VIDEO]<\/a> <\/span><span style=\"margin-left: 30px; font-size: 8pt; font-weight: 300;\"> 0.00 KB<\/span><\/h4>\n<\/div>\n<\/div>\n<\/div><\/br><\/div><div class='col-lg-6 col-md-6 col-12'><div class=\"well c2a2\">\n<div class=\"media\">\n<div class=\"pull-left\" style=\"margin-right: 10px;\" align=\"left\">&nbsp;<\/div>\n<div class=\"media-body\">\n<h4 class=\"media-heading\" style=\"padding-top: 0px; border: 0px; margin: 0 0 5px 0; font-size: 15px;\"><span style=\"color: #1D70B8;\"><a style=\"font-weight: bold; color: #1D70B8;\" href=\"https:\/\/gen4.focolare.org\/es\/download\/es-navidad-cancion\/\">Es Navidad [CANCI\u00d3N]<\/a> <\/span><span style=\"margin-left: 30px; font-size: 8pt; font-weight: 300;\"> 106.80 MB<\/span><\/h4>\n<\/div>\n<\/div>\n<\/div><\/br><\/div><div class='col-lg-6 col-md-6 col-12'><div class=\"well c2a2\">\n<div class=\"media\">\n<div class=\"pull-left\" style=\"margin-right: 10px;\" align=\"left\">&nbsp;<\/div>\n<div class=\"media-body\">\n<h4 class=\"media-heading\" style=\"padding-top: 0px; border: 0px; margin: 0 0 5px 0; font-size: 15px;\"><span style=\"color: #1D70B8;\"><a style=\"font-weight: bold; color: #1D70B8;\" href=\"https:\/\/gen4.focolare.org\/es\/download\/han-desalojado-a-jesus-texto\/\">Han desalojado a Jes\u00fas [TEXTO]<\/a> <\/span><span style=\"margin-left: 30px; font-size: 8pt; font-weight: 300;\"> 150.56 KB<\/span><\/h4>\n<\/div>\n<\/div>\n<\/div><\/br><\/div><div class='col-lg-6 col-md-6 col-12'><div class=\"well c2a2\">\n<div class=\"media\">\n<div class=\"pull-left\" style=\"margin-right: 10px;\" align=\"left\">&nbsp;<\/div>\n<div class=\"media-body\">\n<h4 class=\"media-heading\" style=\"padding-top: 0px; border: 0px; margin: 0 0 5px 0; font-size: 15px;\"><span style=\"color: #1D70B8;\"><a style=\"font-weight: bold; color: #1D70B8;\" href=\"https:\/\/gen4.focolare.org\/es\/download\/hsg-2025-poster\/\">HSG 2025 [POSTER]<\/a> <\/span><span style=\"margin-left: 30px; font-size: 8pt; font-weight: 300;\"> 60.29 MB<\/span><\/h4>\n<\/div>\n<\/div>\n<\/div><\/br><\/div><div class='col-lg-6 col-md-6 col-12'><div class=\"well c2a2\">\n<div class=\"media\">\n<div class=\"pull-left\" style=\"margin-right: 10px;\" align=\"left\">&nbsp;<\/div>\n<div class=\"media-body\">\n<h4 class=\"media-heading\" style=\"padding-top: 0px; border: 0px; margin: 0 0 5px 0; font-size: 15px;\"><span style=\"color: #1D70B8;\"><a style=\"font-weight: bold; color: #1D70B8;\" href=\"https:\/\/gen4.focolare.org\/es\/download\/hsg_aiuti_-aids-_ayudas_-ajudas_-aides_2022-2023-video_ppt\/\">HSG_Aiuti_ Aids _Ayudas_ Ajudas_ Aides_2022-2023 [VIDEO_PPT]<\/a> <\/span><span style=\"margin-left: 30px; font-size: 8pt; font-weight: 300;\"> 27.93 MB<\/span><\/h4>\n<\/div>\n<\/div>\n<\/div><\/br><\/div><div class='col-lg-6 col-md-6 col-12'><div class=\"well c2a2\">\n<div class=\"media\">\n<div class=\"pull-left\" style=\"margin-right: 10px;\" align=\"left\">&nbsp;<\/div>\n<div class=\"media-body\">\n<h4 class=\"media-heading\" style=\"padding-top: 0px; border: 0px; margin: 0 0 5px 0; font-size: 15px;\"><span style=\"color: #1D70B8;\"><a style=\"font-weight: bold; color: #1D70B8;\" href=\"https:\/\/gen4.focolare.org\/es\/download\/la-hermosa-historia-de-la-navidad_es_album\/\">La hermosa historia de la Navidad_es_ALBUM<\/a> <\/span><span style=\"margin-left: 30px; font-size: 8pt; font-weight: 300;\"> 13.90 MB<\/span><\/h4>\n<\/div>\n<\/div>\n<\/div><\/br><\/div><div class='col-lg-6 col-md-6 col-12'><div class=\"well c2a2\">\n<div class=\"media\">\n<div class=\"pull-left\" style=\"margin-right: 10px;\" align=\"left\">&nbsp;<\/div>\n<div class=\"media-body\">\n<h4 class=\"media-heading\" style=\"padding-top: 0px; border: 0px; margin: 0 0 5px 0; font-size: 15px;\"><span style=\"color: #1D70B8;\"><a style=\"font-weight: bold; color: #1D70B8;\" href=\"https:\/\/gen4.focolare.org\/es\/download\/natale_-noel_-christmas_-navidad_natal-danze_danses_dances_bailes_-dancas\/\">Natale_ No\u00ebl_ Christmas_ Navidad_Natal [DANZE_Danses_Dances_Bailes_ Dan\u00e7as]<\/a> <\/span><span style=\"margin-left: 30px; font-size: 8pt; font-weight: 300;\"> 0.00 KB<\/span><\/h4>\n<\/div>\n<\/div>\n<\/div><\/br><\/div><div class='col-lg-6 col-md-6 col-12'><div class=\"well c2a2\">\n<div class=\"media\">\n<div class=\"pull-left\" style=\"margin-right: 10px;\" align=\"left\">&nbsp;<\/div>\n<div class=\"media-body\">\n<h4 class=\"media-heading\" style=\"padding-top: 0px; border: 0px; margin: 0 0 5px 0; font-size: 15px;\"><span style=\"color: #1D70B8;\"><a style=\"font-weight: bold; color: #1D70B8;\" href=\"https:\/\/gen4.focolare.org\/es\/download\/spot_hsg-video_ppt\/\">Spot_HSG [VIDEO_PPT]<\/a> <\/span><span style=\"margin-left: 30px; font-size: 8pt; font-weight: 300;\"> 106.29 MB<\/span><\/h4>\n<\/div>\n<\/div>\n<\/div><\/br><\/div><\/div>                    <\/div>\n\n        <div style='clear:both'><\/div>\n    <\/div>\n<\/div>\n[\/vc_column_text][vc_column_text]<\/p>\n<h2><span style=\"color: #e94e1b;\">EXPERIENCIAS<\/span><\/h2>\n<p>[\/vc_column_text][vc_basic_grid post_type=\u00bbwpdmpro\u00bb max_items=\u00bb10&#8243; item=\u00bb1674&#8243; grid_id=\u00bbvc_gid:1667577044578-73440df26147c87294fe732fd57b7972-0&#8243; taxonomies=\u00bb213&#8243;][\/vc_column][\/vc_row]<\/p>\n<\/div>","protected":false},"excerpt":{"rendered":"<p>[vc_row full_width=\u00bbstretch_row\u00bb content_placement=\u00bbmiddle\u00bb css=\u00bb.vc_custom_1559339648223{background-image: url(http:\/\/gen4.focolare.org\/wp-content\/uploads\/2019\/05\/background_gen4_yellow.png?id=1748) !important;}\u00bb][vc_column width=\u00bb2\/5&#8243;][vc_column_text css=\u00bb.vc_custom_1582565006418{background-color: #1d70b8 !important;}\u00bb] Acci\u00f3n &#8230; <\/p>\n","protected":false},"author":1,"featured_media":0,"parent":3918,"menu_order":0,"comment_status":"closed","ping_status":"closed","template":"","meta":{"footnotes":""},"class_list":["post-2880","page","type-page","status-publish","hentry"],"_links":{"self":[{"href":"https:\/\/gen4.focolare.org\/es\/wp-json\/wp\/v2\/pages\/2880","targetHints":{"allow":["GET"]}}],"collection":[{"href":"https:\/\/gen4.focolare.org\/es\/wp-json\/wp\/v2\/pages"}],"about":[{"href":"https:\/\/gen4.focolare.org\/es\/wp-json\/wp\/v2\/types\/page"}],"author":[{"embeddable":true,"href":"https:\/\/gen4.focolare.org\/es\/wp-json\/wp\/v2\/users\/1"}],"replies":[{"embeddable":true,"href":"https:\/\/gen4.focolare.org\/es\/wp-json\/wp\/v2\/comments?post=2880"}],"version-history":[{"count":15,"href":"https:\/\/gen4.focolare.org\/es\/wp-json\/wp\/v2\/pages\/2880\/revisions"}],"predecessor-version":[{"id":12127,"href":"https:\/\/gen4.focolare.org\/es\/wp-json\/wp\/v2\/pages\/2880\/revisions\/12127"}],"up":[{"embeddable":true,"href":"https:\/\/gen4.focolare.org\/es\/wp-json\/wp\/v2\/pages\/3918"}],"wp:attachment":[{"href":"https:\/\/gen4.focolare.org\/es\/wp-json\/wp\/v2\/media?parent=2880"}],"curies":[{"name":"wp","href":"https:\/\/api.w.org\/{rel}","templated":true}]}}