{"id":3814,"date":"2019-05-06T08:30:55","date_gmt":"2019-05-06T06:30:55","guid":{"rendered":"http:\/\/gen4.focolare.org\/?page_id=3814"},"modified":"2025-06-20T12:22:30","modified_gmt":"2025-06-20T10:22:30","slug":"palabra-de-vida","status":"publish","type":"page","link":"https:\/\/gen4.focolare.org\/es\/palabra-de-vida\/","title":{"rendered":"palabra de vida"},"content":{"rendered":"<div class=\"wpb-content-wrapper\"><p>[vc_row full_width=\u00bbstretch_row\u00bb content_placement=\u00bbmiddle\u00bb css=\u00bb.vc_custom_1559339456463{background-image: url(http:\/\/gen4.focolare.org\/wp-content\/uploads\/2019\/05\/background_gen4_blue.png?id=1749) !important;}\u00bb][vc_column width=\u00bb1\/4&#8243;][vc_column_text css=\u00bb.vc_custom_1578832466994{background-color: #e94e1b !important;}\u00bb]<\/p>\n<h1 style=\"text-align: center;\"><span style=\"color: #ffffff;\">palabra de vida<br \/>\n<\/span><\/h1>\n<p>[\/vc_column_text][\/vc_column][vc_column width=\u00bb3\/4&#8243; full_width=\u00bb\u00bb gap=\u00bb0&#8243; full_height=\u00bb\u00bb columns_placement=\u00bbmiddle\u00bb equal_height=\u00bb\u00bb rtl_reverse=\u00bb\u00bb content_placement=\u00bb\u00bb disable_element=\u00bb\u00bb][\/vc_column][\/vc_row][vc_row css=\u00bb.vc_custom_1559336065333{padding-top: 30px !important;}\u00bb][vc_column width=\u00bb1\/3&#8243;][vc_column_text]<\/p>\n<p><span style=\"color: #1d6eb6;\"><b>\u201cVivir la Palabra\u201d<\/b><\/span> <span style=\"font-weight: 400;\">se adapta muy bien en el proceso de formaci\u00f3n gen4, que no es solo una simple transmisi\u00f3n te\u00f3rica de contenidos, sino experimentaci\u00f3n concreta de valores, intercambio de experiencias que apoyan y enriquecen la reflexi\u00f3n. <\/span><\/p>\n<p><span style=\"font-weight: 400;\">La Palabra de Vida es una pr\u00e1ctica que se ha difundido desde el inicio del Movimiento de los Focolares: cada mes, se profundiza una frase de la Biblia para vivir en comuni\u00f3n con toda la comunidad, <\/span><span style=\"color: #1d6eb6;\"><b>intercambiando experiencias vividas, para re-evangelizarnos, \u201cser otro Jes\u00fas en la tierra\u201d.<\/b><\/span><\/p>\n<p><span style=\"font-weight: 400;\">Es el mismo objetivo para adultos y ni\u00f1os.<\/span><\/p>\n<p>[\/vc_column_text][\/vc_column][vc_column width=\u00bb1\/3&#8243;][vc_column_text]<\/p>\n<p><span style=\"color: #1d6eb6;\"><b><i>\u201cQueridos\u00a0 gen4, vivan la Palabra de Vida y los dem\u00e1s ver\u00e1n en ustedes a otro Jes\u00fas\u201d.<\/i><\/b><\/span><span style=\"font-weight: 400;\"> (C.Lubich, en <\/span><i><span style=\"font-weight: 400;\">Gen4,<\/span><\/i><span style=\"font-weight: 400;\"> n. 1-2 enero-febrero 1987, p.5) <\/span><\/p>\n<p><span style=\"font-weight: 400;\">Para ayudar a los ni\u00f1os a vivir el Evangelio en la vida\u00a0 cotidiana y a acoger con el coraz\u00f3n las frases de la Escritura, se les propone la\u00a0 Palabra de Vida enriquecida con dibujos y con una experiencia ilustrada. <\/span><\/p>\n<p><span style=\"color: #1d6eb6;\"><b>Son peque\u00f1os\u00a0 hechos que, por\u00a0 su inmediatez y simplicidad, pueden\u00a0 ayudar incluso a los adultos a entender\u00a0 como traducir en vida las Palabras del Evangelio<\/b><\/span><span style=\"font-weight: 400;\"><span style=\"color: #1d6eb6;\">\u00a0<\/span> y ser\u00a0 aporte para la nueva evangelizaci\u00f3n.<\/span><\/p>\n<p>[\/vc_column_text][\/vc_column][vc_column width=\u00bb1\/3&#8243;]<div id=\"cz_21971\" class=\"cz_21971 cz_video_popup clr cz_video_popup_c\"><div><div class=\"cz_vp_c\"><a href=\"https:\/\/vimeo.com\/376865256\"><img decoding=\"async\" width=\"1830\" height=\"1136\" src=\"https:\/\/gen4.focolare.org\/wp-content\/uploads\/2020\/01\/PdiVita-Imag2019PNG.png\" class=\"attachment-full\" alt=\"PdiVita Imag2019PNG\" srcset=\"https:\/\/gen4.focolare.org\/wp-content\/uploads\/2020\/01\/PdiVita-Imag2019PNG.png 1830w, https:\/\/gen4.focolare.org\/wp-content\/uploads\/2020\/01\/PdiVita-Imag2019PNG-300x186.png 300w, https:\/\/gen4.focolare.org\/wp-content\/uploads\/2020\/01\/PdiVita-Imag2019PNG-1024x636.png 1024w, https:\/\/gen4.focolare.org\/wp-content\/uploads\/2020\/01\/PdiVita-Imag2019PNG-768x477.png 768w, https:\/\/gen4.focolare.org\/wp-content\/uploads\/2020\/01\/PdiVita-Imag2019PNG-1536x953.png 1536w, https:\/\/gen4.focolare.org\/wp-content\/uploads\/2020\/01\/PdiVita-Imag2019PNG-600x372.png 600w\" sizes=\"auto, (max-width: 1830px) 100vw, 1830px\" loading=\"lazy\" \/><div class=\"cz_vp_inner\"><span><i class=\"fa fa-play\"><\/i><\/span><\/div><\/a><\/div><\/div><\/div>[\/vc_column][\/vc_row][vc_row css=\u00bb.vc_custom_1580914127711{padding-bottom: 30px !important;}\u00bb][vc_column css=\u00bb.vc_custom_1580922688511{margin-bottom: 0px !important;border-bottom-width: 0px !important;padding-bottom: 0px !important;}\u00bb][vc_separator color=\u00bbblue\u00bb style=\u00bbdashed\u00bb css=\u00bb.vc_custom_1580922825648{margin-bottom: 0px !important;border-bottom-width: 0px !important;padding-top: 0px !important;padding-bottom: 0px !important;}\u00bb][\/vc_column][\/vc_row][vc_row css=\u00bb.vc_custom_1580922560326{margin-top: 0px !important;border-top-width: 0px !important;padding-top: 0px !important;padding-bottom: 20px !important;}\u00bb][vc_column width=\u00bb2\/5&#8243;][vc_column_text css=\u00bb.vc_custom_1578832488041{margin-bottom: 0px !important;border-bottom-width: 0px !important;padding-bottom: 0px !important;}\u00bb]<\/p>\n<h2 style=\"text-align: left;\"><span style=\"color: #e94e1b;\">Palabra de Vida del Mes<br \/>\n<\/span><\/h2>\n<p>[\/vc_column_text][\/vc_column][vc_column width=\u00bb3\/5&#8243;][vc_column_text css=\u00bb.vc_custom_1578832503384{margin-bottom: 0px !important;border-bottom-width: 0px !important;padding-bottom: 0px !important;}\u00bb]<\/p>\n<h2 style=\"text-align: center;\"><span style=\"color: #e94e1b;\">Palabra de Vida en todos los idiomas<br \/>\n<\/span><\/h2>\n<p>[\/vc_column_text][\/vc_column][\/vc_row][vc_row css=\u00bb.vc_custom_1580922932035{margin-top: 0px !important;margin-bottom: 0px !important;border-top-width: 0px !important;border-bottom-width: 0px !important;padding-top: 0px !important;padding-bottom: 0px !important;}\u00bb][vc_column width=\u00bb2\/5&#8243; css=\u00bb.vc_custom_1580922977610{margin-top: 0px !important;margin-right: 15px !important;margin-bottom: 0px !important;border-top-width: 0px !important;border-right-width: 1px !important;border-bottom-width: 0px !important;padding-top: 0px !important;padding-right: 15px !important;padding-bottom: 0px !important;border-right-color: #0088cc !important;border-right-style: dashed !important;border-top-color: #0088cc !important;border-top-style: dashed !important;border-bottom-color: #0088cc !important;border-bottom-style: dashed !important;}\u00bb]<div id=\"cz_77398\" class=\"cz_77398\"><div class=\"cz_grid cz_grid_posts cz_grid_1 clr cz_grid_c1 cz_grid_l1 cz_grid_1_title_sub_after cz_grid_1_has_excerpt cz_grid_1_no_icon cz_grid_1_bot tal\" data-atts='{\"action\":\"cz_ajax_posts\",\"post_class\":\"cz_grid_item\",\"post__in\":null,\"author__in\":null,\"nonce\":\"a61189584e\",\"nonce_id\":\"cz_77398\",\"loadmore_end\":\"Not found more posts\",\"layout\":\"cz_grid_c1 cz_grid_l1\",\"hover\":\"cz_grid_1_title_sub_after cz_grid_1_has_excerpt cz_grid_1_no_icon\",\"image_size\":\"full\",\"subtitles\":\"%5B%7B%22t%22%3A%22date%22%7D%5D\",\"subtitle_pos\":\"\",\"icon\":\"fa fa-search\",\"el\":\"0\",\"title_lenght\":\"\",\"cat_tax\":\"wpdmcategory\",\"cat\":\"117\",\"cat_exclude\":\"\",\"tag_tax\":\"wpdmcategory\",\"tag_id\":\"233\",\"tag_exclude\":\"\",\"post_type\":\"wpdmpro\",\"posts_per_page\":\"1\",\"order\":\"DESC\",\"orderby\":\"date\",\"tilt_data\":null,\"svg_sizes\":[\"0\",\"0\"],\"img_fx\":\"\",\"custom_size\":\"full\",\"excerpt_rm\":false,\"title_tag\":\"h3\",\"s\":\"\"}'><div class=\"cz_grid_item cz_grid_first\"><\/div><div data-id=\"23383\" class=\"cz_grid_item  cz_posts_list_even 23383 post-23383 wpdmpro type-wpdmpro status-publish has-post-thumbnail hentry wpdmcategory-_pp wpdmcategory-espanol\"><div class=\"clr\"><a class=\"cz_grid_link\" href=\"https:\/\/gen4.focolare.org\/es\/download\/pdv-04-2026-es\/\" title=\"PdV 04 2026 | ES\"><img decoding=\"async\" width=\"2560\" height=\"1811\" src=\"https:\/\/gen4.focolare.org\/wp-content\/uploads\/2025\/12\/Pdv_202604_es_Color-scaled.jpg\" class=\"attachment-full\" alt=\"Pdv 202604 es Color\" title=\"Pdv_202604_es_Color\" srcset=\"https:\/\/gen4.focolare.org\/wp-content\/uploads\/2025\/12\/Pdv_202604_es_Color-scaled.jpg 2560w, https:\/\/gen4.focolare.org\/wp-content\/uploads\/2025\/12\/Pdv_202604_es_Color-300x212.jpg 300w, https:\/\/gen4.focolare.org\/wp-content\/uploads\/2025\/12\/Pdv_202604_es_Color-1024x724.jpg 1024w, https:\/\/gen4.focolare.org\/wp-content\/uploads\/2025\/12\/Pdv_202604_es_Color-768x543.jpg 768w, https:\/\/gen4.focolare.org\/wp-content\/uploads\/2025\/12\/Pdv_202604_es_Color-1536x1086.jpg 1536w, https:\/\/gen4.focolare.org\/wp-content\/uploads\/2025\/12\/Pdv_202604_es_Color-2048x1448.jpg 2048w, https:\/\/gen4.focolare.org\/wp-content\/uploads\/2025\/12\/Pdv_202604_es_Color-600x424.jpg 600w, https:\/\/gen4.focolare.org\/wp-content\/uploads\/2025\/12\/Pdv_202604_es_Color-1320x934.jpg 1320w\" sizes=\"auto, (max-width: 2560px) 100vw, 2560px\" loading=\"lazy\" \/><div class=\"cz_grid_details\"><i class=\"fa fa-search cz_grid_icon\"><\/i><\/div><\/a><div class=\"cz_grid_details cz_grid_details_outside\"><a class=\"cz_grid_title\" href=\"https:\/\/gen4.focolare.org\/es\/download\/pdv-04-2026-es\/\"><h3 class=\"cz_grid_post_title\">PdV 04 2026 | ES<\/h3><\/a><small class=\"clr\"><span class=\"cz_post_data cz_data_date\"><a href=\"https:\/\/gen4.focolare.org\/es\/download\/pdv-04-2026-es\/\">16 de diciembre de 2025<\/a><\/span><\/small><div class=\"cz_post_excerpt\">Palabra de Vida Gen4, abril 2026 Si nos queremos, Jes\u00fas se queda con nosotros \u00abQu\u00e9date con nosotros, porque atardece\u00bb (Lc 24,29). Abril 2026 \u2013 de la liturgia del domingo 19 de abril, III semana del Tiempo de Pascua ...<\/div><\/div><\/div><\/div><\/div><\/div>[\/vc_column][vc_column width=\u00bb1\/5&#8243;][vc_btn title=\u00bbCATAL\u00c0\u00bb style=\u00bbflat\u00bb shape=\u00bbround\u00bb color=\u00bbprimary\u00bb size=\u00bbsm\u00bb align=\u00bbcenter\u00bb button_block=\u00bbtrue\u00bb css=\u00bb.vc_custom_1568885772728{margin-right: 10px !important;margin-left: 10px !important;}\u00bb link=\u00bburl:http%3A%2F%2Fgen4.focolare.org%2Fparola-di-vita%2Fcatala%2F|title:Catal%C3%A0||\u00bb][vc_btn title=\u00bbESPA\u00d1OL\u00bb style=\u00bbflat\u00bb shape=\u00bbround\u00bb color=\u00bbprimary\u00bb size=\u00bbsm\u00bb align=\u00bbcenter\u00bb button_block=\u00bbtrue\u00bb css=\u00bb.vc_custom_1568886366163{margin-right: 10px !important;margin-left: 10px !important;}\u00bb link=\u00bburl:http%3A%2F%2Fgen4.focolare.org%2Fparola-di-vita%2Fespanol%2F|title:Espa%C3%B1ol||\u00bb][vc_btn title=\u00bbITALIANO\u00bb style=\u00bbflat\u00bb shape=\u00bbround\u00bb color=\u00bbprimary\u00bb size=\u00bbsm\u00bb align=\u00bbcenter\u00bb button_block=\u00bbtrue\u00bb css=\u00bb.vc_custom_1568886884768{margin-right: 10px !important;margin-left: 10px !important;}\u00bb link=\u00bburl:http%3A%2F%2Fgen4.focolare.org%2Fparola-di-vita%2Fitaliano%2F|title:Italiano||\u00bb][vc_btn title=\u00bbHRVATSKI\u00bb style=\u00bbflat\u00bb shape=\u00bbround\u00bb color=\u00bbprimary\u00bb size=\u00bbsm\u00bb align=\u00bbcenter\u00bb button_block=\u00bbtrue\u00bb css=\u00bb.vc_custom_1568886783784{margin-right: 10px !important;margin-left: 10px !important;}\u00bb link=\u00bburl:http%3A%2F%2Fgen4.focolare.org%2Fparola-di-vita%2Fhrvatski%2F|title:Hrvatski||\u00bb][vc_btn title=\u00bbPORTUGU\u00caS (BRASIL)\u00bb style=\u00bbflat\u00bb shape=\u00bbround\u00bb color=\u00bbprimary\u00bb size=\u00bbsm\u00bb align=\u00bbcenter\u00bb button_block=\u00bbtrue\u00bb css=\u00bb.vc_custom_1580806989869{margin-right: 10px !important;margin-left: 10px !important;}\u00bb link=\u00bburl:http%3A%2F%2Fgen4.focolare.org%2Fparola-di-vita%2Fportugues-brasil%2F|title:Portugu%C3%AAs%20(Brasil)||\u00bb][vc_btn title=\u00bb\u0423\u043a\u0440\u0430\u0457\u043d\u0441\u044c\u043a\u0430 (Ucraino)\u00bb style=\u00bbflat\u00bb shape=\u00bbround\u00bb color=\u00bbprimary\u00bb size=\u00bbsm\u00bb align=\u00bbcenter\u00bb button_block=\u00bbtrue\u00bb css=\u00bb.vc_custom_1625057398108{margin-right: 10px !important;margin-left: 10px !important;}\u00bb link=\u00bburl:https%3A%2F%2Fgen4.focolare.org%2Fparola-di-vita%2F%25d1%2583%25d0%25ba%25d1%2580%25d0%25b0%25d1%2597%25d0%25bd%25d1%2581%25d1%258c%25d0%25ba%25d0%25b0-ucraina%2F|title:Ucraino\u00bb][vc_btn title=\u00bb\u0627\u0644\u0639\u0631\u0628\u064a\u0629 (ARABIC)\u00bb style=\u00bbflat\u00bb shape=\u00bbround\u00bb color=\u00bbprimary\u00bb size=\u00bbsm\u00bb align=\u00bbcenter\u00bb button_block=\u00bbtrue\u00bb css=\u00bb.vc_custom_1568886463845{margin-right: 10px !important;margin-left: 10px !important;}\u00bb link=\u00bburl:http%3A%2F%2Fgen4.focolare.org%2Fparola-di-vita%2F%25d8%25a7%25d9%2584%25d8%25b9%25d8%25b1%25d8%25a8%25d9%258a%25d8%25a9-arabic%2F|title:%D8%A7%D9%84%D8%B9%D8%B1%D8%A8%D9%8A%D8%A9%20(Arabic)||\u00bb][\/vc_column][vc_column width=\u00bb1\/5&#8243;][vc_btn title=\u00bbDEUTSCH\u00bb style=\u00bbflat\u00bb shape=\u00bbround\u00bb color=\u00bbprimary\u00bb size=\u00bbsm\u00bb align=\u00bbcenter\u00bb button_block=\u00bbtrue\u00bb css=\u00bb.vc_custom_1568885745699{margin-right: 10px !important;margin-left: 10px !important;}\u00bb link=\u00bburl:http%3A%2F%2Fgen4.focolare.org%2Fparola-di-vita%2Fdeutsch%2F|title:Deutsch||\u00bb][vc_btn title=\u00bbFRAN\u00c7AIS\u00bb style=\u00bbflat\u00bb shape=\u00bbround\u00bb color=\u00bbprimary\u00bb size=\u00bbsm\u00bb align=\u00bbcenter\u00bb button_block=\u00bbtrue\u00bb css=\u00bb.vc_custom_1568886393055{margin-right: 10px !important;margin-left: 10px !important;}\u00bb link=\u00bburl:http%3A%2F%2Fgen4.focolare.org%2Fparola-di-vita%2Ffrancais%2F|title:Fran%C3%A7ais||\u00bb][vc_btn title=\u00bbLIETUVOS\u00bb style=\u00bbflat\u00bb shape=\u00bbround\u00bb color=\u00bbprimary\u00bb size=\u00bbsm\u00bb align=\u00bbcenter\u00bb button_block=\u00bbtrue\u00bb css=\u00bb.vc_custom_1568886839880{margin-right: 10px !important;margin-left: 10px !important;}\u00bb link=\u00bburl:http%3A%2F%2Fgen4.focolare.org%2Fparola-di-vita%2Flietuvos%2F|title:Lietuvos||\u00bb][vc_btn title=\u00bbNEDERLANDS\u00bb style=\u00bbflat\u00bb shape=\u00bbround\u00bb color=\u00bbprimary\u00bb size=\u00bbsm\u00bb align=\u00bbcenter\u00bb button_block=\u00bbtrue\u00bb css=\u00bb.vc_custom_1568886750651{margin-right: 10px !important;margin-left: 10px !important;}\u00bb link=\u00bburl:http%3A%2F%2Fgen4.focolare.org%2Fparola-di-vita%2Fnederlands%2F|title:Nederlands||\u00bb][vc_btn title=\u00bbPORTUGU\u00caS (PORTUGAL)\u00bb style=\u00bbflat\u00bb shape=\u00bbround\u00bb color=\u00bbprimary\u00bb size=\u00bbsm\u00bb align=\u00bbcenter\u00bb button_block=\u00bbtrue\u00bb css=\u00bb.vc_custom_1580807039105{margin-right: 10px !important;margin-left: 10px !important;}\u00bb link=\u00bburl:http%3A%2F%2Fgen4.focolare.org%2Fparola-di-vita%2Fportugues-portugal%2F|title:Portugu%C3%AAs%20(Portugal)||\u00bb][vc_btn title=\u00bbCP\u041fC\u041a\u0418 (SERBIAN)\u00bb style=\u00bbflat\u00bb shape=\u00bbround\u00bb color=\u00bbprimary\u00bb size=\u00bbsm\u00bb align=\u00bbcenter\u00bb button_block=\u00bbtrue\u00bb css=\u00bb.vc_custom_1568886517115{margin-right: 10px !important;margin-left: 10px !important;}\u00bb link=\u00bburl:http%3A%2F%2Fgen4.focolare.org%2Fparola-di-vita%2Fcp%25d0%25bfc%25d0%25ba%25d0%25b8-serbian%2F|title:cp%D0%BFc%D0%BA%D0%B8%20(Serbian)||\u00bb][vc_btn title=\u00bb\u0627\u0631\u062f\u0648 (URDU)\u00bb style=\u00bbflat\u00bb shape=\u00bbround\u00bb color=\u00bbprimary\u00bb size=\u00bbsm\u00bb align=\u00bbcenter\u00bb button_block=\u00bbtrue\u00bb css=\u00bb.vc_custom_1579790276989{margin-right: 10px !important;margin-left: 10px !important;}\u00bb link=\u00bburl:http%3A%2F%2Fgen4.focolare.org%2Fparola-di-vita%2F%25d8%25a7%25d8%25b1%25d8%25af%25d9%2588-urdu%2F|title:%D8%A7%D8%B1%D8%AF%D9%88%20(Urdu)||\u00bb][\/vc_column][vc_column width=\u00bb1\/5&#8243;][vc_btn title=\u00bbENGLISH\u00bb style=\u00bbflat\u00bb shape=\u00bbround\u00bb color=\u00bbprimary\u00bb size=\u00bbsm\u00bb align=\u00bbcenter\u00bb button_block=\u00bbtrue\u00bb css=\u00bb.vc_custom_1579789644540{margin-right: 10px !important;margin-left: 10px !important;}\u00bb link=\u00bburl:http%3A%2F%2Fgen4.focolare.org%2Fparola-di-vita%2Fenglish%2F|title:English||\u00bb][vc_btn title=\u00bb\ud55c\uad6d\uc5b4 (KOREAN)\u00bb style=\u00bbflat\u00bb shape=\u00bbround\u00bb color=\u00bbprimary\u00bb size=\u00bbsm\u00bb align=\u00bbcenter\u00bb button_block=\u00bbtrue\u00bb css=\u00bb.vc_custom_1586858892142{margin-right: 10px !important;margin-left: 10px !important;}\u00bb link=\u00bburl:https%3A%2F%2Fgen4.focolare.org%2Fparola-di-vita%2F%25ed%2595%259c%25ea%25b5%25ad%25ec%2596%25b4-korean%2F|title:%ED%95%9C%EA%B5%AD%EC%96%B4%20(Korean)||\u00bb][vc_btn title=\u00bbMAGYAR\u00bb style=\u00bbflat\u00bb shape=\u00bbround\u00bb color=\u00bbprimary\u00bb size=\u00bbsm\u00bb align=\u00bbcenter\u00bb button_block=\u00bbtrue\u00bb css=\u00bb.vc_custom_1568886807383{margin-right: 10px !important;margin-left: 10px !important;}\u00bb link=\u00bburl:http%3A%2F%2Fgen4.focolare.org%2Fparola-di-vita%2Fmagyar%2F|title:Magyar||\u00bb][vc_btn title=\u00bbPOLSKI\u00bb style=\u00bbflat\u00bb shape=\u00bbround\u00bb color=\u00bbprimary\u00bb size=\u00bbsm\u00bb align=\u00bbcenter\u00bb button_block=\u00bbtrue\u00bb css=\u00bb.vc_custom_1579789680212{margin-right: 10px !important;margin-left: 10px !important;}\u00bb link=\u00bburl:http%3A%2F%2Fgen4.focolare.org%2Fparola-di-vita%2Fpolski%2F|title:Polski||\u00bb][vc_btn title=\u00bb\u0420\u0423\u0421\u0421\u041a\u0418\u0419 (RUSSIAN)\u00bb style=\u00bbflat\u00bb shape=\u00bbround\u00bb color=\u00bbprimary\u00bb size=\u00bbsm\u00bb align=\u00bbcenter\u00bb button_block=\u00bbtrue\u00bb css=\u00bb.vc_custom_1568886632851{margin-right: 10px !important;margin-left: 10px !important;}\u00bb link=\u00bburl:http%3A%2F%2Fgen4.focolare.org%2Fparola-di-vita%2F%25d1%2580%25d1%2583%25d1%2581%25d1%2581%25d0%25ba%25d0%25b8%25d0%25b9-russian%2F|title:%D0%A0%D1%83%D1%81%D1%81%D0%BA%D0%B8%D0%B9%20(Russian)||\u00bb][vc_btn title=\u00bb\u6c49 \u6f22 (CHINESE)\u00bb style=\u00bbflat\u00bb shape=\u00bbround\u00bb color=\u00bbprimary\u00bb size=\u00bbsm\u00bb align=\u00bbcenter\u00bb button_block=\u00bbtrue\u00bb css=\u00bb.vc_custom_1568886489015{margin-right: 10px !important;margin-left: 10px !important;}\u00bb link=\u00bburl:http%3A%2F%2Fgen4.focolare.org%2Fparola-di-vita%2F%25e6%25b1%2589-%25e6%25bc%25a2-chinese%2F|title:%E6%B1%89%20%E6%BC%A2%20(Chinese)||\u00bb][vc_btn title=\u00bb\u65e5\u672c\u8a9e (JAPANESE)\u00bb style=\u00bbflat\u00bb shape=\u00bbround\u00bb color=\u00bbprimary\u00bb size=\u00bbsm\u00bb align=\u00bbcenter\u00bb button_block=\u00bbtrue\u00bb css=\u00bb.vc_custom_1568886415534{margin-right: 10px !important;margin-left: 10px !important;}\u00bb link=\u00bburl:http%3A%2F%2Fgen4.focolare.org%2Fparola-di-vita%2F%25e6%2597%25a5%25e6%259c%25ac%25e8%25aa%259e-japanese%2F|title:%E6%97%A5%E6%9C%AC%E8%AA%9E%20(Japanese)||\u00bb][\/vc_column][\/vc_row]<\/p>\n<\/div>","protected":false},"excerpt":{"rendered":"<p>[vc_row full_width=\u00bbstretch_row\u00bb content_placement=\u00bbmiddle\u00bb css=\u00bb.vc_custom_1559339456463{background-image: url(http:\/\/gen4.focolare.org\/wp-content\/uploads\/2019\/05\/background_gen4_blue.png?id=1749) !important;}\u00bb][vc_column width=\u00bb1\/4&#8243;][vc_column_text css=\u00bb.vc_custom_1578832466994{background-color: #e94e1b !important;}\u00bb] palabra &#8230; <\/p>\n","protected":false},"author":1,"featured_media":0,"parent":0,"menu_order":0,"comment_status":"closed","ping_status":"closed","template":"","meta":{"footnotes":""},"class_list":["post-3814","page","type-page","status-publish","hentry"],"_links":{"self":[{"href":"https:\/\/gen4.focolare.org\/es\/wp-json\/wp\/v2\/pages\/3814","targetHints":{"allow":["GET"]}}],"collection":[{"href":"https:\/\/gen4.focolare.org\/es\/wp-json\/wp\/v2\/pages"}],"about":[{"href":"https:\/\/gen4.focolare.org\/es\/wp-json\/wp\/v2\/types\/page"}],"author":[{"embeddable":true,"href":"https:\/\/gen4.focolare.org\/es\/wp-json\/wp\/v2\/users\/1"}],"replies":[{"embeddable":true,"href":"https:\/\/gen4.focolare.org\/es\/wp-json\/wp\/v2\/comments?post=3814"}],"version-history":[{"count":36,"href":"https:\/\/gen4.focolare.org\/es\/wp-json\/wp\/v2\/pages\/3814\/revisions"}],"predecessor-version":[{"id":22592,"href":"https:\/\/gen4.focolare.org\/es\/wp-json\/wp\/v2\/pages\/3814\/revisions\/22592"}],"wp:attachment":[{"href":"https:\/\/gen4.focolare.org\/es\/wp-json\/wp\/v2\/media?parent=3814"}],"curies":[{"name":"wp","href":"https:\/\/api.w.org\/{rel}","templated":true}]}}