{"id":3889,"date":"2019-05-06T08:31:27","date_gmt":"2019-05-06T06:31:27","guid":{"rendered":"http:\/\/gen4.focolare.org\/?page_id=3889"},"modified":"2021-09-16T12:03:56","modified_gmt":"2021-09-16T10:03:56","slug":"contactos","status":"publish","type":"page","link":"https:\/\/gen4.focolare.org\/es\/contactos\/","title":{"rendered":"contactos"},"content":{"rendered":"<div class=\"wpb-content-wrapper\"><p>[vc_row full_width=\u00bbstretch_row\u00bb content_placement=\u00bbmiddle\u00bb css=\u00bb.vc_custom_1559340256912{background-image: url(http:\/\/gen4.focolare.org\/wp-content\/uploads\/2019\/05\/background_gen4_grey-1.png?id=1750) !important;}\u00bb][vc_column width=\u00bb1\/4&#8243;][vc_column_text css=\u00bb.vc_custom_1578840962464{background-color: #e94e1b !important;}\u00bb]<\/p>\n<h1 style=\"text-align: center;\"><span style=\"color: #ffffff;\">contactos<\/span><\/h1>\n<p>[\/vc_column_text][\/vc_column][vc_column width=\u00bb3\/4&#8243; full_width=\u00bb\u00bb gap=\u00bb0&#8243; full_height=\u00bb\u00bb columns_placement=\u00bbmiddle\u00bb equal_height=\u00bb\u00bb rtl_reverse=\u00bb\u00bb content_placement=\u00bb\u00bb disable_element=\u00bb\u00bb][\/vc_column][\/vc_row][vc_row][vc_column width=\u00bb1\/2&#8243;][vc_single_image image=\u00bb2176&#8243; img_size=\u00bbfull\u00bb][vc_column_text]<\/p>\n<p>En est\u00e1s p\u00e1ginas hemos tratado de esbozar la importancia y la centralidad que los ni\u00f1os tienen en el Movimiento de los Focolares. Los temas son muchos y es dif\u00edcil resumirlos en pocas l\u00edneas.<\/p>\n<p>Si tienen preguntas, propuestas o inquietudes pueden llamarnos a nuestros contactos telef\u00f3nicos o mandarnos un mensaje via web.<\/p>\n<p>[\/vc_column_text][vc_column_text]<\/p>\n<p><strong>Movimiento de los Focolares<\/strong><\/p>\n<p>Via di Frascati, 306<br \/>\nRocca di Papa (RM)<br \/>\nItalia \u2013 00040<\/p>\n<p>Tel. +39 \/ 06 947 989<\/p>\n<p>[\/vc_column_text][\/vc_column][vc_column width=\u00bb1\/2&#8243; css=\u00bb.vc_custom_1559379072327{padding-top: 20px !important;}\u00bb][vc_raw_html]JTVCZm9ybSUyMGlkJTNEJTIyOTM3MSUyMiUyMCUyRiU1RA==[\/vc_raw_html][\/vc_column][\/vc_row]<\/p>\n<\/div>","protected":false},"excerpt":{"rendered":"<p>[vc_row full_width=\u00bbstretch_row\u00bb content_placement=\u00bbmiddle\u00bb css=\u00bb.vc_custom_1559340256912{background-image: url(http:\/\/gen4.focolare.org\/wp-content\/uploads\/2019\/05\/background_gen4_grey-1.png?id=1750) !important;}\u00bb][vc_column width=\u00bb1\/4&#8243;][vc_column_text css=\u00bb.vc_custom_1578840962464{background-color: #e94e1b !important;}\u00bb] contactos &#8230; <\/p>\n","protected":false},"author":1,"featured_media":0,"parent":0,"menu_order":0,"comment_status":"closed","ping_status":"closed","template":"","meta":{"footnotes":""},"class_list":["post-3889","page","type-page","status-publish","hentry"],"_links":{"self":[{"href":"https:\/\/gen4.focolare.org\/es\/wp-json\/wp\/v2\/pages\/3889","targetHints":{"allow":["GET"]}}],"collection":[{"href":"https:\/\/gen4.focolare.org\/es\/wp-json\/wp\/v2\/pages"}],"about":[{"href":"https:\/\/gen4.focolare.org\/es\/wp-json\/wp\/v2\/types\/page"}],"author":[{"embeddable":true,"href":"https:\/\/gen4.focolare.org\/es\/wp-json\/wp\/v2\/users\/1"}],"replies":[{"embeddable":true,"href":"https:\/\/gen4.focolare.org\/es\/wp-json\/wp\/v2\/comments?post=3889"}],"version-history":[{"count":7,"href":"https:\/\/gen4.focolare.org\/es\/wp-json\/wp\/v2\/pages\/3889\/revisions"}],"predecessor-version":[{"id":9403,"href":"https:\/\/gen4.focolare.org\/es\/wp-json\/wp\/v2\/pages\/3889\/revisions\/9403"}],"wp:attachment":[{"href":"https:\/\/gen4.focolare.org\/es\/wp-json\/wp\/v2\/media?parent=3889"}],"curies":[{"name":"wp","href":"https:\/\/api.w.org\/{rel}","templated":true}]}}