{"id":3897,"date":"2019-07-02T10:55:17","date_gmt":"2019-07-02T08:55:17","guid":{"rendered":"http:\/\/gen4.focolare.org\/?page_id=3897"},"modified":"2020-07-29T08:54:34","modified_gmt":"2020-07-29T06:54:34","slug":"la-cultura-del-dar-y-del-compartir","status":"publish","type":"page","link":"https:\/\/gen4.focolare.org\/es\/como-vivimos\/la-cultura-del-dar-y-del-compartir\/","title":{"rendered":"La \u201ccultura del dar y del compartir\u201d"},"content":{"rendered":"<div class=\"wpb-content-wrapper\"><p>[vc_row full_width=\u00bbstretch_row\u00bb content_placement=\u00bbmiddle\u00bb css=\u00bb.vc_custom_1559339648223{background-image: url(http:\/\/gen4.focolare.org\/wp-content\/uploads\/2019\/05\/background_gen4_yellow.png?id=1748) !important;}\u00bb][vc_column width=\u00bb1\/2&#8243;][vc_column_text css=\u00bb.vc_custom_1578845140123{background-color: #1d70b8 !important;}\u00bb]<\/p>\n<h1 style=\"text-align: center;\"><span style=\"color: #ffffff;\">La \u201ccultura del dar y del compartir\u201d<br \/>\n<\/span><\/h1>\n<p>[\/vc_column_text][\/vc_column][vc_column width=\u00bb1\/2&#8243; full_width=\u00bb\u00bb gap=\u00bb0&#8243; full_height=\u00bb\u00bb columns_placement=\u00bbmiddle\u00bb equal_height=\u00bb\u00bb rtl_reverse=\u00bb\u00bb content_placement=\u00bb\u00bb disable_element=\u00bb\u00bb][\/vc_column][\/vc_row][vc_row full_width=\u00bbstretch_row_content\u00bb css=\u00bb.vc_custom_1559343721436{padding-top: 30px !important;}\u00bb][vc_column][vc_single_image image=\u00bb2192&#8243; img_size=\u00bbfull\u00bb][\/vc_column][\/vc_row][vc_row][vc_column width=\u00bb1\/3&#8243; css=\u00bb.vc_custom_1559343880508{padding-bottom: 20px !important;}\u00bb][vc_column_text]<span style=\"color: #1d70b8;\"><b><i>\u201cLa gratuidad es fundamental en la vida. Incluso, puede convertirse en un verdadero\u00a0 arte.<\/i><\/b><b> Cuando el arte de la gratuidad se aprende desde la infancia es m\u00e1s f\u00e1cil que se convierta en cultura,<\/b><b><i> cultura del dar, por lo tanto, podemos comenzar a esperar un mundo m\u00e1s justo, de paz, de comuni\u00f3n\u201d<\/i><\/b><\/span><span style=\"font-weight: 400;\"> (L. Bruni, in C.Heinsdorff \u2013 M.Bolkart, <\/span><i><span style=\"font-weight: 400;\">La felicit\u00e0 di dare<\/span><\/i><span style=\"font-weight: 400;\">, Citt\u00e0 Nuova, Roma, 2005, quarta di copertina).<\/span><\/p>\n<p><span style=\"font-weight: 400;\">El recorrido de formaci\u00f3n gen4, dentro de las comunidades del Movimiento de los Focolares, contiene elementos que pueden facilitar la adquisici\u00f3n de estos valores.<\/span><\/p>\n<p><span style=\"font-weight: 400;\">Sentirse parte de una numerosa familia de dimensi\u00f3n planetaria ayuda al ni\u00f1o a tomar consciencia del otro, que ya no ser\u00e1 un \u201cdesconocido\u201d, sino un hermano.<\/span><\/p>\n<p><span style=\"font-weight: 400;\">A medida que el gen4 experimenta, en primera persona, la belleza de<\/span><b><span style=\"color: #1d70b8;\"> ser amado de manera\u00a0 \u201cgratuita\u201d y desinteresadamente, descubre la alegr\u00eda y la posibilidad de compartir lo que tiene no solo con sus amigos sino con todos.<\/span><\/b>[\/vc_column_text][\/vc_column][vc_column width=\u00bb1\/3&#8243;][vc_column_text]<\/p>\n<p><span style=\"font-weight: 400;\">Es la experiencia hecha por Chiara Lubich desde el inicio del Movimiento: desde el descubrimiento de Dios Amor hasta vivir la comuni\u00f3n de bienes, como los primeros cristianos, donde, por el amor rec\u00edproco vivido, ninguno de ellos ten\u00eda necesidades.<\/span><\/p>\n<p><span style=\"color: #1d70b8;\"><b>\u00bfCon qui\u00e9n compartir y qu\u00e9 cosas?<\/b><\/span><\/p>\n<p><span style=\"font-weight: 400;\">Respondiendo a la pregunta de una gen4 de Corea<\/span><i><span style=\"font-weight: 400;\"> (\u00abChiara, t\u00fa nos ense\u00f1as a dar siempre, sin quedarnos con nada. Yo no tengo muchas cosas para dar. \u00bfC\u00f3mo puedo hacer?)<\/span><\/i><span style=\"font-weight: 400;\">,<\/span> <span style=\"font-weight: 400;\">Chiara Lubich amplia enormemente el horizonte del \u201cdar\u201d.<\/span><span style=\"color: #1d70b8;\"><b><i> No existe nadie que no tenga algo que dar: una ayuda, una sonrisa, escuchar, la alegr\u00eda, compartir el refrigerio \u2026<\/i><\/b><\/span><\/p>\n<p><span style=\"font-weight: 400;\">La\u00a0 \u201ccultura \u00a0 del dar y \u00a0 del compartir\u201d,\u00a0 que quiere ser \u00a0 el estilo de vida\u00a0 gen4, consiste en dar\u00a0 a los m\u00e1s necesitados no\u00a0 solo en un sentido material,\u00a0 <\/span><span style=\"color: #1d70b8;\"><b>sino \u00a0 tambi\u00e9n \u00a0 valorar todo \u00a0 lo que tenemos\u00a0 como \u201cregalo\u201d, la\u00a0 \u201criqueza personal\u201d en\u00a0 \u00a0 t\u00e9rminos de talento, conocimiento,\u00a0 \u00a0 capacidad de ayudar a cualquier \u00a0 persona que pasa a nuestro lado.<\/b><\/span><\/p>\n<p>[\/vc_column_text][\/vc_column][vc_column width=\u00bb1\/3&#8243;][vc_column_text]<\/p>\n<p><span style=\"font-weight: 400;\">As\u00ed les escribi\u00f3 Chiara:<\/span><\/p>\n<h3><span style=\"color: #1d70b8;\">\u201cSi uno ama, da.\u00a0 Si el otro ama, da.\u00a0 Si todos nos amamos, todo se vuelve com\u00fan.\u00a0As\u00ed viven los Gen 4.\u201d<\/span><\/h3>\n<p><i><span style=\"font-weight: 400;\">(<\/span><\/i><span style=\"font-weight: 400;\"> C.Lubich, in <\/span><i><span style=\"font-weight: 400;\">Gen4,<\/span><\/i><span style=\"font-weight: 400;\"> n. 5-6 maggio-giugno 1985, p.4)<\/span><\/p>\n<h3><span style=\"color: #1d70b8;\">\u201cIntenta darle algo a Jes\u00fas en tus hermanos y recibir\u00e1s\u201d.<\/span><\/h3>\n<p><i><span style=\"font-weight: 400;\">(<\/span><\/i><span style=\"font-weight: 400;\"> C.Lubich, in <\/span><i><span style=\"font-weight: 400;\">Gen4,<\/span><\/i><span style=\"font-weight: 400;\"> n. 1 gennaio 1981, p.5<\/span><i><span style=\"font-weight: 400;\">)<\/span><\/i><\/p>\n<p>[\/vc_column_text][\/vc_column][\/vc_row][vc_row][vc_column][vc_column_text]<\/p>\n<h2><span style=\"color: #e94e1b;\">MATERIAL<\/span><\/h2>\n<p>[\/vc_column_text][vc_column_text]<\/p>\n<div class='w3eden wpdm_packages_shortcode'>\n    <div class=''>\n\n        \n        <div id=\"content_wpdm_package_1\">\n            <div class='row'><div class='col-lg-6 col-md-6 col-6'><div class=\"well c2a2\">\n<div class=\"media\">\n<div class=\"pull-left\" style=\"margin-right: 10px;\" align=\"left\">&nbsp;<\/div>\n<div class=\"media-body\">\n<h4 class=\"media-heading\" style=\"padding-top: 0px; border: 0px; margin: 0 0 5px 0; font-size: 15px;\"><span style=\"color: #1D70B8;\"><a style=\"font-weight: bold; color: #1D70B8;\" href=\"https:\/\/gen4.focolare.org\/es\/download\/dar-album-para-colorear\/\">DAR [ALBUM PARA COLOREAR]<\/a> <\/span><span style=\"margin-left: 30px; font-size: 8pt; font-weight: 300;\"> 15.82 MB<\/span><\/h4>\n<\/div>\n<\/div>\n<\/div><\/br><\/div><div class='col-lg-6 col-md-6 col-6'><div class=\"well c2a2\">\n<div class=\"media\">\n<div class=\"pull-left\" style=\"margin-right: 10px;\" align=\"left\">&nbsp;<\/div>\n<div class=\"media-body\">\n<h4 class=\"media-heading\" style=\"padding-top: 0px; border: 0px; margin: 0 0 5px 0; font-size: 15px;\"><span style=\"color: #1D70B8;\"><a style=\"font-weight: bold; color: #1D70B8;\" href=\"https:\/\/gen4.focolare.org\/es\/download\/la-cultura-del-dar-del-compartir-diseno\/\">La cultura del dar, del compartir [DISE\u00d1O]<\/a> <\/span><span style=\"margin-left: 30px; font-size: 8pt; font-weight: 300;\"> 65.22 MB<\/span><\/h4>\n<\/div>\n<\/div>\n<\/div><\/br><\/div><div class='col-lg-6 col-md-6 col-6'><div class=\"well c2a2\">\n<div class=\"media\">\n<div class=\"pull-left\" style=\"margin-right: 10px;\" align=\"left\">&nbsp;<\/div>\n<div class=\"media-body\">\n<h4 class=\"media-heading\" style=\"padding-top: 0px; border: 0px; margin: 0 0 5px 0; font-size: 15px;\"><span style=\"color: #1D70B8;\"><a style=\"font-weight: bold; color: #1D70B8;\" href=\"https:\/\/gen4.focolare.org\/es\/download\/dar-cancion\/\">Dar [CANCI\u00d3N]<\/a> <\/span><span style=\"margin-left: 30px; font-size: 8pt; font-weight: 300;\"> 6.75 MB<\/span><\/h4>\n<\/div>\n<\/div>\n<\/div><\/br><\/div><\/div>            <div style='clear:both'><\/div><div class='text-center'><ul class='pagination wpdm-pagination pagination-centered text-center'><\/ul><\/div><div style='clear:both'><\/div>        <\/div>\n\n        <div style='clear:both'><\/div>\n    <\/div>\n<\/div>\n\n<p>[\/vc_column_text][vc_column_text]<\/p>\n<h2><span style=\"color: #e94e1b;\">EXPERIENCIAS<\/span><\/h2>\n<p>[\/vc_column_text][vc_basic_grid post_type=\u00bbwpdmpro\u00bb max_items=\u00bb10&#8243; item=\u00bb1674&#8243; grid_id=\u00bbvc_gid:1596006036829-84dd771c-2e1b-5&#8243; taxonomies=\u00bb217&#8243;][\/vc_column][\/vc_row]<\/p>\n<\/div>","protected":false},"excerpt":{"rendered":"<p>[vc_row full_width=\u00bbstretch_row\u00bb content_placement=\u00bbmiddle\u00bb css=\u00bb.vc_custom_1559339648223{background-image: url(http:\/\/gen4.focolare.org\/wp-content\/uploads\/2019\/05\/background_gen4_yellow.png?id=1748) !important;}\u00bb][vc_column width=\u00bb1\/2&#8243;][vc_column_text css=\u00bb.vc_custom_1578845140123{background-color: #1d70b8 !important;}\u00bb] La &#8230; <\/p>\n","protected":false},"author":1,"featured_media":0,"parent":3918,"menu_order":0,"comment_status":"closed","ping_status":"closed","template":"","meta":{"footnotes":""},"class_list":["post-3897","page","type-page","status-publish","hentry"],"_links":{"self":[{"href":"https:\/\/gen4.focolare.org\/es\/wp-json\/wp\/v2\/pages\/3897","targetHints":{"allow":["GET"]}}],"collection":[{"href":"https:\/\/gen4.focolare.org\/es\/wp-json\/wp\/v2\/pages"}],"about":[{"href":"https:\/\/gen4.focolare.org\/es\/wp-json\/wp\/v2\/types\/page"}],"author":[{"embeddable":true,"href":"https:\/\/gen4.focolare.org\/es\/wp-json\/wp\/v2\/users\/1"}],"replies":[{"embeddable":true,"href":"https:\/\/gen4.focolare.org\/es\/wp-json\/wp\/v2\/comments?post=3897"}],"version-history":[{"count":6,"href":"https:\/\/gen4.focolare.org\/es\/wp-json\/wp\/v2\/pages\/3897\/revisions"}],"predecessor-version":[{"id":6669,"href":"https:\/\/gen4.focolare.org\/es\/wp-json\/wp\/v2\/pages\/3897\/revisions\/6669"}],"up":[{"embeddable":true,"href":"https:\/\/gen4.focolare.org\/es\/wp-json\/wp\/v2\/pages\/3918"}],"wp:attachment":[{"href":"https:\/\/gen4.focolare.org\/es\/wp-json\/wp\/v2\/media?parent=3897"}],"curies":[{"name":"wp","href":"https:\/\/api.w.org\/{rel}","templated":true}]}}