{"id":3905,"date":"2019-06-01T00:58:36","date_gmt":"2019-05-31T22:58:36","guid":{"rendered":"http:\/\/gen4.focolare.org\/?page_id=3905"},"modified":"2020-01-22T13:17:53","modified_gmt":"2020-01-22T12:17:53","slug":"el-arte-de-amar-y-el-dado","status":"publish","type":"page","link":"https:\/\/gen4.focolare.org\/es\/como-vivimos\/el-arte-de-amar-y-el-dado\/","title":{"rendered":"El arte de amar y \u201cel dado\u201d"},"content":{"rendered":"<div class=\"wpb-content-wrapper\"><p>[vc_row full_width=\u00bbstretch_row\u00bb content_placement=\u00bbmiddle\u00bb css=\u00bb.vc_custom_1559339648223{background-image: url(http:\/\/gen4.focolare.org\/wp-content\/uploads\/2019\/05\/background_gen4_yellow.png?id=1748) !important;}\u00bb][vc_column width=\u00bb2\/5&#8243;][vc_column_text css=\u00bb.vc_custom_1579695772176{background-color: #1d70b8 !important;}\u00bb]<\/p>\n<h1 style=\"text-align: center;\"><span style=\"color: #ffffff;\">El arte de amar y \u201cel dado\u201d<\/span><\/h1>\n<p>[\/vc_column_text][\/vc_column][vc_column width=\u00bb3\/5&#8243; full_width=\u00bb\u00bb gap=\u00bb0&#8243; full_height=\u00bb\u00bb columns_placement=\u00bbmiddle\u00bb equal_height=\u00bb\u00bb rtl_reverse=\u00bb\u00bb content_placement=\u00bb\u00bb disable_element=\u00bb\u00bb][\/vc_column][\/vc_row][vc_row full_width=\u00bbstretch_row_content\u00bb css=\u00bb.vc_custom_1559343721436{padding-top: 30px !important;}\u00bb][vc_column][vc_single_image image=\u00bb2188&#8243; img_size=\u00bbfull\u00bb][\/vc_column][\/vc_row][vc_row][vc_column width=\u00bb1\/3&#8243; css=\u00bb.vc_custom_1559343880508{padding-bottom: 20px !important;}\u00bb][vc_column_text]<\/p>\n<p><span style=\"font-weight: 400;\">Crecer de manera armoniosa quiere decir dar espacio a todas las dimensiones de la persona humana: la personal e interpersonal; la social y global; la espiritual. Las facetas del amor evang\u00e9lico<\/span><span style=\"color: #1d70b8;\"><b> (amar al otro como a uno mismo \u2013 amar a todos \u2013 amar el enemigo \u2013 amarse los unos a los otros \u2013 amar a Jes\u00fas en el otro &#8211; s<strong>er los primeros en amar<\/strong>),<\/b><span style=\"font-weight: 400;\"> definido por Chiara Lubich como el <\/span><b>\u201carte de amar\u201d<\/b><\/span><span style=\"font-weight: 400;\">, conducen a un crecimiento global de la persona en todas sus dimensiones.\u00a0<\/span><\/p>\n<p><span style=\"font-weight: 400;\">Esta ha sido la experiencia realizada dentro del Movimiento durante estos a\u00f1os, y no solo desde 1998, cuando Chiara Lubich, hablando del Arte de amar a los ni\u00f1os, <\/span><span style=\"color: #1d70b8;\"><b>les di\u00f3 un \u201ccubo\u201d<\/b><\/span><span style=\"font-weight: 400;\"><span style=\"color: #1d70b8;\">,<\/span> un dado especial, donde en cada cara hay una frase del amor evang\u00e9lico: desde entonces se lo conoce como \u201cDado del amor\u201d.<\/span><\/p>\n<p><span style=\"font-weight: 400;\">A partir de este simple <\/span><span style=\"color: #1d70b8;\"><b>\u201cjuego\u201d (tirar el \u201cdado\u201d todas las ma\u00f1anas, ver qu\u00e9 cara sale y tratar de vivir esa frase por todo el d\u00eda),<\/b><\/span><span style=\"font-weight: 400;\"> los ni\u00f1os de todas las latitudes se han dedicado con ejercicio diario y constante en llevar, all\u00ed donde se encuentran, el amor y la paz entre los amigos y la familia.<\/span><\/p>\n<p>[\/vc_column_text][\/vc_column][vc_column width=\u00bb1\/3&#8243;][vc_column_text]<\/p>\n<p><span style=\"font-weight: 400;\">El amor y la paz, s\u00ed, porque las frases evang\u00e9licas del Arte de amar son expresiones de la \u201cRegla de oro\u201d que, en el Evangelio, se expresa as\u00ed: <\/span><span style=\"color: #1d70b8;\"><b>\u201cTodo lo que ustedes desear\u00edan de los dem\u00e1s, \u00a1h\u00e1ganlo<\/b> <b>por ellos!\u201d (Mateo.7,12)<\/b><\/span><span style=\"font-weight: 400;\"><span style=\"color: #1d70b8;\">.<\/span> Se encuentra en los textos sagrados de las principales religiones y, \u00a1puede ser vivida de manera universal!\u00a0<\/span><\/p>\n<p><span style=\"font-weight: 400;\">A lo largo de los a\u00f1os han habido muchas variaciones de las frases escritas en las caras del dado, distintas variaciones con un mismo prop\u00f3sito: <\/span><span style=\"color: #1d70b8;\"><b>contribuir a un mundo m\u00e1s fraterno, justo y solidario<\/b><span style=\"font-weight: 400;\">.<\/span><\/span><\/p>\n<p><span style=\"font-weight: 400;\">El \u00a0 dado ha\u00a0 tenido una \u00a0 amplia circulaci\u00f3n \u00a0 no solo entre ni\u00f1os,\u00a0 sino tambi\u00e9n entre chicos, \u00a0 j\u00f3venes y adultos. Ha llegado\u00a0 r\u00e1pidamente a muchos pa\u00edses del mundo\u00a0 \u00a0 y a diferentes contextos: escuelas,\u00a0 parroquias, asociaciones para ni\u00f1os; <\/span><span style=\"color: #1d70b8;\"><b>convirti\u00e9ndose en un instrumento para jugar y vivir al mismo tiempo.<\/b><\/span><\/p>\n<p>[\/vc_column_text][\/vc_column][vc_column width=\u00bb1\/3&#8243;][vc_column_text]<\/p>\n<p><span style=\"color: #1d70b8;\"><b>Del \u00abDado del amor\u00bb Gen4 han nacido muchos proyectos:<\/b><\/span><\/p>\n<p><span style=\"font-weight: 400;\">para la construcci\u00f3n de la paz, el <\/span><span style=\"color: #1d70b8;\"><b>dado de paz<\/b><span style=\"font-weight: 400;\">:<\/span><a style=\"color: #1d70b8;\" href=\"http:\/\/livingpeaceinternational.org\/it\/\"> <span style=\"font-weight: 400;\">http:\/\/livingpeaceinternational.org\/it\/<\/span><\/a><\/span><\/p>\n<p><span style=\"font-weight: 400;\">para llevar valores verdaderos en el deporte, el dado del deporte de <\/span><span style=\"color: #1d70b8;\"><b>Sport4peace<\/b><span style=\"font-weight: 400;\">:<\/span><a style=\"color: #1d70b8;\" href=\"http:\/\/www.sportmeet.org\/it\/\"> <span style=\"font-weight: 400;\">http:\/\/www.sportmeet.org\/it\/<\/span><\/a><\/span><\/p>\n<p><span style=\"font-weight: 400;\">para la defensa de la naturaleza, el <\/span><span style=\"color: #1d70b8;\"><b>dado de la tierra<\/b><a style=\"color: #1d70b8;\" href=\"http:\/\/theearthcube.org\/it\/\"> <span style=\"font-weight: 400;\">http:\/\/theearthcube.org\/it\/<\/span><\/a><\/span><\/p>\n<p><span style=\"font-weight: 400;\">en el campo pedag\u00f3gico, la <span style=\"color: #1d70b8;\">\u201c<\/span><\/span><span style=\"color: #1d70b8;\"><b>ense\u00f1anza del dado del amor<\/b><span style=\"font-weight: 400;\">\u201d<\/span><a style=\"color: #1d70b8;\" href=\"http:\/\/www.trentoardente.it\/\"> <span style=\"font-weight: 400;\">http:\/\/www.trentoardente.it\/<\/span><\/a><\/span><\/p>\n<p>[\/vc_column_text][\/vc_column][\/vc_row][vc_row][vc_column][vc_column_text]<\/p>\n<h2><span style=\"color: #e94e1b;\">MATERIAL<\/span><\/h2>\n<p>[\/vc_column_text][vc_column_text]<\/p>\n<div class='w3eden wpdm_packages_shortcode'>\n    <div class=''>\n\n        \n        <div id=\"content_wpdm_package_1\">\n            <div class='row'><div class='col-lg-6 col-md-6 col-6'><div class=\"well c2a2\">\n<div class=\"media\">\n<div class=\"pull-left\" style=\"margin-right: 10px;\" align=\"left\">&nbsp;<\/div>\n<div class=\"media-body\">\n<h4 class=\"media-heading\" style=\"padding-top: 0px; border: 0px; margin: 0 0 5px 0; font-size: 15px;\"><span style=\"color: #1D70B8;\"><a style=\"font-weight: bold; color: #1D70B8;\" href=\"https:\/\/gen4.focolare.org\/es\/download\/un-nuevo-video-sobre-el-arte-de-amar-y-el-dado-del-amor\/\">Un nuevo video sobre el \u00abArte de amar\u00bb y el \u00abdado del amor\u00bb<\/a> <\/span><span style=\"margin-left: 30px; font-size: 8pt; font-weight: 300;\"> 887.25 KB<\/span><\/h4>\n<\/div>\n<\/div>\n<\/div><\/br><\/div><div class='col-lg-6 col-md-6 col-6'><div class=\"well c2a2\">\n<div class=\"media\">\n<div class=\"pull-left\" style=\"margin-right: 10px;\" align=\"left\">&nbsp;<\/div>\n<div class=\"media-body\">\n<h4 class=\"media-heading\" style=\"padding-top: 0px; border: 0px; margin: 0 0 5px 0; font-size: 15px;\"><span style=\"color: #1D70B8;\"><a style=\"font-weight: bold; color: #1D70B8;\" href=\"https:\/\/gen4.focolare.org\/es\/download\/gmkg4-spot_dado-del-amor\/\">GMKG4: Spot_Dado del amor<\/a> <\/span><span style=\"margin-left: 30px; font-size: 8pt; font-weight: 300;\"> 0.00 KB<\/span><\/h4>\n<\/div>\n<\/div>\n<\/div><\/br><\/div><div class='col-lg-6 col-md-6 col-6'><div class=\"well c2a2\">\n<div class=\"media\">\n<div class=\"pull-left\" style=\"margin-right: 10px;\" align=\"left\">&nbsp;<\/div>\n<div class=\"media-body\">\n<h4 class=\"media-heading\" style=\"padding-top: 0px; border: 0px; margin: 0 0 5px 0; font-size: 15px;\"><span style=\"color: #1D70B8;\"><a style=\"font-weight: bold; color: #1D70B8;\" href=\"https:\/\/gen4.focolare.org\/es\/download\/el-dado-del-amor-diseno\/\">El \u201cdado del amor\u201d [DISE\u00d1O]<\/a> <\/span><span style=\"margin-left: 30px; font-size: 8pt; font-weight: 300;\"> 4.94 MB<\/span><\/h4>\n<\/div>\n<\/div>\n<\/div><\/br><\/div><div class='col-lg-6 col-md-6 col-6'><div class=\"well c2a2\">\n<div class=\"media\">\n<div class=\"pull-left\" style=\"margin-right: 10px;\" align=\"left\">&nbsp;<\/div>\n<div class=\"media-body\">\n<h4 class=\"media-heading\" style=\"padding-top: 0px; border: 0px; margin: 0 0 5px 0; font-size: 15px;\"><span style=\"color: #1D70B8;\"><a style=\"font-weight: bold; color: #1D70B8;\" href=\"https:\/\/gen4.focolare.org\/es\/download\/la-felicidad-de-amar-cancion\/\">La felicidad de amar [CANCI\u00d3N]<\/a> <\/span><span style=\"margin-left: 30px; font-size: 8pt; font-weight: 300;\"> 6.09 MB<\/span><\/h4>\n<\/div>\n<\/div>\n<\/div><\/br><\/div><\/div>            <div style='clear:both'><\/div><div class='text-center'><ul class='pagination wpdm-pagination pagination-centered text-center'><\/ul><\/div><div style='clear:both'><\/div>        <\/div>\n\n        <div style='clear:both'><\/div>\n    <\/div>\n<\/div>\n\n<p>[\/vc_column_text][vc_column_text]<\/p>\n<h2><span style=\"color: #e94e1b;\">EXPERIENCIAS<\/span><\/h2>\n<p>[\/vc_column_text][vc_basic_grid post_type=\u00bbwpdmpro\u00bb max_items=\u00bb10&#8243; item=\u00bb1674&#8243; grid_id=\u00bbvc_gid:1579695697227-3901f4bf-2d33-5&#8243; taxonomies=\u00bb214&#8243;][\/vc_column][\/vc_row]<\/p>\n<\/div>","protected":false},"excerpt":{"rendered":"<p>[vc_row full_width=\u00bbstretch_row\u00bb content_placement=\u00bbmiddle\u00bb css=\u00bb.vc_custom_1559339648223{background-image: url(http:\/\/gen4.focolare.org\/wp-content\/uploads\/2019\/05\/background_gen4_yellow.png?id=1748) !important;}\u00bb][vc_column width=\u00bb2\/5&#8243;][vc_column_text css=\u00bb.vc_custom_1579695772176{background-color: #1d70b8 !important;}\u00bb] El &#8230; <\/p>\n","protected":false},"author":1,"featured_media":0,"parent":3918,"menu_order":0,"comment_status":"closed","ping_status":"closed","template":"","meta":{"footnotes":""},"class_list":["post-3905","page","type-page","status-publish","hentry"],"_links":{"self":[{"href":"https:\/\/gen4.focolare.org\/es\/wp-json\/wp\/v2\/pages\/3905","targetHints":{"allow":["GET"]}}],"collection":[{"href":"https:\/\/gen4.focolare.org\/es\/wp-json\/wp\/v2\/pages"}],"about":[{"href":"https:\/\/gen4.focolare.org\/es\/wp-json\/wp\/v2\/types\/page"}],"author":[{"embeddable":true,"href":"https:\/\/gen4.focolare.org\/es\/wp-json\/wp\/v2\/users\/1"}],"replies":[{"embeddable":true,"href":"https:\/\/gen4.focolare.org\/es\/wp-json\/wp\/v2\/comments?post=3905"}],"version-history":[{"count":7,"href":"https:\/\/gen4.focolare.org\/es\/wp-json\/wp\/v2\/pages\/3905\/revisions"}],"predecessor-version":[{"id":4623,"href":"https:\/\/gen4.focolare.org\/es\/wp-json\/wp\/v2\/pages\/3905\/revisions\/4623"}],"up":[{"embeddable":true,"href":"https:\/\/gen4.focolare.org\/es\/wp-json\/wp\/v2\/pages\/3918"}],"wp:attachment":[{"href":"https:\/\/gen4.focolare.org\/es\/wp-json\/wp\/v2\/media?parent=3905"}],"curies":[{"name":"wp","href":"https:\/\/api.w.org\/{rel}","templated":true}]}}