{"id":3918,"date":"2019-05-06T08:30:44","date_gmt":"2019-05-06T06:30:44","guid":{"rendered":"http:\/\/gen4.focolare.org\/?page_id=3918"},"modified":"2020-04-03T20:43:48","modified_gmt":"2020-04-03T18:43:48","slug":"como-vivimos","status":"publish","type":"page","link":"https:\/\/gen4.focolare.org\/es\/como-vivimos\/","title":{"rendered":"Como vivimos"},"content":{"rendered":"<div class=\"wpb-content-wrapper\"><p>[vc_row full_width=\u00bbstretch_row\u00bb content_placement=\u00bbmiddle\u00bb css=\u00bb.vc_custom_1559339648223{background-image: url(http:\/\/gen4.focolare.org\/wp-content\/uploads\/2019\/05\/background_gen4_yellow.png?id=1748) !important;}\u00bb][vc_column width=\u00bb1\/4&#8243;][vc_column_text css=\u00bb.vc_custom_1578847325536{background-color: #1d70b8 !important;}\u00bb]<\/p>\n<h1 style=\"text-align: center;\"><span style=\"color: #ffffff;\">como vivimos<br \/>\n<\/span><\/h1>\n<p>[\/vc_column_text][\/vc_column][vc_column width=\u00bb3\/4&#8243; full_width=\u00bb\u00bb gap=\u00bb0&#8243; full_height=\u00bb\u00bb columns_placement=\u00bbmiddle\u00bb equal_height=\u00bb\u00bb rtl_reverse=\u00bb\u00bb content_placement=\u00bb\u00bb disable_element=\u00bb\u00bb][\/vc_column][\/vc_row][vc_row css=\u00bb.vc_custom_1562056718848{padding-top: 30px !important;}\u00bb][vc_column width=\u00bb1\/2&#8243;][vc_column_text]<\/p>\n<p><span style=\"font-weight: 400;\">\u201cUn gen4 es uno que tiene en el coraz\u00f3n cuidar de los dem\u00e1s, uno que piensa en los dem\u00e1s\u201d; \u201cuno que ayuda a las personas\u201d; \u201cque ama a Jes\u00fas y quiere amar siempre\u201d\u2026 son solo algunas expresiones de algunos ni\u00f1os y algunas ni\u00f1as de los Focolares, de varios pa\u00edses del mundo, que explican que quiere decir gen4. <\/span><\/p>\n<p><span style=\"font-weight: 400;\">En los ni\u00f1os, gracias a su inmediatez, propia de su edad, la relaci\u00f3n con Dios se expresa con hechos: las experiencias\u00a0 que viven y comparten son solo la forma de comunicarse y dar a conocer su realidad espiritual.<\/span><\/p>\n<p>[\/vc_column_text][\/vc_column][vc_column width=\u00bb1\/2&#8243;][vc_column_text]<\/p>\n<h4><span style=\"color: #1d70b8;\"><span style=\"font-weight: 400;\">A continuaci\u00f3n algunos ejemplos de vida de ni\u00f1os de todo el mundo, que han acogido con el \u201ccoraz\u00f3n\u201d la espiritualidad de Chiara Lubich, resumido para ellos en las siguientes palabras:<\/span><\/span><\/h4>\n<h4><span style=\"color: #1d70b8;\"><span style=\"font-weight: 400;\"><strong>\u201cAmen, Amen siempre. Que al final de cada d\u00eda puedan decir: He amado siempre\u201d.<\/strong> (C.Lubich, en Gen4, n.3 octobre 1978, primera edici\u00f3n)<\/span><\/span><\/h4>\n<p>[\/vc_column_text][\/vc_column][\/vc_row][vc_row][vc_column][vc_separator][vc_basic_grid post_type=\u00bbwpdmpro\u00bb max_items=\u00bb-1&#8243; element_width=\u00bb3&#8243; item=\u00bb1674&#8243; grid_id=\u00bbvc_gid:1585939430131-aa77dda9-3c3d-8&#8243; taxonomies=\u00bb217, 214, 213, 242&#8243;][\/vc_column][\/vc_row]<\/p>\n<\/div>","protected":false},"excerpt":{"rendered":"<p>[vc_row full_width=\u00bbstretch_row\u00bb content_placement=\u00bbmiddle\u00bb css=\u00bb.vc_custom_1559339648223{background-image: url(http:\/\/gen4.focolare.org\/wp-content\/uploads\/2019\/05\/background_gen4_yellow.png?id=1748) !important;}\u00bb][vc_column width=\u00bb1\/4&#8243;][vc_column_text css=\u00bb.vc_custom_1578847325536{background-color: #1d70b8 !important;}\u00bb] como &#8230; <\/p>\n","protected":false},"author":1,"featured_media":0,"parent":0,"menu_order":0,"comment_status":"closed","ping_status":"closed","template":"","meta":{"footnotes":""},"class_list":["post-3918","page","type-page","status-publish","hentry"],"_links":{"self":[{"href":"https:\/\/gen4.focolare.org\/es\/wp-json\/wp\/v2\/pages\/3918","targetHints":{"allow":["GET"]}}],"collection":[{"href":"https:\/\/gen4.focolare.org\/es\/wp-json\/wp\/v2\/pages"}],"about":[{"href":"https:\/\/gen4.focolare.org\/es\/wp-json\/wp\/v2\/types\/page"}],"author":[{"embeddable":true,"href":"https:\/\/gen4.focolare.org\/es\/wp-json\/wp\/v2\/users\/1"}],"replies":[{"embeddable":true,"href":"https:\/\/gen4.focolare.org\/es\/wp-json\/wp\/v2\/comments?post=3918"}],"version-history":[{"count":6,"href":"https:\/\/gen4.focolare.org\/es\/wp-json\/wp\/v2\/pages\/3918\/revisions"}],"predecessor-version":[{"id":5654,"href":"https:\/\/gen4.focolare.org\/es\/wp-json\/wp\/v2\/pages\/3918\/revisions\/5654"}],"wp:attachment":[{"href":"https:\/\/gen4.focolare.org\/es\/wp-json\/wp\/v2\/media?parent=3918"}],"curies":[{"name":"wp","href":"https:\/\/api.w.org\/{rel}","templated":true}]}}