{"id":3951,"date":"2019-06-01T01:25:43","date_gmt":"2019-05-31T23:25:43","guid":{"rendered":"http:\/\/gen4.focolare.org\/?page_id=3951"},"modified":"2020-02-24T18:03:20","modified_gmt":"2020-02-24T17:03:20","slug":"proyecto-de-formacion","status":"publish","type":"page","link":"https:\/\/gen4.focolare.org\/es\/quienes-somos\/proyecto-de-formacion\/","title":{"rendered":"Proyecto de formaci\u00f3n"},"content":{"rendered":"<div class=\"wpb-content-wrapper\"><p>[vc_row full_width=\u00bbstretch_row\u00bb content_placement=\u00bbmiddle\u00bb css=\u00bb.vc_custom_1559339898804{background-image: url(http:\/\/gen4.focolare.org\/wp-content\/uploads\/2019\/05\/background_gen4_red.png?id=1747) !important;}\u00bb][vc_column width=\u00bb1\/4&#8243;][vc_column_text css=\u00bb.vc_custom_1578852373772{background-color: #00983a !important;}\u00bb]<\/p>\n<h1 style=\"text-align: center;\"><span style=\"color: #ffffff;\">qui\u00e9nes somos<\/span><\/h1>\n<p>[\/vc_column_text][\/vc_column][vc_column width=\u00bb3\/4&#8243; full_width=\u00bb\u00bb gap=\u00bb0&#8243; full_height=\u00bb\u00bb columns_placement=\u00bbmiddle\u00bb equal_height=\u00bb\u00bb rtl_reverse=\u00bb\u00bb content_placement=\u00bb\u00bb disable_element=\u00bb\u00bb][\/vc_column][\/vc_row][vc_row css=\u00bb.vc_custom_1559332639878{padding-top: 30px !important;}\u00bb][vc_column width=\u00bb1\/4&#8243;][vc_column_text css=\u00bb.vc_custom_1578852386959{margin-right: 10px !important;border-right-width: 1px !important;padding-right: 10px !important;border-right-color: #e94e1b !important;border-right-style: dashed !important;}\u00bb]<\/p>\n<h1 style=\"text-align: right;\"><span style=\"color: #e94e1b;\">Proyecto de formaci\u00f3n<\/span><\/h1>\n<p>[\/vc_column_text][\/vc_column][vc_column width=\u00bb3\/4&#8243;][vc_column_text css=\u00bb.vc_custom_1582563878271{margin-bottom: 0px !important;border-bottom-width: 0px !important;padding-bottom: 0px !important;}\u00bb]<\/p>\n<p><img loading=\"lazy\" decoding=\"async\" class=\"size-medium wp-image-2118 alignright\" src=\"http:\/\/gen4.focolare.org\/wp-content\/uploads\/2019\/09\/Accompagnare-300x200.jpg\" alt=\"\" width=\"300\" height=\"200\" srcset=\"https:\/\/gen4.focolare.org\/wp-content\/uploads\/2019\/09\/Accompagnare-300x200.jpg 300w, https:\/\/gen4.focolare.org\/wp-content\/uploads\/2019\/09\/Accompagnare-768x512.jpg 768w, https:\/\/gen4.focolare.org\/wp-content\/uploads\/2019\/09\/Accompagnare-1024x683.jpg 1024w, https:\/\/gen4.focolare.org\/wp-content\/uploads\/2019\/09\/Accompagnare-600x400.jpg 600w\" sizes=\"auto, (max-width: 300px) 100vw, 300px\" \/><\/p>\n<p><span style=\"font-weight: 400;\">La formaci\u00f3n de los ni\u00f1os en el Movimiento de los Focolares hace parte del proceso de formaci\u00f3n de las nuevas generaciones que se est\u00e1 llevando a cabo en el Movimiento. En \u00e9ste:\u00a0\u00a0<\/span><\/p>\n<p><span style=\"font-weight: 400;\">1) todo el patrimonio espiritual, que Chiara Lubich ha dado a los ni\u00f1os, se ofrece gradualmente seg\u00fan la edad de cada uno, para mantener el asombro en cada etapa: \u201cJes\u00fas crec\u00eda en edad, sabidur\u00eda y gracia\u201d (Lc 2,52). Tratamos de cuidar y acompa\u00f1ar con atenci\u00f3n el pasaje de las distintas etapas: de ni\u00f1os (gen4) a chicos (gen3)\u2026y posteriormente de chicos (gen3) a j\u00f3venes (gen2);<\/span><\/p>\n<p><span style=\"font-weight: 400;\">2) queremos tratar de ser \u201ccercanos de verdad\u201d para cada ni\u00f1o a trav\u00e9s de la acogida, la aceptaci\u00f3n, la apertura al di\u00e1logo. <img loading=\"lazy\" decoding=\"async\" class=\"size-medium wp-image-2766 alignright\" src=\"http:\/\/gen4.focolare.org\/wp-content\/uploads\/2019\/10\/Fotos-Pep-094-300x225.jpg\" alt=\"\" width=\"300\" height=\"225\" srcset=\"https:\/\/gen4.focolare.org\/wp-content\/uploads\/2019\/10\/Fotos-Pep-094-300x225.jpg 300w, https:\/\/gen4.focolare.org\/wp-content\/uploads\/2019\/10\/Fotos-Pep-094-768x576.jpg 768w, https:\/\/gen4.focolare.org\/wp-content\/uploads\/2019\/10\/Fotos-Pep-094-1024x768.jpg 1024w, https:\/\/gen4.focolare.org\/wp-content\/uploads\/2019\/10\/Fotos-Pep-094-600x450.jpg 600w, https:\/\/gen4.focolare.org\/wp-content\/uploads\/2019\/10\/Fotos-Pep-094.jpg 1920w\" sizes=\"auto, (max-width: 300px) 100vw, 300px\" \/>Esto querr\u00e1 decir, por ejemplo, buscar el lenguaje y los m\u00e9todos adecuados seg\u00fan la edad, pero tambi\u00e9n se debe tener en cuenta las diferentes situaciones, actualizando las propuestas seg\u00fan el \u00e1rea geogr\u00e1fica, la diversidad de religiones y culturas, o si uno es miembro de las distintas Iglesias;<\/span><\/p>\n<p><span style=\"font-weight: 400;\">3) el enfoque que proponemos quiere ir m\u00e1s all\u00e1 de la simple transmisi\u00f3n te\u00f3rica de los contenidos. De hecho las experiencias de la vida vivida, la experimentaci\u00f3n concreta de los valores y las iniciativas promovidas apoyar\u00e1n y enriquecer\u00e1n la reflexi\u00f3n y formaci\u00f3n de los ni\u00f1os.<\/span><\/p>\n<p>[\/vc_column_text][\/vc_column][\/vc_row]<\/p>\n<\/div>","protected":false},"excerpt":{"rendered":"<p>[vc_row full_width=\u00bbstretch_row\u00bb content_placement=\u00bbmiddle\u00bb css=\u00bb.vc_custom_1559339898804{background-image: url(http:\/\/gen4.focolare.org\/wp-content\/uploads\/2019\/05\/background_gen4_red.png?id=1747) !important;}\u00bb][vc_column width=\u00bb1\/4&#8243;][vc_column_text css=\u00bb.vc_custom_1578852373772{background-color: #00983a !important;}\u00bb] qui\u00e9nes &#8230; <\/p>\n","protected":false},"author":1,"featured_media":0,"parent":3972,"menu_order":0,"comment_status":"closed","ping_status":"closed","template":"","meta":{"footnotes":""},"class_list":["post-3951","page","type-page","status-publish","hentry"],"_links":{"self":[{"href":"https:\/\/gen4.focolare.org\/es\/wp-json\/wp\/v2\/pages\/3951","targetHints":{"allow":["GET"]}}],"collection":[{"href":"https:\/\/gen4.focolare.org\/es\/wp-json\/wp\/v2\/pages"}],"about":[{"href":"https:\/\/gen4.focolare.org\/es\/wp-json\/wp\/v2\/types\/page"}],"author":[{"embeddable":true,"href":"https:\/\/gen4.focolare.org\/es\/wp-json\/wp\/v2\/users\/1"}],"replies":[{"embeddable":true,"href":"https:\/\/gen4.focolare.org\/es\/wp-json\/wp\/v2\/comments?post=3951"}],"version-history":[{"count":4,"href":"https:\/\/gen4.focolare.org\/es\/wp-json\/wp\/v2\/pages\/3951\/revisions"}],"predecessor-version":[{"id":5317,"href":"https:\/\/gen4.focolare.org\/es\/wp-json\/wp\/v2\/pages\/3951\/revisions\/5317"}],"up":[{"embeddable":true,"href":"https:\/\/gen4.focolare.org\/es\/wp-json\/wp\/v2\/pages\/3972"}],"wp:attachment":[{"href":"https:\/\/gen4.focolare.org\/es\/wp-json\/wp\/v2\/media?parent=3951"}],"curies":[{"name":"wp","href":"https:\/\/api.w.org\/{rel}","templated":true}]}}