{"id":5467,"date":"2020-03-04T14:54:22","date_gmt":"2020-03-04T13:54:22","guid":{"rendered":"http:\/\/gen4.focolare.org\/?page_id=5467"},"modified":"2020-03-06T11:07:37","modified_gmt":"2020-03-06T10:07:37","slug":"cookie-policy","status":"publish","type":"page","link":"https:\/\/gen4.focolare.org\/es\/cookie-policy\/","title":{"rendered":"Cookie Policy"},"content":{"rendered":"<div class=\"wpb-content-wrapper\"><p>[vc_row full_width=\u00bbstretch_row\u00bb content_placement=\u00bbmiddle\u00bb css=\u00bb.vc_custom_1559339898804{background-image: url(http:\/\/gen4.focolare.org\/wp-content\/uploads\/2019\/05\/background_gen4_red.png?id=1747) !important;}\u00bb][vc_column width=\u00bb1\/2&#8243;][vc_column_text css=\u00bb.vc_custom_1583330405108{background-color: #00983a !important;}\u00bb]<\/p>\n<h1 style=\"text-align: center;\"><span style=\"color: #ffffff;\">Informaci\u00f3n extendida sobre las cookies<br \/>\n<\/span><\/h1>\n<p>[\/vc_column_text][\/vc_column][vc_column width=\u00bb1\/2&#8243; full_width=\u00bb\u00bb gap=\u00bb0&#8243; full_height=\u00bb\u00bb columns_placement=\u00bbmiddle\u00bb equal_height=\u00bb\u00bb rtl_reverse=\u00bb\u00bb content_placement=\u00bb\u00bb disable_element=\u00bb\u00bb][\/vc_column][\/vc_row][vc_row css=\u00bb.vc_custom_1559332639878{padding-top: 30px !important;}\u00bb][vc_column][vc_column_text css=\u00bb.vc_custom_1583489324488{margin-bottom: 0px !important;border-bottom-width: 0px !important;padding-bottom: 0px !important;}\u00bb]<\/p>\n<p style=\"text-align: left;\"><b>Informaci\u00f3n extendida sobre las cookies<\/b><\/p>\n<p style=\"text-align: left;\"><span style=\"font-weight: 400;\">Informaci\u00f3n sobre privacidad y procesamiento de datos personales de conformidad con el Decreto Legislativo n. 196\/2003 (\u201cC\u00f3digo de Privacidad\u201d) art\u00edculos 13, 23 y 26; del Reglamento (UE) 2016\/679 (\u201cGDPR\u201d) y de la disposici\u00f3n de la Autoridad para la protecci\u00f3n de datos personales n. 229 del 8 de mayo de 2014.<\/span><\/p>\n<p style=\"text-align: left;\"><span style=\"font-weight: 400;\">Las cookies est\u00e1n constituidas por porciones de c\u00f3digo almacenado dentro de la PC a trav\u00e9s de un navegador (est\u00e1n instaladas dentro del navegador) que asisten este sitio web en la prestaci\u00f3n del servicio con base en las finalidades descritas. Algunas de las finalidades de instalaci\u00f3n de las cookies, adem\u00e1s, podr\u00edan necesitar del consentimiento del usuario.<\/span><\/p>\n<p style=\"text-align: left;\"><b>Cookies t\u00e9cnicas y de estad\u00edstica agregada<\/b><\/p>\n<p style=\"text-align: left;\"><span style=\"font-weight: 400;\">Las cookies t\u00e9cnicas tienen la funci\u00f3n de permitir el desarrollo de actividades estrictamente relacionadas con el funcionamiento de este espacio online. Las cookies t\u00e9cnicas utilizadas por este sitio web se pueden subdividir en las siguientes categor\u00edas:<\/span><\/p>\n<ul style=\"text-align: left;\">\n<li style=\"font-weight: 400;\"><span style=\"font-weight: 400;\">Cookies de navegaci\u00f3n, por medio de las cuales se pueden guardar las preferencias de navegaci\u00f3n y optimizar la experiencia de navegaci\u00f3n del usuario;<\/span><\/li>\n<li style=\"font-weight: 400;\"><span style=\"font-weight: 400;\">Cookies anal\u00edticas, por medio de las cuales se recaban informaciones estad\u00edsticas que conciernen los h\u00e1bitos de navegaci\u00f3n de los usuarios. Dichas informaciones reciben un tratamiento en forma agregada y an\u00f3nima;<\/span><\/li>\n<li style=\"font-weight: 400;\"><span style=\"font-weight: 400;\">Cookies de funcionalidad, tambi\u00e9n de terceros, utilizadas para activar funcionalidades espec\u00edficas de este espacio online y necesarias para prestar el servicio o mejorarlo.<\/span><\/li>\n<\/ul>\n<p style=\"text-align: left;\"><span style=\"font-weight: 400;\">Dichas cookies no necesitan el consentimiento previo del usuario para ser instaladas y utilizadas.<\/span><\/p>\n<p style=\"text-align: left;\"><span style=\"font-weight: 400;\">El sitio tambi\u00e9n usa cookies de an\u00e1lisis de terceros (por ejemplo, Google-Analytics) que de acuerdo con la legislaci\u00f3n aplicable, no necesitan el consentimiento del usuario porque P.A.F.O.M. ha (i) adoptado instrumentos apropiados capaces de reducir el as\u00ed llamado \u201cpoder de identificaci\u00f3n\u201d de estas cookies y (ii) firmado acuerdos espec\u00edficos con los terceros que se han comprometido a utilizar la informaci\u00f3n recopilada solo con el fin de proporcionar a P.A.F.O.M. informaci\u00f3n estad\u00edstica sobre el uso del sitio.<\/span><\/p>\n<p style=\"text-align: left;\"><b>Per\u00edodo de retenci\u00f3n de datos<\/b><span style=\"font-weight: 400;\"><br \/>\n<\/span><span style=\"font-weight: 400;\">La informaci\u00f3n recopilada a trav\u00e9s de las cookies instaladas en el sitio se mantendr\u00e1 en cumplimiento con la \u201cPol\u00edtica de Privacidad\u201d, disponible en el siguiente <\/span><a href=\"https:\/\/gen4.focolare.org\/es\/privacy-policy\/\"><span style=\"font-weight: 400;\">enlace<\/span><\/a><span style=\"font-weight: 400;\">.<\/span><\/p>\n<p style=\"text-align: left;\"><b>Otras tipolog\u00edas de cookies o instrumentos terceros que podr\u00edan utilizarlas<\/b><\/p>\n<p style=\"text-align: left;\"><span style=\"font-weight: 400;\">Algunos servicios, que se encuentran en el siguiente listado, podr\u00edan no requerir el consentimiento del usuario o podr\u00edan ser administrados directamente por el titular \u2013 seg\u00fan lo descrito antes \u2013 sin el auxilio de terceros.<\/span><\/p>\n<p style=\"text-align: left;\"><span style=\"font-weight: 400;\">En el caso de que, entre los instrumentos indicados abajo, estuvieran presentes servicios administrados por terceros, \u00e9stos podr\u00edan \u2013 adem\u00e1s de lo especificado y tambi\u00e9n sin conocimiento de ello por parte del titular de este sitio web \u2013 realizar actividades de rastreo del usuario. Para informaciones detalladas al respecto, aconsejamos consultar la pol\u00edtica de privacidad de los servicios mencionados en la lista.<\/span><\/p>\n<table class=\" alignleft\">\n<tbody>\n<tr>\n<td><b>SOLUTION<\/b><\/td>\n<td><b>CATEGORY<\/b><\/td>\n<td><b>PROVIDER<\/b><\/td>\n<td><b>ADDRESS<\/b><\/td>\n<td><b>POLICY<\/b><\/td>\n<\/tr>\n<tr>\n<td><b>Google Analytics<\/b><\/td>\n<td>Targeting\/Advertising<\/td>\n<td>Google Inc.<\/td>\n<td>1600\u00a0 Amphitheatre Parkway<br \/>\nMountain View \u2013 CA94043<br \/>\nUSA<\/td>\n<td><a href=\"http:\/\/www.google.com\/policies\">http:\/\/www.google.com\/policies<\/a><\/td>\n<\/tr>\n<tr>\n<td><b>WPML<\/b><\/td>\n<td>Translations<\/td>\n<td>OnTheGoSystems Limited<\/td>\n<td>22\/F 3 Lockhart RoadWanchai Hong Kong<\/td>\n<td><a href=\"https:\/\/wpml.org\/documentation\/privacy-policy-and-gdpr-compliance\/\">https:\/\/wpml.org\/documentation\/privacy-policy-and-gdpr-compliance\/<\/a><\/td>\n<\/tr>\n<tr>\n<td><b>Vimeo<\/b><\/td>\n<td>Social Widget<\/td>\n<td>Vimeo, LLC<\/td>\n<td>555 West 18th Street<br \/>\nNew York, New York 10011<\/td>\n<td><a href=\"https:\/\/vimeo.com\/privacy\">https:\/\/vimeo.com\/privacy<\/a><\/td>\n<\/tr>\n<\/tbody>\n<\/table>\n<p>&nbsp;<\/p>\n<p><b>Uso por parte de menores<\/b><\/p>\n<p><span style=\"font-weight: 400;\">Los usuarios declaran ser mayores de edad seg\u00fan la legislaci\u00f3n que se les puede aplicar. Los menores pueden utilizar este espacio online s\u00f3lo con la asistencia de uno de los padres o de un tutor.<\/span><\/p>\n<p><b>\u00bfC\u00f3mo puedo controlar la instalaci\u00f3n de Cookies?<\/b><\/p>\n<p><span style=\"font-weight: 400;\">Adem\u00e1s de lo indicado en este documento, el usuario puede administrar las preferencias sobre las cookies directamente al interior del propio browser e impedir \u2013 por ejemplo \u2013 que terceros puedan instalarlas. A trav\u00e9s de las preferencias del browser, adem\u00e1s, es posible eliminar las cookies instaladas anteriormente, incluida la cookie en la que eventualmente se almacena el consentimiento a la instalaci\u00f3n de cookies por parte de este sitio. Es importante notar que deshabilitando todas las cookies, el funcionamiento de este sitio podr\u00eda verse afectado. Puede encontrar informaciones sobre c\u00f3mo administrar las cookies en su browser en las siguientes direcciones:<\/span><\/p>\n<ul>\n<li style=\"font-weight: 400;\"><a href=\"https:\/\/support.google.com\/chrome\/answer\/95647?hl=en&amp;p=cpn_cookies\"><b>Google Chrome<\/b><\/a><\/li>\n<li style=\"font-weight: 400;\"><a href=\"https:\/\/support.mozilla.org\/it\/kb\/Attivare%20e%20disattivare%20i%20cookie\"><b>Mozilla Firefox<\/b><\/a><\/li>\n<li style=\"font-weight: 400;\"><a href=\"https:\/\/support.apple.com\/kb\/PH19214?viewlocale=it_IT&amp;locale=en_US\"><b>Apple Safari<\/b><\/a><\/li>\n<li style=\"font-weight: 400;\"><a href=\"http:\/\/windows.microsoft.com\/it-it\/windows-vista\/block-or-allow-cookies\"><b>Microsoft Windows Explorer<\/b><\/a><\/li>\n<li style=\"font-weight: 400;\"><a href=\"http:\/\/www.aboutcookies.org\/Default.aspx?page=1\"><b>AboutCookies.org<\/b><\/a><\/li>\n<\/ul>\n<p><span style=\"font-weight: 400;\">En caso de servicios prestados por terceros, el usuario puede, adem\u00e1s, ejercer su derecho a oponerse al rastreo, inform\u00e1ndose a trav\u00e9s de la pol\u00edtica de privacidad de las terceras partes, mediante el link de <\/span><i><span style=\"font-weight: 400;\">opt out<\/span><\/i><span style=\"font-weight: 400;\"> si es indicado expl\u00edcitamente o bien contactando directamente la misma.<\/span><\/p>\n<p><span style=\"font-weight: 400;\">Sin prejuicio de lo anteriormente expuesto, se informa que el usuario puede valerse de <\/span><a href=\"http:\/\/www.youronlinechoices.com\/es\/\"><b>Your Online Choices<\/b><\/a><span style=\"font-weight: 400;\">. A trav\u00e9s de este servicio es posible administrar las preferencias de rastreo de la mayor parte de los instrumentos publicitarios. Por lo tanto, aconsejamos a los usuarios utilizar dicho recurso adem\u00e1s de las informaciones ofrecidas en el presente documento.<\/span><\/p>\n<p><b>Derechos reconocidos<\/b><\/p>\n<p><span style=\"font-weight: 400;\">Para cualquier informaci\u00f3n sobre los derechos otorgados a los usuarios por la ley sobre la protecci\u00f3n de datos personales, consulte la \u201cPol\u00edtica de Privacidad\u201d, disponible en el siguiente <\/span><a href=\"https:\/\/gen4.focolare.org\/es\/privacy-policy\/\"><span style=\"font-weight: 400;\">enlace<\/span><\/a><span style=\"font-weight: 400;\">.<\/span><\/p>\n<p><b>Titular del Tratamiento de Datos<\/b><\/p>\n<p><span style=\"font-weight: 400;\">El \u201ctitular\u201d de su tratamiento es P.A.F.O.M con sede en Rocca di Papa (Roma \u2013 Italia), Via Frascati, 306.<\/span><span style=\"font-weight: 400;\">\u00a0<\/span><\/p>\n<p><b>El Gerente de Protecci\u00f3n de Datos<\/b><\/p>\n<p><span style=\"font-weight: 400;\">El Gerente de Protecci\u00f3n de Datos (GPD) es el abogado Sergio Barbaro accesible en la siguiente direcci\u00f3n:<\/span><\/p>\n<p><span style=\"font-weight: 400;\">Persona a cargo de la protecci\u00f3n de datos personales<\/span><span style=\"font-weight: 400;\"><br \/>\n<\/span><span style=\"font-weight: 400;\">Via Frascati n. 306<\/span><span style=\"font-weight: 400;\"><br \/>\n<\/span><span style=\"font-weight: 400;\">Rocca di Papa (Roma-Italia)<\/span><span style=\"font-weight: 400;\"><br \/>\n<\/span><span style=\"font-weight: 400;\">correo electr\u00f3nico: <\/span><a href=\"mailto:privacy@focolare.org\"><span style=\"font-weight: 400;\">privacy@focolare.org<\/span><\/a><\/p>\n<p><span style=\"font-weight: 400;\">Dado que la instalaci\u00f3n de cookies y de otros sistemas de rastreo realizada por terceros mediante los servicios utilizados al interior de este espacio online, no puede ser t\u00e9cnicamente controlada por el Titular, toda referencia espec\u00edfica a cookies y sistemas de rastreo instalados por terceros, debe considerarse indicativa. Para obtener informaciones completas, consulte la pol\u00edtica de privacidad de los eventuales servicios terceros mencionados en este documento.<\/span><\/p>\n<p><span style=\"font-weight: 400;\">El presente documento se refiere a todos los espacios online (sitios, plataformas, instrumentos internet, etc.) de propiedad del Titular. Para obtener mayor informaci\u00f3n respecto a los instrumentos relacionados con un espacio espec\u00edfico, se ruega al usuario contactar el Titular en la direcci\u00f3n suministrada en el presente documento.<\/span><\/p>\n<p>[\/vc_column_text][\/vc_column][\/vc_row]<\/p>\n<\/div>","protected":false},"excerpt":{"rendered":"<p>[vc_row full_width=\u00bbstretch_row\u00bb content_placement=\u00bbmiddle\u00bb css=\u00bb.vc_custom_1559339898804{background-image: url(http:\/\/gen4.focolare.org\/wp-content\/uploads\/2019\/05\/background_gen4_red.png?id=1747) !important;}\u00bb][vc_column width=\u00bb1\/2&#8243;][vc_column_text css=\u00bb.vc_custom_1583330405108{background-color: #00983a !important;}\u00bb] Informaci\u00f3n &#8230; <\/p>\n","protected":false},"author":1,"featured_media":0,"parent":0,"menu_order":0,"comment_status":"closed","ping_status":"closed","template":"","meta":{"footnotes":""},"class_list":["post-5467","page","type-page","status-publish","hentry"],"_links":{"self":[{"href":"https:\/\/gen4.focolare.org\/es\/wp-json\/wp\/v2\/pages\/5467","targetHints":{"allow":["GET"]}}],"collection":[{"href":"https:\/\/gen4.focolare.org\/es\/wp-json\/wp\/v2\/pages"}],"about":[{"href":"https:\/\/gen4.focolare.org\/es\/wp-json\/wp\/v2\/types\/page"}],"author":[{"embeddable":true,"href":"https:\/\/gen4.focolare.org\/es\/wp-json\/wp\/v2\/users\/1"}],"replies":[{"embeddable":true,"href":"https:\/\/gen4.focolare.org\/es\/wp-json\/wp\/v2\/comments?post=5467"}],"version-history":[{"count":8,"href":"https:\/\/gen4.focolare.org\/es\/wp-json\/wp\/v2\/pages\/5467\/revisions"}],"predecessor-version":[{"id":5511,"href":"https:\/\/gen4.focolare.org\/es\/wp-json\/wp\/v2\/pages\/5467\/revisions\/5511"}],"wp:attachment":[{"href":"https:\/\/gen4.focolare.org\/es\/wp-json\/wp\/v2\/media?parent=5467"}],"curies":[{"name":"wp","href":"https:\/\/api.w.org\/{rel}","templated":true}]}}