{"id":12984,"date":"2022-11-23T18:40:04","date_gmt":"2022-11-23T17:40:04","guid":{"rendered":"https:\/\/gen4.focolare.org\/?page_id=12984"},"modified":"2023-02-15T19:20:16","modified_gmt":"2023-02-15T18:20:16","slug":"fenetre-sur-le-monde","status":"publish","type":"page","link":"https:\/\/gen4.focolare.org\/fr\/materiel\/fenetre-sur-le-monde\/","title":{"rendered":"Fen\u00eatre sur le monde"},"content":{"rendered":"<div class=\"wpb-content-wrapper\"><p>[vc_row full_width=\u00a0\u00bbstretch_row\u00a0\u00bb content_placement=\u00a0\u00bbmiddle\u00a0\u00bb css=\u00a0\u00bb.vc_custom_1559340186711{background-image: url(http:\/\/gen4.focolare.org\/wp-content\/uploads\/2019\/05\/background_gen4_geen.png?id=1751) !important;}\u00a0\u00bb][vc_column width=\u00a0\u00bb1\/3&Prime;][vc_column_text css=\u00a0\u00bb.vc_custom_1675181214965{background-color: #1d70b8 !important;}\u00a0\u00bb]<\/p>\n<h1 style=\"text-align: center;\"><span style=\"color: #ffffff;\">Fen\u00eatre sur le monde<\/span><\/h1>\n<p>[\/vc_column_text][\/vc_column][vc_column width=\u00a0\u00bb2\/3&Prime; full_width=\u00a0\u00bb\u00a0\u00bb gap=\u00a0\u00bb0&Prime; full_height=\u00a0\u00bb\u00a0\u00bb columns_placement=\u00a0\u00bbmiddle\u00a0\u00bb equal_height=\u00a0\u00bb\u00a0\u00bb rtl_reverse=\u00a0\u00bb\u00a0\u00bb content_placement=\u00a0\u00bb\u00a0\u00bb disable_element=\u00a0\u00bb\u00a0\u00bb][\/vc_column][\/vc_row][vc_row gap=\u00a0\u00bb20&Prime; css=\u00a0\u00bb.vc_custom_1559384587831{padding-top: 30px !important;}\u00a0\u00bb][vc_column width=\u00a0\u00bb1\/2&Prime;][vc_column_text]Un espace pour accueillir des contributions internationales : danses, chansons dans la langue d\u2019origine, contes, l\u00e9gendes, anecdotes&#8230; jeux musicaux ou de magie ! Une possibilit\u00e9 d&rsquo;exp\u00e9rimenter cette dimension de famille plan\u00e9taire qui a toujours caract\u00e9ris\u00e9 la vie du mouvement des Focolari et qui est aussi un point fondamental pour les nouvelles g\u00e9n\u00e9rations.<\/p>\n<p>Depuis plusieurs ann\u00e9es, il a \u00e9t\u00e9 possible de faire faire aux enfants,<br \/>\nm\u00eame les plus jeunes, une exp\u00e9rience concr\u00e8te de l&rsquo;internationalit\u00e9 : de 1988 \u00e0 2014, des congr\u00e8s internationaux ont eu lieu \u00e0 Castel Gandolfo, r\u00e9unissant plusieurs centaines de gar\u00e7ons et de filles de pays des cinq continents.[\/vc_column_text][\/vc_column][vc_column width=\u00a0\u00bb1\/2&Prime;][vc_column_text]Mais nombreux sont les moyens par lesquels, au fil des ans, les Gen4 ont appris \u00e0 conna\u00eetre et \u00e0 exp\u00e9rimenter la beaut\u00e9 d&rsquo;\u00eatre une famille dispers\u00e9e dans le monde entier : les jumelages, rencontres via Zoom, les \u00e9change de nouvelles, d&rsquo;exp\u00e9riences, les partage des besoins.<\/p>\n<p>En juin 2022, a \u00e9galement eu lieu le premier \u00e9v\u00e9nement mondial en ligne (Global Meeting Kids Gen4), auquel ont particip\u00e9 de nombreux enfants du monde entier. Les premi\u00e8res contributions que vous trouverez sur cette page ont \u00e9t\u00e9 produites \u00e0 cette occasion ![\/vc_column_text][\/vc_column][\/vc_row][vc_row][vc_column][vc_basic_grid post_type=\u00a0\u00bbwpdmpro\u00a0\u00bb max_items=\u00a0\u00bb10&Prime; item=\u00a0\u00bb1674&Prime; grid_id=\u00a0\u00bbvc_gid:1676485513357-b25e4bf0-50ab-10&Prime; taxonomies=\u00a0\u00bb479&Prime;][\/vc_column][\/vc_row]<\/p>\n<\/div>","protected":false},"excerpt":{"rendered":"<p>[vc_row full_width=\u00a0\u00bbstretch_row\u00a0\u00bb content_placement=\u00a0\u00bbmiddle\u00a0\u00bb css=\u00a0\u00bb.vc_custom_1559340186711{background-image: url(http:\/\/gen4.focolare.org\/wp-content\/uploads\/2019\/05\/background_gen4_geen.png?id=1751) !important;}\u00a0\u00bb][vc_column width=\u00a0\u00bb1\/3&Prime;][vc_column_text css=\u00a0\u00bb.vc_custom_1675181214965{background-color: #1d70b8 !important;}\u00a0\u00bb] Fen\u00eatre &#8230; <\/p>\n","protected":false},"author":1,"featured_media":0,"parent":3000,"menu_order":0,"comment_status":"closed","ping_status":"closed","template":"","meta":{"footnotes":""},"class_list":["post-12984","page","type-page","status-publish","hentry"],"_links":{"self":[{"href":"https:\/\/gen4.focolare.org\/fr\/wp-json\/wp\/v2\/pages\/12984","targetHints":{"allow":["GET"]}}],"collection":[{"href":"https:\/\/gen4.focolare.org\/fr\/wp-json\/wp\/v2\/pages"}],"about":[{"href":"https:\/\/gen4.focolare.org\/fr\/wp-json\/wp\/v2\/types\/page"}],"author":[{"embeddable":true,"href":"https:\/\/gen4.focolare.org\/fr\/wp-json\/wp\/v2\/users\/1"}],"replies":[{"embeddable":true,"href":"https:\/\/gen4.focolare.org\/fr\/wp-json\/wp\/v2\/comments?post=12984"}],"version-history":[{"count":5,"href":"https:\/\/gen4.focolare.org\/fr\/wp-json\/wp\/v2\/pages\/12984\/revisions"}],"predecessor-version":[{"id":16962,"href":"https:\/\/gen4.focolare.org\/fr\/wp-json\/wp\/v2\/pages\/12984\/revisions\/16962"}],"up":[{"embeddable":true,"href":"https:\/\/gen4.focolare.org\/fr\/wp-json\/wp\/v2\/pages\/3000"}],"wp:attachment":[{"href":"https:\/\/gen4.focolare.org\/fr\/wp-json\/wp\/v2\/media?parent=12984"}],"curies":[{"name":"wp","href":"https:\/\/api.w.org\/{rel}","templated":true}]}}