{"id":2905,"date":"2019-07-02T10:55:19","date_gmt":"2019-07-02T09:55:19","guid":{"rendered":"http:\/\/gen4.focolare.org\/?page_id=2905"},"modified":"2022-11-04T17:19:20","modified_gmt":"2022-11-04T16:19:20","slug":"action-jesus-a-ete-mis-a-la-porte","status":"publish","type":"page","link":"https:\/\/gen4.focolare.org\/fr\/comment-vivons-nous\/action-jesus-a-ete-mis-a-la-porte\/","title":{"rendered":"Action \u201cJ\u00e9sus a \u00e9t\u00e9 mis \u00e0 la porte&#8230;\u201d"},"content":{"rendered":"<div class=\"wpb-content-wrapper\"><p>[vc_row full_width=\u00a0\u00bbstretch_row\u00a0\u00bb content_placement=\u00a0\u00bbmiddle\u00a0\u00bb css=\u00a0\u00bb.vc_custom_1559339648223{background-image: url(http:\/\/gen4.focolare.org\/wp-content\/uploads\/2019\/05\/background_gen4_yellow.png?id=1748) !important;}\u00a0\u00bb][vc_column width=\u00a0\u00bb1\/2&Prime;][vc_column_text css=\u00a0\u00bb.vc_custom_1574760795116{background-color: #1d70b8 !important;}\u00a0\u00bb]<\/p>\n<h1 style=\"text-align: center;\"><span style=\"color: #ffffff;\">Action \u201cJ\u00e9sus a \u00e9t\u00e9 mis \u00e0 la porte&#8230;\u201d<\/span><\/h1>\n<p>[\/vc_column_text][\/vc_column][vc_column width=\u00a0\u00bb1\/2&Prime; full_width=\u00a0\u00bb\u00a0\u00bb gap=\u00a0\u00bb0&Prime; full_height=\u00a0\u00bb\u00a0\u00bb columns_placement=\u00a0\u00bbmiddle\u00a0\u00bb equal_height=\u00a0\u00bb\u00a0\u00bb rtl_reverse=\u00a0\u00bb\u00a0\u00bb content_placement=\u00a0\u00bb\u00a0\u00bb disable_element=\u00a0\u00bb\u00a0\u00bb][\/vc_column][\/vc_row][vc_row full_width=\u00a0\u00bbstretch_row_content\u00a0\u00bb css=\u00a0\u00bb.vc_custom_1559343721436{padding-top: 30px !important;}\u00a0\u00bb][vc_column][vc_single_image image=\u00a0\u00bb2214&Prime; img_size=\u00a0\u00bbfull\u00a0\u00bb][\/vc_column][\/vc_row][vc_row][vc_column width=\u00a0\u00bb1\/3&Prime; css=\u00a0\u00bb.vc_custom_1559343880508{padding-bottom: 20px !important;}\u00a0\u00bb]<div id=\"cz_99838\" class=\"cz_99838 cz_video_popup clr cz_video_popup_c\"><div><div class=\"cz_vp_c\"><a href=\"https:\/\/vimeo.com\/360293172\"><img decoding=\"async\" width=\"1863\" height=\"959\" src=\"https:\/\/gen4.focolare.org\/wp-content\/uploads\/2019\/09\/hsg_cover_video.png\" class=\"attachment-full\" alt=\"Hsg cover video\" title=\"hsg_cover_video\" srcset=\"https:\/\/gen4.focolare.org\/wp-content\/uploads\/2019\/09\/hsg_cover_video.png 1863w, https:\/\/gen4.focolare.org\/wp-content\/uploads\/2019\/09\/hsg_cover_video-300x154.png 300w, https:\/\/gen4.focolare.org\/wp-content\/uploads\/2019\/09\/hsg_cover_video-768x395.png 768w, https:\/\/gen4.focolare.org\/wp-content\/uploads\/2019\/09\/hsg_cover_video-1024x527.png 1024w, https:\/\/gen4.focolare.org\/wp-content\/uploads\/2019\/09\/hsg_cover_video-600x309.png 600w\" sizes=\"auto, (max-width: 1863px) 100vw, 1863px\" loading=\"lazy\" \/><div class=\"cz_vp_inner\"><span><i class=\"fa fa-play\"><\/i><\/span><\/div><\/a><\/div><\/div><\/div>[vc_column_text css=\u00a0\u00bb.vc_custom_1581609312549{padding-top: 20px !important;}\u00a0\u00bb]<span style=\"color: #1d6fb8;\"><b>N\u00e9e en 1997<\/b><\/span><span style=\"font-weight: 400;\"><span style=\"color: #1d6fb8;\">,<\/span> cette action Gen4 va bien au-del\u00e0 de la signification litt\u00e9rale des paroles:<\/span><span style=\"color: #1d6fb8;\"><b> il s&rsquo;agit de ne pas se laisser conditionner par la soci\u00e9t\u00e9 de comsommation, en remettant les valeurs au centre. <\/b><\/span><span style=\"font-weight: 400;\">L\u2019id\u00e9e est venue d&rsquo;une r\u00e9flexion de Chiara Lubich, alors qu&rsquo;elle se trouvait en Suisse juste avant No\u00ebl.\u00a0<\/span><\/p>\n<p><span style=\"font-weight: 400;\">En marchant dans les rues illumin\u00e9es d&rsquo;une grande ville, Chiara Lubich a \u00e9t\u00e9 touch\u00e9e par les lumi\u00e8res, les belles d\u00e9corations, et tant de richesses, mais surtout par l&rsquo;absence de r\u00e9f\u00e9rence \u00e0 la premi\u00e8re signification de No\u00ebl. Elle \u00e9crit ceci:<\/span>[\/vc_column_text][\/vc_column][vc_column width=\u00a0\u00bb1\/3&Prime;][vc_column_text]<b><i>\u00a0<span style=\"color: #1d6fb8;\">\u201cl\u2019incr\u00e9dulit\u00e9, puis une sorte de r\u00e9volte: ce monde plein de richesses s&rsquo;est \u201cempar\u00e9\u201d de No\u00ebl et de tout ce qui va avec, et a mis J\u00e9sus \u00e0 la porte ! (\u2026) Il compte sur No\u00ebl pour la meilleure recette de l&rsquo;ann\u00e9e. Mais il ne pense pas \u00e0 J\u00e9sus. \u00ab\u00a0Il est venu parmi les siens et ils ne l&rsquo;ont pas accueilli\u201d \u201cIl n&rsquo;y avait pas de place pour lui \u00e0 l&rsquo;auberge\u201d\u2026\u00a0 pas m\u00eame \u00e0 No\u00ebl<\/span><\/i><\/b><b><span style=\"color: #1d6fb8;\">.\u201d<\/span> <\/b><span style=\"font-weight: 400;\">(Ch.Lubich, in L.Velardi,<\/span><i><span style=\"font-weight: 400;\"> Hanno sloggiato Ges\u00f9, <\/span><\/i><span style=\"font-weight: 400;\">Citt\u00e0 Nuova, Roma, 2005, p.5)<\/span><\/p>\n<p><span style=\"font-weight: 400;\">Depuis 1997, des milliers de Gen4 du monde entier ont accueilli l&rsquo;invitation de Chiara \u00e0 remettre J\u00e9sus au c\u0153ur de la f\u00eate de No\u00ebl.<\/span><\/p>\n<p><span style=\"font-weight: 400;\">Accompagn\u00e9s de leurs parents, amis et autres membres du Mouvement,<\/span><span style=\"font-weight: 400;\"> ils vont <\/span><span style=\"color: #1d6fb8;\"><b>dans les rues et sur les places, sur les march\u00e9s, aupr\u00e8s des institutions locales, et dans les \u00e9coles. L\u00e0, ils offrent aux gens de petites statues en pl\u00e2tre de l&rsquo;Enfant J\u00e9sus et toutes sortes de cr\u00e8ches fabriqu\u00e9es par leurs soins<\/b><\/span> <span style=\"font-weight: 400;\">et accompagn\u00e9es d&rsquo;un \u00e9crit de Chiara Lubich intitul\u00e9 <\/span><span style=\"color: #1d6fb8;\"><b>\u201cJ\u00e9sus a \u00e9t\u00e9 mis \u00e0 la porte\u201d<\/b><span style=\"font-weight: 400;\">.\u00a0<\/span><\/span>[\/vc_column_text][\/vc_column][vc_column width=\u00a0\u00bb1\/3&Prime;][vc_column_text]<\/p>\n<h2><span style=\"color: #1d6fb8;\"><b>Accueil et don<\/b><\/span><\/h2>\n<p><span style=\"color: #1d6fb8;\"><b>\u201cNe pas mettre J\u00e9sus \u00e0 la porte\u201d<\/b><\/span><span style=\"font-weight: 400;\"> signifie aussi <\/span><span style=\"color: #1d6fb8;\"><b>\u201cl&rsquo;accueillir\u201d<\/b><\/span><span style=\"font-weight: 400;\"> en tous ceux qui peuvent en avoir le plus besoin. L&rsquo;action \u201cJ\u00e9sus a \u00e9t\u00e9 mis \u00e0 la porte\u2026\u201d comporte en elle-m\u00eame <\/span><span style=\"color: #1d6fb8;\"><b>la dimension du \u201cdon\u201d,<\/b><\/span><span style=\"font-weight: 400;\"> de la prise en consid\u00e9ration des autres. Chaque ann\u00e9e, les Gen4 pensent \u00e0 des initiatives en faveur des enfants de leur \u00e2ge qui, dans certaines parties du monde, manquent du n\u00e9cessaire, comme l&rsquo;Enfant J\u00e9sus.<\/span><span style=\"color: #1d6fb8;\"><b> Les personnes qui re\u00e7oivent \u201cle petit Enfant J\u00e9sus\u201d donnent souvent, spontan\u00e9ment, de l&rsquo;argent dans cette optique<\/b><span style=\"font-weight: 400;\">.<\/span><\/span><\/p>\n<p><span style=\"font-weight: 400;\">Depuis, les valeurs inh\u00e9rentes \u00e0 cette initiative (accueillir l&rsquo;autre, \u00eatre porteur de joie, \u00eatre don pour les autres) ont trouv\u00e9 beaucoup d&rsquo;autres expressions, qui peuvent se vivre avec tous ceux qui partagent la <\/span><span style=\"color: #1d6fb8;\"><b>\u201cR\u00e8gle d&rsquo;or\u201d: mettre en commun les jouets avec ceux qui n&rsquo;en ont pas, donner de la joie dans les maisons de retraite, donner des dessins, un sourire \u00e0 une personne seule\u2026<\/b><\/span>[\/vc_column_text][\/vc_column][\/vc_row][vc_row][vc_column][vc_column_text]<\/p>\n<h2><span style=\"color: #e94e1b;\">MAT\u00c9RIEL<\/span><\/h2>\n<p>[\/vc_column_text][vc_column_text]<div class='w3eden wpdm_packages_shortcode'>\n    <div class=''>\n\n        \n        <div id=\"content_wpdm_package_1\">\n            <div class='row'><div class='col-lg-6 col-md-6 col-12'><div class=\"well c2a2\">\n<div class=\"media\">\n<div class=\"pull-left\" style=\"margin-right: 10px;\" align=\"left\">&nbsp;<\/div>\n<div class=\"media-body\">\n<h4 class=\"media-heading\" style=\"padding-top: 0px; border: 0px; margin: 0 0 5px 0; font-size: 15px;\"><span style=\"color: #1D70B8;\"><a style=\"font-weight: bold; color: #1D70B8;\" href=\"https:\/\/gen4.focolare.org\/fr\/download\/cest-noel-chanson\/\">C'est No\u00ebl [CHANSON]<\/a> <\/span><span style=\"margin-left: 30px; font-size: 8pt; font-weight: 300;\"> 8.98 MB<\/span><\/h4>\n<\/div>\n<\/div>\n<\/div><\/br><\/div><div class='col-lg-6 col-md-6 col-12'><div class=\"well c2a2\">\n<div class=\"media\">\n<div class=\"pull-left\" style=\"margin-right: 10px;\" align=\"left\">&nbsp;<\/div>\n<div class=\"media-body\">\n<h4 class=\"media-heading\" style=\"padding-top: 0px; border: 0px; margin: 0 0 5px 0; font-size: 15px;\"><span style=\"color: #1D70B8;\"><a style=\"font-weight: bold; color: #1D70B8;\" href=\"https:\/\/gen4.focolare.org\/fr\/download\/calendrier-de-lavent\/\">Calendrier de l'Avent<\/a> <\/span><span style=\"margin-left: 30px; font-size: 8pt; font-weight: 300;\"> 5.16 MB<\/span><\/h4>\n<\/div>\n<\/div>\n<\/div><\/br><\/div><div class='col-lg-6 col-md-6 col-12'><div class=\"well c2a2\">\n<div class=\"media\">\n<div class=\"pull-left\" style=\"margin-right: 10px;\" align=\"left\">&nbsp;<\/div>\n<div class=\"media-body\">\n<h4 class=\"media-heading\" style=\"padding-top: 0px; border: 0px; margin: 0 0 5px 0; font-size: 15px;\"><span style=\"color: #1D70B8;\"><a style=\"font-weight: bold; color: #1D70B8;\" href=\"https:\/\/gen4.focolare.org\/fr\/download\/creches-dessins-fabrication-en-papier\/\">Cr\u00e8ches [DESSINS-FABRICATION EN PAPIER]<\/a> <\/span><span style=\"margin-left: 30px; font-size: 8pt; font-weight: 300;\"> 42.76 MB<\/span><\/h4>\n<\/div>\n<\/div>\n<\/div><\/br><\/div><div class='col-lg-6 col-md-6 col-12'><div class=\"well c2a2\">\n<div class=\"media\">\n<div class=\"pull-left\" style=\"margin-right: 10px;\" align=\"left\">&nbsp;<\/div>\n<div class=\"media-body\">\n<h4 class=\"media-heading\" style=\"padding-top: 0px; border: 0px; margin: 0 0 5px 0; font-size: 15px;\"><span style=\"color: #1D70B8;\"><a style=\"font-weight: bold; color: #1D70B8;\" href=\"https:\/\/gen4.focolare.org\/fr\/download\/hsg-2025-poster\/\">HSG 2025 [POSTER]<\/a> <\/span><span style=\"margin-left: 30px; font-size: 8pt; font-weight: 300;\"> 60.29 MB<\/span><\/h4>\n<\/div>\n<\/div>\n<\/div><\/br><\/div><div class='col-lg-6 col-md-6 col-12'><div class=\"well c2a2\">\n<div class=\"media\">\n<div class=\"pull-left\" style=\"margin-right: 10px;\" align=\"left\">&nbsp;<\/div>\n<div class=\"media-body\">\n<h4 class=\"media-heading\" style=\"padding-top: 0px; border: 0px; margin: 0 0 5px 0; font-size: 15px;\"><span style=\"color: #1D70B8;\"><a style=\"font-weight: bold; color: #1D70B8;\" href=\"https:\/\/gen4.focolare.org\/fr\/download\/hsg_aiuti_-aids-_ayudas_-ajudas_-aides_2022-2023-video_ppt\/\">HSG_Aiuti_ Aids _Ayudas_ Ajudas_ Aides_2022-2023 [VIDEO_PPT]<\/a> <\/span><span style=\"margin-left: 30px; font-size: 8pt; font-weight: 300;\"> 27.93 MB<\/span><\/h4>\n<\/div>\n<\/div>\n<\/div><\/br><\/div><div class='col-lg-6 col-md-6 col-12'><div class=\"well c2a2\">\n<div class=\"media\">\n<div class=\"pull-left\" style=\"margin-right: 10px;\" align=\"left\">&nbsp;<\/div>\n<div class=\"media-body\">\n<h4 class=\"media-heading\" style=\"padding-top: 0px; border: 0px; margin: 0 0 5px 0; font-size: 15px;\"><span style=\"color: #1D70B8;\"><a style=\"font-weight: bold; color: #1D70B8;\" href=\"https:\/\/gen4.focolare.org\/fr\/download\/on-a-mis-jesus-a-la-porte-texte\/\">J\u00e9sus a \u00e9t\u00e9 mis \u00e0 la porte [TEXTE]<\/a> <\/span><span style=\"margin-left: 30px; font-size: 8pt; font-weight: 300;\"> 163.16 KB<\/span><\/h4>\n<\/div>\n<\/div>\n<\/div><\/br><\/div><div class='col-lg-6 col-md-6 col-12'><div class=\"well c2a2\">\n<div class=\"media\">\n<div class=\"pull-left\" style=\"margin-right: 10px;\" align=\"left\">&nbsp;<\/div>\n<div class=\"media-body\">\n<h4 class=\"media-heading\" style=\"padding-top: 0px; border: 0px; margin: 0 0 5px 0; font-size: 15px;\"><span style=\"color: #1D70B8;\"><a style=\"font-weight: bold; color: #1D70B8;\" href=\"https:\/\/gen4.focolare.org\/fr\/download\/la-magnifique-histoire-de-noel_fr_album\/\">La magnifique histoire de No\u00ebl_fr_ALBUM<\/a> <\/span><span style=\"margin-left: 30px; font-size: 8pt; font-weight: 300;\"> 13.90 MB<\/span><\/h4>\n<\/div>\n<\/div>\n<\/div><\/br><\/div><div class='col-lg-6 col-md-6 col-12'><div class=\"well c2a2\">\n<div class=\"media\">\n<div class=\"pull-left\" style=\"margin-right: 10px;\" align=\"left\">&nbsp;<\/div>\n<div class=\"media-body\">\n<h4 class=\"media-heading\" style=\"padding-top: 0px; border: 0px; margin: 0 0 5px 0; font-size: 15px;\"><span style=\"color: #1D70B8;\"><a style=\"font-weight: bold; color: #1D70B8;\" href=\"https:\/\/gen4.focolare.org\/fr\/download\/natale_-noel_-christmas_-navidad_natal-danze_danses_dances_bailes_-dancas\/\">Natale_ No\u00ebl_ Christmas_ Navidad_Natal [DANZE_Danses_Dances_Bailes_ Dan\u00e7as]<\/a> <\/span><span style=\"margin-left: 30px; font-size: 8pt; font-weight: 300;\"> 0.00 KB<\/span><\/h4>\n<\/div>\n<\/div>\n<\/div><\/br><\/div><div class='col-lg-6 col-md-6 col-12'><div class=\"well c2a2\">\n<div class=\"media\">\n<div class=\"pull-left\" style=\"margin-right: 10px;\" align=\"left\">&nbsp;<\/div>\n<div class=\"media-body\">\n<h4 class=\"media-heading\" style=\"padding-top: 0px; border: 0px; margin: 0 0 5px 0; font-size: 15px;\"><span style=\"color: #1D70B8;\"><a style=\"font-weight: bold; color: #1D70B8;\" href=\"https:\/\/gen4.focolare.org\/fr\/download\/spot_hsg_2023-video_ppt\/\">Spot_HSG_2023 [VIDEO_PPT]<\/a> <\/span><span style=\"margin-left: 30px; font-size: 8pt; font-weight: 300;\"> 106.29 MB<\/span><\/h4>\n<\/div>\n<\/div>\n<\/div><\/br><\/div><\/div>                    <\/div>\n\n        <div style='clear:both'><\/div>\n    <\/div>\n<\/div>\n[\/vc_column_text][vc_column_text]<\/p>\n<h2><span style=\"color: #e94e1b;\">EXP\u00c8RIENCES<\/span><\/h2>\n<p>[\/vc_column_text][vc_basic_grid post_type=\u00a0\u00bbwpdmpro\u00a0\u00bb max_items=\u00a0\u00bb10&Prime; item=\u00a0\u00bb1674&Prime; grid_id=\u00a0\u00bbvc_gid:1667578616133-e9a04d84f9b504c538cec03b45c29269-7&Prime; taxonomies=\u00a0\u00bb153&Prime;][\/vc_column][\/vc_row]<\/p>\n<\/div>","protected":false},"excerpt":{"rendered":"<p>[vc_row full_width=\u00a0\u00bbstretch_row\u00a0\u00bb content_placement=\u00a0\u00bbmiddle\u00a0\u00bb css=\u00a0\u00bb.vc_custom_1559339648223{background-image: url(http:\/\/gen4.focolare.org\/wp-content\/uploads\/2019\/05\/background_gen4_yellow.png?id=1748) !important;}\u00a0\u00bb][vc_column width=\u00a0\u00bb1\/2&Prime;][vc_column_text css=\u00a0\u00bb.vc_custom_1574760795116{background-color: #1d70b8 !important;}\u00a0\u00bb] Action &#8230; <\/p>\n","protected":false},"author":1,"featured_media":0,"parent":2943,"menu_order":0,"comment_status":"closed","ping_status":"closed","template":"","meta":{"footnotes":""},"class_list":["post-2905","page","type-page","status-publish","hentry"],"_links":{"self":[{"href":"https:\/\/gen4.focolare.org\/fr\/wp-json\/wp\/v2\/pages\/2905","targetHints":{"allow":["GET"]}}],"collection":[{"href":"https:\/\/gen4.focolare.org\/fr\/wp-json\/wp\/v2\/pages"}],"about":[{"href":"https:\/\/gen4.focolare.org\/fr\/wp-json\/wp\/v2\/types\/page"}],"author":[{"embeddable":true,"href":"https:\/\/gen4.focolare.org\/fr\/wp-json\/wp\/v2\/users\/1"}],"replies":[{"embeddable":true,"href":"https:\/\/gen4.focolare.org\/fr\/wp-json\/wp\/v2\/comments?post=2905"}],"version-history":[{"count":16,"href":"https:\/\/gen4.focolare.org\/fr\/wp-json\/wp\/v2\/pages\/2905\/revisions"}],"predecessor-version":[{"id":12130,"href":"https:\/\/gen4.focolare.org\/fr\/wp-json\/wp\/v2\/pages\/2905\/revisions\/12130"}],"up":[{"embeddable":true,"href":"https:\/\/gen4.focolare.org\/fr\/wp-json\/wp\/v2\/pages\/2943"}],"wp:attachment":[{"href":"https:\/\/gen4.focolare.org\/fr\/wp-json\/wp\/v2\/media?parent=2905"}],"curies":[{"name":"wp","href":"https:\/\/api.w.org\/{rel}","templated":true}]}}