{"id":2943,"date":"2019-05-06T08:30:44","date_gmt":"2019-05-06T06:30:44","guid":{"rendered":"http:\/\/gen4.focolare.org\/?page_id=2943"},"modified":"2020-04-03T20:43:10","modified_gmt":"2020-04-03T18:43:10","slug":"comment-vivons-nous","status":"publish","type":"page","link":"https:\/\/gen4.focolare.org\/fr\/comment-vivons-nous\/","title":{"rendered":"comment vivons-nous?"},"content":{"rendered":"<div class=\"wpb-content-wrapper\"><p>[vc_row full_width=\u00a0\u00bbstretch_row\u00a0\u00bb content_placement=\u00a0\u00bbmiddle\u00a0\u00bb css=\u00a0\u00bb.vc_custom_1559339648223{background-image: url(http:\/\/gen4.focolare.org\/wp-content\/uploads\/2019\/05\/background_gen4_yellow.png?id=1748) !important;}\u00a0\u00bb][vc_column width=\u00a0\u00bb1\/2&Prime;][vc_column_text css=\u00a0\u00bb.vc_custom_1574764675120{background-color: #1d70b8 !important;}\u00a0\u00bb]<\/p>\n<h1 style=\"text-align: center;\"><span style=\"color: #ffffff;\">comment vivons-nous?<\/span><\/h1>\n<p>[\/vc_column_text][\/vc_column][vc_column width=\u00a0\u00bb1\/2&Prime; full_width=\u00a0\u00bb\u00a0\u00bb gap=\u00a0\u00bb0&Prime; full_height=\u00a0\u00bb\u00a0\u00bb columns_placement=\u00a0\u00bbmiddle\u00a0\u00bb equal_height=\u00a0\u00bb\u00a0\u00bb rtl_reverse=\u00a0\u00bb\u00a0\u00bb content_placement=\u00a0\u00bb\u00a0\u00bb disable_element=\u00a0\u00bb\u00a0\u00bb][\/vc_column][\/vc_row][vc_row css=\u00a0\u00bb.vc_custom_1562056718848{padding-top: 30px !important;}\u00a0\u00bb][vc_column width=\u00a0\u00bb1\/2&Prime;][vc_column_text]<\/p>\n<p>\u201cUn Gen4 est un enfant qui a \u00e0 c\u0153ur de prendre soin des autres\u201d, \u201cqui prend les autres en consid\u00e9ration\u201d; \u201cqui aide les gens\u201d; \u201cqui aime J\u00e9sus et veut toujours aimer\u201d\u2026 ce sont quelques-unes des expressions avec lesquelles les enfants des Focolari de divers pays du monde expliquent ce que signifie \u00eatre Gen4.<\/p>\n<p>Chez les enfants, en raison de la spontan\u00e9it\u00e9 propre \u00e0 leur \u00e2ge, le rapport avec Dieu s&rsquo;exprime en actes: les exp\u00e9riences qu&rsquo;ils vivent et partagent sont vraiment leur fa\u00e7on de communiquer et de faire conna\u00eetre leur r\u00e9alit\u00e9 spirituelle.<\/p>\n<p>[\/vc_column_text][\/vc_column][vc_column width=\u00a0\u00bb1\/2&Prime;][vc_column_text]<\/p>\n<h4><span style=\"color: #1d70b8;\">Voici quelques exemples de la vie jaillie des enfants du monde entier qui ont saisi le \u201ccoeur\u201d de la spiritualit\u00e9 de Chiara Lubich, exprim\u00e9 pour eux par ces quelques paroles:<\/span><\/h4>\n<h4><strong><span style=\"color: #1d70b8;\">\u201cAimez, aimez toujours, de sorte qu&rsquo;\u00e0 la fin de chaque journ\u00e9e vous puissiez dire: J&rsquo;ai toujours aim\u00e9\u201d.<\/span><\/strong><span style=\"color: #1d70b8;\"> (Ch.Lubich, in Gen4 italien, n.3 octobre 1978, prima di copertina)<\/span><\/h4>\n<p>[\/vc_column_text][\/vc_column][\/vc_row][vc_row][vc_column][vc_separator][vc_basic_grid post_type=\u00a0\u00bbwpdmpro\u00a0\u00bb max_items=\u00a0\u00bb-1&Prime; element_width=\u00a0\u00bb3&Prime; item=\u00a0\u00bb1674&Prime; grid_id=\u00a0\u00bbvc_gid:1585939431962-a40fddfb-7fc6-3&Prime; taxonomies=\u00a0\u00bb152, 153, 154, 241&Prime;][\/vc_column][\/vc_row]<\/p>\n<\/div>","protected":false},"excerpt":{"rendered":"<p>[vc_row full_width=\u00a0\u00bbstretch_row\u00a0\u00bb content_placement=\u00a0\u00bbmiddle\u00a0\u00bb css=\u00a0\u00bb.vc_custom_1559339648223{background-image: url(http:\/\/gen4.focolare.org\/wp-content\/uploads\/2019\/05\/background_gen4_yellow.png?id=1748) !important;}\u00a0\u00bb][vc_column width=\u00a0\u00bb1\/2&Prime;][vc_column_text css=\u00a0\u00bb.vc_custom_1574764675120{background-color: #1d70b8 !important;}\u00a0\u00bb] comment &#8230; <\/p>\n","protected":false},"author":1,"featured_media":0,"parent":0,"menu_order":0,"comment_status":"closed","ping_status":"closed","template":"","meta":{"footnotes":""},"class_list":["post-2943","page","type-page","status-publish","hentry"],"_links":{"self":[{"href":"https:\/\/gen4.focolare.org\/fr\/wp-json\/wp\/v2\/pages\/2943","targetHints":{"allow":["GET"]}}],"collection":[{"href":"https:\/\/gen4.focolare.org\/fr\/wp-json\/wp\/v2\/pages"}],"about":[{"href":"https:\/\/gen4.focolare.org\/fr\/wp-json\/wp\/v2\/types\/page"}],"author":[{"embeddable":true,"href":"https:\/\/gen4.focolare.org\/fr\/wp-json\/wp\/v2\/users\/1"}],"replies":[{"embeddable":true,"href":"https:\/\/gen4.focolare.org\/fr\/wp-json\/wp\/v2\/comments?post=2943"}],"version-history":[{"count":9,"href":"https:\/\/gen4.focolare.org\/fr\/wp-json\/wp\/v2\/pages\/2943\/revisions"}],"predecessor-version":[{"id":5651,"href":"https:\/\/gen4.focolare.org\/fr\/wp-json\/wp\/v2\/pages\/2943\/revisions\/5651"}],"wp:attachment":[{"href":"https:\/\/gen4.focolare.org\/fr\/wp-json\/wp\/v2\/media?parent=2943"}],"curies":[{"name":"wp","href":"https:\/\/api.w.org\/{rel}","templated":true}]}}