{"id":2951,"date":"2019-05-06T08:31:27","date_gmt":"2019-05-06T06:31:27","guid":{"rendered":"http:\/\/gen4.focolare.org\/?page_id=2951"},"modified":"2021-09-16T12:04:46","modified_gmt":"2021-09-16T10:04:46","slug":"contacts","status":"publish","type":"page","link":"https:\/\/gen4.focolare.org\/fr\/contacts\/","title":{"rendered":"contacts"},"content":{"rendered":"<div class=\"wpb-content-wrapper\"><p>[vc_row full_width=\u00a0\u00bbstretch_row\u00a0\u00bb content_placement=\u00a0\u00bbmiddle\u00a0\u00bb css=\u00a0\u00bb.vc_custom_1559340256912{background-image: url(http:\/\/gen4.focolare.org\/wp-content\/uploads\/2019\/05\/background_gen4_grey-1.png?id=1750) !important;}\u00a0\u00bb][vc_column width=\u00a0\u00bb1\/4&Prime;][vc_column_text css=\u00a0\u00bb.vc_custom_1574765063804{background-color: #e94e1b !important;}\u00a0\u00bb]<\/p>\n<h1 style=\"text-align: center;\"><span style=\"color: #ffffff;\">contacts<\/span><\/h1>\n<p>[\/vc_column_text][\/vc_column][vc_column width=\u00a0\u00bb3\/4&Prime; full_width=\u00a0\u00bb\u00a0\u00bb gap=\u00a0\u00bb0&Prime; full_height=\u00a0\u00bb\u00a0\u00bb columns_placement=\u00a0\u00bbmiddle\u00a0\u00bb equal_height=\u00a0\u00bb\u00a0\u00bb rtl_reverse=\u00a0\u00bb\u00a0\u00bb content_placement=\u00a0\u00bb\u00a0\u00bb disable_element=\u00a0\u00bb\u00a0\u00bb][\/vc_column][\/vc_row][vc_row][vc_column width=\u00a0\u00bb1\/2&Prime;][vc_single_image image=\u00a0\u00bb2174&Prime; img_size=\u00a0\u00bbfull\u00a0\u00bb][vc_column_text]<\/p>\n<p>Ces pages ont seulement esquiss\u00e9 l&rsquo;importance de la place accord\u00e9e aux enfants au sein du Mouvement des Focolari. Les th\u00e9matiques sont nombreuses et difficiles \u00e0 synth\u00e9tiser en quelques lignes.<\/p>\n<p>Pour toute question, proposition, ou demande, nous contacter \u00e0 nos coordonn\u00e9es ou par e-mail.<\/p>\n<p>[\/vc_column_text][vc_column_text]<\/p>\n<p><strong>Mouvement des Focolari<\/strong><\/p>\n<p>Via di Frascati, 306<br \/>\nRocca di Papa (RM)<br \/>\nItalia \u2013 00040<\/p>\n<p>Tel. +39 \/ 06 947 989<\/p>\n<p>[\/vc_column_text][\/vc_column][vc_column width=\u00a0\u00bb1\/2&Prime; css=\u00a0\u00bb.vc_custom_1559379072327{padding-top: 20px !important;}\u00a0\u00bb][vc_raw_html]JTVCZm9ybSUyMGlkJTNEJTIyOTM3NyUyMiUyMCUyRiU1RA==[\/vc_raw_html][\/vc_column][\/vc_row]<\/p>\n<\/div>","protected":false},"excerpt":{"rendered":"<p>[vc_row full_width=\u00a0\u00bbstretch_row\u00a0\u00bb content_placement=\u00a0\u00bbmiddle\u00a0\u00bb css=\u00a0\u00bb.vc_custom_1559340256912{background-image: url(http:\/\/gen4.focolare.org\/wp-content\/uploads\/2019\/05\/background_gen4_grey-1.png?id=1750) !important;}\u00a0\u00bb][vc_column width=\u00a0\u00bb1\/4&Prime;][vc_column_text css=\u00a0\u00bb.vc_custom_1574765063804{background-color: #e94e1b !important;}\u00a0\u00bb] contacts &#8230; <\/p>\n","protected":false},"author":1,"featured_media":0,"parent":0,"menu_order":0,"comment_status":"closed","ping_status":"closed","template":"","meta":{"footnotes":""},"class_list":["post-2951","page","type-page","status-publish","hentry"],"_links":{"self":[{"href":"https:\/\/gen4.focolare.org\/fr\/wp-json\/wp\/v2\/pages\/2951","targetHints":{"allow":["GET"]}}],"collection":[{"href":"https:\/\/gen4.focolare.org\/fr\/wp-json\/wp\/v2\/pages"}],"about":[{"href":"https:\/\/gen4.focolare.org\/fr\/wp-json\/wp\/v2\/types\/page"}],"author":[{"embeddable":true,"href":"https:\/\/gen4.focolare.org\/fr\/wp-json\/wp\/v2\/users\/1"}],"replies":[{"embeddable":true,"href":"https:\/\/gen4.focolare.org\/fr\/wp-json\/wp\/v2\/comments?post=2951"}],"version-history":[{"count":7,"href":"https:\/\/gen4.focolare.org\/fr\/wp-json\/wp\/v2\/pages\/2951\/revisions"}],"predecessor-version":[{"id":9404,"href":"https:\/\/gen4.focolare.org\/fr\/wp-json\/wp\/v2\/pages\/2951\/revisions\/9404"}],"wp:attachment":[{"href":"https:\/\/gen4.focolare.org\/fr\/wp-json\/wp\/v2\/media?parent=2951"}],"curies":[{"name":"wp","href":"https:\/\/api.w.org\/{rel}","templated":true}]}}