{"id":2968,"date":"2019-06-01T00:58:36","date_gmt":"2019-05-31T22:58:36","guid":{"rendered":"http:\/\/gen4.focolare.org\/?page_id=2968"},"modified":"2025-06-16T16:48:52","modified_gmt":"2025-06-16T14:48:52","slug":"lart-daimer-et-le-de","status":"publish","type":"page","link":"https:\/\/gen4.focolare.org\/fr\/comment-vivons-nous\/lart-daimer-et-le-de\/","title":{"rendered":"L\u2019art d\u2019aimer et \u201cle d\u00e9\u201d"},"content":{"rendered":"<div class=\"wpb-content-wrapper\"><p>[vc_row full_width=\u00a0\u00bbstretch_row\u00a0\u00bb content_placement=\u00a0\u00bbmiddle\u00a0\u00bb css=\u00a0\u00bb.vc_custom_1559339648223{background-image: url(http:\/\/gen4.focolare.org\/wp-content\/uploads\/2019\/05\/background_gen4_yellow.png?id=1748) !important;}\u00a0\u00bb][vc_column width=\u00a0\u00bb2\/5&Prime;][vc_column_text css=\u00a0\u00bb.vc_custom_1574765550349{background-color: #1d70b8 !important;}\u00a0\u00bb]<\/p>\n<h1 style=\"text-align: center;\"><span style=\"color: #ffffff;\">L\u2019art d\u2019aimer et \u201cle d\u00e9\u201d<\/span><\/h1>\n<p>[\/vc_column_text][\/vc_column][vc_column width=\u00a0\u00bb3\/5&Prime; full_width=\u00a0\u00bb\u00a0\u00bb gap=\u00a0\u00bb0&Prime; full_height=\u00a0\u00bb\u00a0\u00bb columns_placement=\u00a0\u00bbmiddle\u00a0\u00bb equal_height=\u00a0\u00bb\u00a0\u00bb rtl_reverse=\u00a0\u00bb\u00a0\u00bb content_placement=\u00a0\u00bb\u00a0\u00bb disable_element=\u00a0\u00bb\u00a0\u00bb][\/vc_column][\/vc_row][vc_row full_width=\u00a0\u00bbstretch_row_content\u00a0\u00bb css=\u00a0\u00bb.vc_custom_1559343721436{padding-top: 30px !important;}\u00a0\u00bb][vc_column][vc_single_image image=\u00a0\u00bb2186&Prime; img_size=\u00a0\u00bbfull\u00a0\u00bb][\/vc_column][\/vc_row][vc_row][vc_column width=\u00a0\u00bb1\/3&Prime; css=\u00a0\u00bb.vc_custom_1559343880508{padding-bottom: 20px !important;}\u00a0\u00bb][vc_column_text]<\/p>\n<p><span style=\"font-weight: 400;\">Grandir de fa\u00e7on harmonieuse signifie donner de la place \u00e0 toutes les dimensions de la personne humaine: personnelle et interpersonnelle, sociale et globale, <\/span><span style=\"font-weight: 400;\">mais aussi <\/span><span style=\"font-weight: 400;\">spirituelle. Les aspects de l&rsquo;amour \u00e9vang\u00e9lique<\/span><span style=\"color: #1d70b8;\"><b> (aimer l&rsquo;autre comme soi-m\u00eame \u2013 aimer tout le monde \u2013 aimer son ennemi \u2013 s&rsquo;aimer les uns les autres \u2013 aimer J\u00e9sus dans l&rsquo;autre &#8211; aimer en premier),<\/b><\/span><span style=\"font-weight: 400;\"> d\u00e9finis par Chiara Lubich, comme \u00e9tant <\/span><span style=\"color: #1d70b8;\"><b>\u201cl\u2019art d\u2019aimer\u201d<\/b><\/span><span style=\"font-weight: 400;\">, <\/span><span style=\"font-weight: 400;\">conduisent \u00e0 <\/span><span style=\"font-weight: 400;\">une croissance globale de la personne dans toutes ses dimensions.\u00a0<\/span><\/p>\n<p><span style=\"font-weight: 400;\">C&rsquo;est l&rsquo;exp\u00e9rience faite durant toutes ces ann\u00e9es, \u00e0 l&rsquo;int\u00e9rieur du Mouvement et pas uniquement, depuis 1998 o\u00f9 Chiara Lubich, parlant aux enfants de l&rsquo;Art d&rsquo;aimer, <\/span><span style=\"color: #1d70b8;\"><b>leur a remis un \u201cd\u00e9\u201d<\/b><\/span><span style=\"font-weight: 400;\"><span style=\"color: #1d70b8;\">.<\/span> Un d\u00e9 sp\u00e9cial, sur les faces duquel sont report\u00e9es les phrases ayant trait \u00e0 l&rsquo;amour \u00e9vang\u00e9lique et qui est connu depuis lors comme \u00e9tant le \u201cD\u00e9 de l&rsquo;amour\u201d.<\/span><\/p>\n<p><span style=\"font-weight: 400;\">A partir de ce <\/span><span style=\"color: #1d70b8;\"><b>\u201cjeu\u201d simple (lancer le d\u00e9 chaque matin, regarder sur quelle face il tombe et chercher \u00e0 vivre la phrase toute la journ\u00e9e),<\/b><\/span><span style=\"font-weight: 400;\"> des enfants de toutes les latitudes se sont engag\u00e9s, par un exercice constant et quotidien, \u00e0 porter l&rsquo;amour et la paix parmi leurs camarades, en famille, et partout o\u00f9 ils se trouvent.<\/span><\/p>\n<p>[\/vc_column_text][\/vc_column][vc_column width=\u00a0\u00bb1\/3&Prime;][vc_column_text]<\/p>\n<p><span style=\"font-weight: 400;\">Oui, l\u2019amour et la paix, car les phrases \u00e9vang\u00e9liques de l&rsquo;Art d&rsquo;aimer sont des d\u00e9clinaisons de la \u201cR\u00e8gle d&rsquo;or\u201d qui est exprim\u00e9e dans l&rsquo;<\/span><span style=\"font-weight: 400;\">\u00c9<\/span><span style=\"font-weight: 400;\">vangile par: <\/span><span style=\"color: #1d70b8;\"><b>\u201cTout ce que vous voulez que les hommes fassent pour vous, fa\u00eetes-le vous-m\u00eames pour eux!\u201d (Mt 7,12)<\/b><\/span><span style=\"font-weight: 400;\"><span style=\"color: #1d70b8;\">,<\/span> mais qui est aussi pr\u00e9sente dans les textes sacr\u00e9s des principales religions, et peut \u00eatre v\u00e9cue de fa\u00e7on vraiment universelle!\u00a0<\/span><\/p>\n<p><span style=\"font-weight: 400;\">Au fil des ann\u00e9es, il y a eu beaucoup de variantes des phrases \u00e9crites sur les faces du d\u00e9, des d\u00e9clinaisons diverses, mais toujours dans le m\u00eame but: <\/span><span style=\"color: #1d70b8;\"><b>contribuer \u00e0 un monde plus fraternel, juste et solidaire<\/b><span style=\"font-weight: 400;\">.<\/span><\/span><\/p>\n<p><span style=\"font-weight: 400;\">Le d\u00e9 a eu une vaste diffusion non seulement parmi les enfants, mais aussi parmi les jeunes et les adultes. Il est arriv\u00e9 rapidement dans de nombreux pays du monde et dans des milieux divers: \u00e9coles, paroisses, associations pour l&rsquo;enfance, <\/span><span style=\"color: #1d70b8;\"><b>devenant ainsi un instrument pour jouer et vivre en m\u00eame temps.<\/b><\/span><\/p>\n<p>[\/vc_column_text][\/vc_column][vc_column width=\u00a0\u00bb1\/3&Prime;][vc_column_text]<\/p>\n<p><span style=\"color: #1d70b8;\"><b>De nombreux projets sont n\u00e9s du \u00ab\u00a0D\u00e9 de l&rsquo;amour\u00a0\u00bb Gen4:<\/b><\/span><\/p>\n<p><span style=\"font-weight: 400;\">pour la construction de la paix: le <\/span><span style=\"color: #1d70b8;\"><b>D\u00e9 de la Paix<\/b><span style=\"font-weight: 400;\">:<\/span><a style=\"color: #1d70b8;\" href=\"http:\/\/livingpeaceinternational.org\/it\/\"> <span style=\"font-weight: 400;\">http:\/\/livingpeaceinternational.org\/fr\/<\/span><\/a><\/span><\/p>\n<p><span style=\"font-weight: 400;\">pour porter de vraies valeurs dans le sport: le D\u00e9 du sport de <\/span><span style=\"color: #1d70b8;\"><b>Sport4peace<\/b><span style=\"font-weight: 400;\">:<\/span><a style=\"color: #1d70b8;\" href=\"http:\/\/www.sportmeet.org\/it\/\"> <span style=\"font-weight: 400;\">http:\/\/www.sportmeet.org\/it\/<\/span><\/a><\/span><\/p>\n<p><span style=\"font-weight: 400;\">pour la d\u00e9fense de la nature: le <\/span><span style=\"color: #1d70b8;\"><b>D\u00e9 de la terre<\/b><a style=\"color: #1d70b8;\" href=\"http:\/\/theearthcube.org\/it\/\"><span style=\"font-weight: 400;\">:<\/span><\/a> <a style=\"color: #1d70b8;\" href=\"http:\/\/theearthcube.org\/fr\/\"><span style=\"font-weight: 400;\">http:\/\/theearthcube.org\/fr\/<\/span><\/a><\/span><\/p>\n<p><span style=\"font-weight: 400;\">dans le milieu p\u00e9dagogique, la <span style=\"color: #1d70b8;\">\u201c<\/span><\/span><span style=\"color: #1d70b8;\"><b>p\u00e9dagogie du d\u00e9 de l&rsquo;amour<\/b><span style=\"font-weight: 400;\">\u201d:<\/span> <a style=\"color: #1d70b8;\" href=\"http:\/\/www.trentoardente.it\/\"><span style=\"font-weight: 400;\">http:\/\/www.trentoardente.it\/<\/span><\/a><\/span><\/p>\n<p>[\/vc_column_text][\/vc_column][\/vc_row][vc_row][vc_column][vc_column_text]<\/p>\n<h2><span style=\"color: #e94e1b;\">MAT\u00c9RIEL<\/span><\/h2>\n<p>[\/vc_column_text][vc_column_text css=\u00a0\u00bb\u00a0\u00bb]<div class='w3eden wpdm_packages_shortcode'>\n    <div class=''>\n\n        \n        <div id=\"content_wpdm_package_1\">\n            <div class='row'><div class='col-lg-6 col-md-6 col-6'><div class=\"well c2a2\">\n<div class=\"media\">\n<div class=\"pull-left\" style=\"margin-right: 10px;\" align=\"left\">&nbsp;<\/div>\n<div class=\"media-body\">\n<h4 class=\"media-heading\" style=\"padding-top: 0px; border: 0px; margin: 0 0 5px 0; font-size: 15px;\"><span style=\"color: #1D70B8;\"><a style=\"font-weight: bold; color: #1D70B8;\" href=\"https:\/\/gen4.focolare.org\/fr\/download\/une-nouvelle-video-sur-lart-daimer-et-le-de-de-lamour\/\">Une nouvelle vid\u00e9o sur \u00ab L'art d'aimer \u00bb et le \u00ab d\u00e9 de l'amour \u00bb<\/a> <\/span><span style=\"margin-left: 30px; font-size: 8pt; font-weight: 300;\"> 979.39 KB<\/span><\/h4>\n<\/div>\n<\/div>\n<\/div><\/br><\/div><div class='col-lg-6 col-md-6 col-6'><div class=\"well c2a2\">\n<div class=\"media\">\n<div class=\"pull-left\" style=\"margin-right: 10px;\" align=\"left\">&nbsp;<\/div>\n<div class=\"media-body\">\n<h4 class=\"media-heading\" style=\"padding-top: 0px; border: 0px; margin: 0 0 5px 0; font-size: 15px;\"><span style=\"color: #1D70B8;\"><a style=\"font-weight: bold; color: #1D70B8;\" href=\"https:\/\/gen4.focolare.org\/fr\/download\/gmkg4-spot_de-de-lamour\/\">GMKG4: Spot_D\u00e9 de l\u2019amour<\/a> <\/span><span style=\"margin-left: 30px; font-size: 8pt; font-weight: 300;\"> 0.00 KB<\/span><\/h4>\n<\/div>\n<\/div>\n<\/div><\/br><\/div><div class='col-lg-6 col-md-6 col-6'><div class=\"well c2a2\">\n<div class=\"media\">\n<div class=\"pull-left\" style=\"margin-right: 10px;\" align=\"left\">&nbsp;<\/div>\n<div class=\"media-body\">\n<h4 class=\"media-heading\" style=\"padding-top: 0px; border: 0px; margin: 0 0 5px 0; font-size: 15px;\"><span style=\"color: #1D70B8;\"><a style=\"font-weight: bold; color: #1D70B8;\" href=\"https:\/\/gen4.focolare.org\/fr\/download\/le-de-de-lamour-chanson\/\">Le d\u00e9 de l'amour [CHANSON]<\/a> <\/span><span style=\"margin-left: 30px; font-size: 8pt; font-weight: 300;\"> 7.87 MB<\/span><\/h4>\n<\/div>\n<\/div>\n<\/div><\/br><\/div><div class='col-lg-6 col-md-6 col-6'><div class=\"well c2a2\">\n<div class=\"media\">\n<div class=\"pull-left\" style=\"margin-right: 10px;\" align=\"left\">&nbsp;<\/div>\n<div class=\"media-body\">\n<h4 class=\"media-heading\" style=\"padding-top: 0px; border: 0px; margin: 0 0 5px 0; font-size: 15px;\"><span style=\"color: #1D70B8;\"><a style=\"font-weight: bold; color: #1D70B8;\" href=\"https:\/\/gen4.focolare.org\/fr\/download\/lance-le-de-chanson\/\">Lance le d\u00e9 [CHANSON]<\/a> <\/span><span style=\"margin-left: 30px; font-size: 8pt; font-weight: 300;\"> 10.55 MB<\/span><\/h4>\n<\/div>\n<\/div>\n<\/div><\/br><\/div><\/div>            <div style='clear:both'><\/div><div class='text-center'><ul class='pagination wpdm-pagination pagination-centered text-center'><\/ul><\/div><div style='clear:both'><\/div>        <\/div>\n\n        <div style='clear:both'><\/div>\n    <\/div>\n<\/div>\n[\/vc_column_text][vc_column_text]<\/p>\n<h2><span style=\"color: #e94e1b;\">EXP\u00c8RIENCES<\/span><\/h2>\n<p>[\/vc_column_text][vc_basic_grid post_type=\u00a0\u00bbwpdmpro\u00a0\u00bb max_items=\u00a0\u00bb10&Prime; item=\u00a0\u00bb1674&Prime; grid_id=\u00a0\u00bbvc_gid:1750085224874-f162fff3-100b-3&Prime; taxonomies=\u00a0\u00bb154&Prime;][\/vc_column][\/vc_row]<\/p>\n<\/div>","protected":false},"excerpt":{"rendered":"<p>[vc_row full_width=\u00a0\u00bbstretch_row\u00a0\u00bb content_placement=\u00a0\u00bbmiddle\u00a0\u00bb css=\u00a0\u00bb.vc_custom_1559339648223{background-image: url(http:\/\/gen4.focolare.org\/wp-content\/uploads\/2019\/05\/background_gen4_yellow.png?id=1748) !important;}\u00a0\u00bb][vc_column width=\u00a0\u00bb2\/5&Prime;][vc_column_text css=\u00a0\u00bb.vc_custom_1574765550349{background-color: #1d70b8 !important;}\u00a0\u00bb] L\u2019art &#8230; <\/p>\n","protected":false},"author":1,"featured_media":0,"parent":2943,"menu_order":0,"comment_status":"closed","ping_status":"closed","template":"","meta":{"footnotes":""},"class_list":["post-2968","page","type-page","status-publish","hentry"],"_links":{"self":[{"href":"https:\/\/gen4.focolare.org\/fr\/wp-json\/wp\/v2\/pages\/2968","targetHints":{"allow":["GET"]}}],"collection":[{"href":"https:\/\/gen4.focolare.org\/fr\/wp-json\/wp\/v2\/pages"}],"about":[{"href":"https:\/\/gen4.focolare.org\/fr\/wp-json\/wp\/v2\/types\/page"}],"author":[{"embeddable":true,"href":"https:\/\/gen4.focolare.org\/fr\/wp-json\/wp\/v2\/users\/1"}],"replies":[{"embeddable":true,"href":"https:\/\/gen4.focolare.org\/fr\/wp-json\/wp\/v2\/comments?post=2968"}],"version-history":[{"count":11,"href":"https:\/\/gen4.focolare.org\/fr\/wp-json\/wp\/v2\/pages\/2968\/revisions"}],"predecessor-version":[{"id":22523,"href":"https:\/\/gen4.focolare.org\/fr\/wp-json\/wp\/v2\/pages\/2968\/revisions\/22523"}],"up":[{"embeddable":true,"href":"https:\/\/gen4.focolare.org\/fr\/wp-json\/wp\/v2\/pages\/2943"}],"wp:attachment":[{"href":"https:\/\/gen4.focolare.org\/fr\/wp-json\/wp\/v2\/media?parent=2968"}],"curies":[{"name":"wp","href":"https:\/\/api.w.org\/{rel}","templated":true}]}}