{"id":2972,"date":"2019-07-02T10:55:17","date_gmt":"2019-07-02T08:55:17","guid":{"rendered":"http:\/\/gen4.focolare.org\/?page_id=2972"},"modified":"2020-02-13T16:17:18","modified_gmt":"2020-02-13T15:17:18","slug":"la-culture-du-donner-et-du-partage","status":"publish","type":"page","link":"https:\/\/gen4.focolare.org\/fr\/comment-vivons-nous\/la-culture-du-donner-et-du-partage\/","title":{"rendered":"La \u201cculture du &lsquo;donner&rsquo; et du partage\u201d"},"content":{"rendered":"<div class=\"wpb-content-wrapper\"><p>[vc_row full_width=\u00a0\u00bbstretch_row\u00a0\u00bb content_placement=\u00a0\u00bbmiddle\u00a0\u00bb css=\u00a0\u00bb.vc_custom_1559339648223{background-image: url(http:\/\/gen4.focolare.org\/wp-content\/uploads\/2019\/05\/background_gen4_yellow.png?id=1748) !important;}\u00a0\u00bb][vc_column width=\u00a0\u00bb1\/2&Prime;][vc_column_text css=\u00a0\u00bb.vc_custom_1574765867801{background-color: #1d70b8 !important;}\u00a0\u00bb]<\/p>\n<h1 style=\"text-align: center;\"><span style=\"color: #ffffff;\">La \u201cculture du &lsquo;donner&rsquo; et du partage\u201d<\/span><\/h1>\n<p>[\/vc_column_text][\/vc_column][vc_column width=\u00a0\u00bb1\/2&Prime; full_width=\u00a0\u00bb\u00a0\u00bb gap=\u00a0\u00bb0&Prime; full_height=\u00a0\u00bb\u00a0\u00bb columns_placement=\u00a0\u00bbmiddle\u00a0\u00bb equal_height=\u00a0\u00bb\u00a0\u00bb rtl_reverse=\u00a0\u00bb\u00a0\u00bb content_placement=\u00a0\u00bb\u00a0\u00bb disable_element=\u00a0\u00bb\u00a0\u00bb][\/vc_column][\/vc_row][vc_row full_width=\u00a0\u00bbstretch_row_content\u00a0\u00bb css=\u00a0\u00bb.vc_custom_1559343721436{padding-top: 30px !important;}\u00a0\u00bb][vc_column][vc_single_image image=\u00a0\u00bb2190&Prime; img_size=\u00a0\u00bbfull\u00a0\u00bb][\/vc_column][\/vc_row][vc_row][vc_column width=\u00a0\u00bb1\/3&Prime; css=\u00a0\u00bb.vc_custom_1559343880508{padding-bottom: 20px !important;}\u00a0\u00bb][vc_column_text]<\/p>\n<p><span style=\"color: #1d70b8;\"><b><i>\u201cLa gratuit\u00e9 est fondamentale dans la vie. Elle peut m\u00eame devenir un v\u00e9ritable art. Quand l&rsquo;art de la gratuit\u00e9 s&rsquo;apprend dans l&rsquo;enfance, cela devient plus facilement une culture, la culture du \u201cdonner\u201d, et on peut donc vraiment commencer \u00e0 esp\u00e9rer un monde plus juste, un monde de paix et de communion\u00a0\u00bb.<\/i><\/b><\/span><span style=\"font-weight: 400;\"> (L.Bruni, in C.Heinsdorff \u2013 M.Bolkart, <\/span><i><span style=\"font-weight: 400;\">La felicit\u00e0 di dare [Le bonheur de donner],<\/span><\/i><span style=\"font-weight: 400;\"> Citt\u00e0 Nuova, Rome, 2005, quatri\u00e8me de couverture)<\/span><\/p>\n<p><span style=\"font-weight: 400;\">Le parcours de formation Gen4, au sein des communaut\u00e9s du Mouvement des Focolari, comporte des \u00e9l\u00e9ments qui peuvent faciliter l&rsquo;acquisition de ces valeurs.<\/span><\/p>\n<p><span style=\"font-weight: 400;\">Se sentir membre d&rsquo;une grande famille, \u00e0 dimension plan\u00e9taire, aide l&rsquo;enfant \u00e0 prendre en consid\u00e9ration l&rsquo;autre, qui ne sera plus un \u00ab\u00a0inconnu\u00a0\u00bb, mais un fr\u00e8re.<\/span><\/p>\n<p><span style=\"font-weight: 400;\">Au fur et \u00e0 mesure que le Gen4 fait l&rsquo;exp\u00e9rience personnelle de la beaut\u00e9 <\/span><span style=\"color: #1d70b8;\"><b>d&rsquo;\u00eatre aim\u00e9\u00a0 \u00ab\u00a0gratuitement\u00a0\u00bb, de fa\u00e7on d\u00e9sint\u00e9ress\u00e9e, il d\u00e9couvre la joie et l&rsquo;opportunit\u00e9 de partager ce qu&rsquo;il a avec ses amis et m\u00eame avec d\u2019autres.<\/b><\/span><\/p>\n<p>[\/vc_column_text][\/vc_column][vc_column width=\u00a0\u00bb1\/3&Prime;][vc_column_text]<\/p>\n<p><span style=\"font-weight: 400;\">C&rsquo;est l&rsquo;exp\u00e9rience v\u00e9cue par Chiara Lubich depuis le d\u00e9but du Mouvement: de la d\u00e9couverte de Dieu Amour \u00e0 la communion des biens, comme les premiers chr\u00e9tiens, parmi lesquels, gr\u00e2ce \u00e0 l&rsquo;amour r\u00e9ciproque v\u00e9cu, plus personne n&rsquo;\u00e9tait dans le besoin.<\/span><\/p>\n<p><span style=\"color: #1d70b8;\"><b>Mais que partager et avec qui?<\/b><\/span><\/p>\n<p><span style=\"font-weight: 400;\">R\u00e9pondant \u00e0 la question d&rsquo;une Gen4 de Cor\u00e9e<\/span><i><span style=\"font-weight: 400;\"> (\u00ab\u00a0Chiara, tu nous apprends \u00e0 toujours donner, sans jamais \u00e9conomiser d&rsquo;argent. Mais je n&rsquo;ai pas beaucoup de choses \u00e0 donner. Comment est-ce que je peux faire?) <\/span><\/i><span style=\"font-weight: 400;\">Chiara Lubich \u00e9largit consid\u00e9rablement la vision du \u00ab\u00a0donner\u00a0\u00bb<\/span><i><span style=\"font-weight: 400;\">.<\/span><\/i><span style=\"color: #1d70b8;\"><b><i> \u201cTout le monde a\u00a0 quelque chose \u00e0 donner : de l&rsquo;aide, un sourire, de l&rsquo;\u00e9coute, de la joie, partager son go\u00fbter&#8230;\u201d<\/i><\/b><\/span><\/p>\n<p><span style=\"font-weight: 400;\">La \u00ab\u00a0culture du &lsquo;donner&rsquo; et du partage\u00a0\u00bb, qui veut \u00eatre le style de vie des Gen4, n&rsquo;est pas seulement l&rsquo;attention aux plus n\u00e9cessiteux au sens mat\u00e9riel du terme<\/span><span style=\"color: #1d70b8;\"><b>, mais c&rsquo;est aussi valoriser tout ce que nous avons comme \u00ab\u00a0don\u00a0\u00bb, \u00ab\u00a0richesse personnelle\u00a0\u00bb en termes de talents, de connaissances, de capacit\u00e9 \u00e0 aider toute personne qui passe \u00e0 c\u00f4t\u00e9 de nous.<\/b><\/span><\/p>\n<p>[\/vc_column_text][\/vc_column][vc_column width=\u00a0\u00bb1\/3&Prime;][vc_column_text]<\/p>\n<p><span style=\"font-weight: 400;\">Voici ce que Chiara leur \u00e9crivait:\u00a0<\/span><\/p>\n<h3><span style=\"color: #1d70b8;\"><b><i>\u201cSi quelqu&rsquo;un aime, il donne. Si l&rsquo;autre aime, il donne. Si nous nous aimons tous, tout est en commun.<\/i><\/b><\/span><\/h3>\n<h3><span style=\"color: #1d70b8;\"><b><i>Voil\u00e0 comment vivent les Gen4.\u201d<\/i><\/b><\/span><\/h3>\n<p><i><span style=\"font-weight: 400;\">(<\/span><\/i><span style=\"font-weight: 400;\"> Ch.Lubich, in <\/span><i><span style=\"font-weight: 400;\">Gen4 italien,<\/span><\/i><span style=\"font-weight: 400;\"> n. 5-6 maggio-giugno 1985, p.4)<\/span><\/p>\n<h3><span style=\"color: #1d70b8;\"><b>\u201c<\/b><b><i>Essaie<\/i><\/b><b> de<\/b><b><i> donner quelque chose \u00e0 J\u00e9sus dans tes fr\u00e8res, et tu recevras en retour\u201d.<\/i><\/b><\/span><\/h3>\n<p><i><span style=\"font-weight: 400;\">(<\/span><\/i><span style=\"font-weight: 400;\"> Ch.Lubich, in <\/span><i><span style=\"font-weight: 400;\">Gen4 italien ,<\/span><\/i><span style=\"font-weight: 400;\"> n. 1 gennaio 1981, p.5<\/span><i><span style=\"font-weight: 400;\">)<\/span><\/i><\/p>\n<p>[\/vc_column_text][\/vc_column][\/vc_row][vc_row][vc_column][vc_column_text]<\/p>\n<h2><span style=\"color: #e94e1b;\">MAT\u00c9RIEL<\/span><\/h2>\n<p>[\/vc_column_text][vc_column_text]<\/p>\n<div class='w3eden wpdm_packages_shortcode'>\n    <div class=''>\n\n        \n        <div id=\"content_wpdm_package_1\">\n            <div class='row'><div class='col-md-12'>Aucun t\u00e9l\u00e9chargement n\u2019a \u00e9t\u00e9 trouv\u00e9\u00a0!<\/div><\/div>            <div style='clear:both'><\/div><div class='text-center'><ul class='pagination wpdm-pagination pagination-centered text-center'><\/ul><\/div><div style='clear:both'><\/div>        <\/div>\n\n        <div style='clear:both'><\/div>\n    <\/div>\n<\/div>\n\n<p>[\/vc_column_text][vc_column_text]<\/p>\n<h2><span style=\"color: #e94e1b;\">EXP\u00c8RIENCES<\/span><\/h2>\n<p>[\/vc_column_text][vc_basic_grid post_type=\u00a0\u00bbwpdmpro\u00a0\u00bb max_items=\u00a0\u00bb10&Prime; item=\u00a0\u00bb1674&Prime; grid_id=\u00a0\u00bbvc_gid:1581606882277-79686085-fa6c-9&Prime; taxonomies=\u00a0\u00bb152&Prime;][\/vc_column][\/vc_row]<\/p>\n<\/div>","protected":false},"excerpt":{"rendered":"<p>[vc_row full_width=\u00a0\u00bbstretch_row\u00a0\u00bb content_placement=\u00a0\u00bbmiddle\u00a0\u00bb css=\u00a0\u00bb.vc_custom_1559339648223{background-image: url(http:\/\/gen4.focolare.org\/wp-content\/uploads\/2019\/05\/background_gen4_yellow.png?id=1748) !important;}\u00a0\u00bb][vc_column width=\u00a0\u00bb1\/2&Prime;][vc_column_text css=\u00a0\u00bb.vc_custom_1574765867801{background-color: #1d70b8 !important;}\u00a0\u00bb] La &#8230; <\/p>\n","protected":false},"author":1,"featured_media":0,"parent":2943,"menu_order":0,"comment_status":"closed","ping_status":"closed","template":"","meta":{"footnotes":""},"class_list":["post-2972","page","type-page","status-publish","hentry"],"_links":{"self":[{"href":"https:\/\/gen4.focolare.org\/fr\/wp-json\/wp\/v2\/pages\/2972","targetHints":{"allow":["GET"]}}],"collection":[{"href":"https:\/\/gen4.focolare.org\/fr\/wp-json\/wp\/v2\/pages"}],"about":[{"href":"https:\/\/gen4.focolare.org\/fr\/wp-json\/wp\/v2\/types\/page"}],"author":[{"embeddable":true,"href":"https:\/\/gen4.focolare.org\/fr\/wp-json\/wp\/v2\/users\/1"}],"replies":[{"embeddable":true,"href":"https:\/\/gen4.focolare.org\/fr\/wp-json\/wp\/v2\/comments?post=2972"}],"version-history":[{"count":9,"href":"https:\/\/gen4.focolare.org\/fr\/wp-json\/wp\/v2\/pages\/2972\/revisions"}],"predecessor-version":[{"id":5156,"href":"https:\/\/gen4.focolare.org\/fr\/wp-json\/wp\/v2\/pages\/2972\/revisions\/5156"}],"up":[{"embeddable":true,"href":"https:\/\/gen4.focolare.org\/fr\/wp-json\/wp\/v2\/pages\/2943"}],"wp:attachment":[{"href":"https:\/\/gen4.focolare.org\/fr\/wp-json\/wp\/v2\/media?parent=2972"}],"curies":[{"name":"wp","href":"https:\/\/api.w.org\/{rel}","templated":true}]}}