{"id":2981,"date":"2019-06-01T01:25:43","date_gmt":"2019-05-31T23:25:43","guid":{"rendered":"http:\/\/gen4.focolare.org\/?page_id=2981"},"modified":"2019-12-11T13:38:36","modified_gmt":"2019-12-11T12:38:36","slug":"projet-de-formation","status":"publish","type":"page","link":"https:\/\/gen4.focolare.org\/fr\/qui-sommes-nous\/projet-de-formation\/","title":{"rendered":"Projet de formation"},"content":{"rendered":"<div class=\"wpb-content-wrapper\"><p>[vc_row full_width=\u00a0\u00bbstretch_row\u00a0\u00bb content_placement=\u00a0\u00bbmiddle\u00a0\u00bb css=\u00a0\u00bb.vc_custom_1559339898804{background-image: url(http:\/\/gen4.focolare.org\/wp-content\/uploads\/2019\/05\/background_gen4_red.png?id=1747) !important;}\u00a0\u00bb][vc_column width=\u00a0\u00bb1\/4&Prime;][vc_column_text css=\u00a0\u00bb.vc_custom_1574766883582{background-color: #00983a !important;}\u00a0\u00bb]<\/p>\n<h1 style=\"text-align: center;\"><span style=\"color: #ffffff;\">qui sommes-nous?<\/span><\/h1>\n<p>[\/vc_column_text][\/vc_column][vc_column width=\u00a0\u00bb3\/4&Prime; full_width=\u00a0\u00bb\u00a0\u00bb gap=\u00a0\u00bb0&Prime; full_height=\u00a0\u00bb\u00a0\u00bb columns_placement=\u00a0\u00bbmiddle\u00a0\u00bb equal_height=\u00a0\u00bb\u00a0\u00bb rtl_reverse=\u00a0\u00bb\u00a0\u00bb content_placement=\u00a0\u00bb\u00a0\u00bb disable_element=\u00a0\u00bb\u00a0\u00bb][\/vc_column][\/vc_row][vc_row css=\u00a0\u00bb.vc_custom_1559332639878{padding-top: 30px !important;}\u00a0\u00bb][vc_column width=\u00a0\u00bb1\/4&Prime;][vc_column_text css=\u00a0\u00bb.vc_custom_1574766895320{margin-right: 10px !important;border-right-width: 1px !important;padding-right: 10px !important;border-right-color: #e94e1b !important;border-right-style: dashed !important;}\u00a0\u00bb]<\/p>\n<h1 style=\"text-align: right;\"><span style=\"color: #e94e1b;\">Projet de formation<\/span><\/h1>\n<p>[\/vc_column_text][\/vc_column][vc_column width=\u00a0\u00bb3\/4&Prime;][vc_column_text css=\u00a0\u00bb.vc_custom_1576068036869{margin-bottom: 0px !important;border-bottom-width: 0px !important;padding-top: 0px !important;padding-bottom: 0px !important;}\u00a0\u00bb]<\/p>\n<p><img loading=\"lazy\" decoding=\"async\" class=\"size-medium wp-image-2299 alignright\" src=\"http:\/\/gen4.focolare.org\/wp-content\/uploads\/2019\/09\/Accompagnare-300x200.jpg\" alt=\"\" width=\"300\" height=\"200\" srcset=\"https:\/\/gen4.focolare.org\/wp-content\/uploads\/2019\/09\/Accompagnare-300x200.jpg 300w, https:\/\/gen4.focolare.org\/wp-content\/uploads\/2019\/09\/Accompagnare-768x512.jpg 768w, https:\/\/gen4.focolare.org\/wp-content\/uploads\/2019\/09\/Accompagnare-1024x683.jpg 1024w, https:\/\/gen4.focolare.org\/wp-content\/uploads\/2019\/09\/Accompagnare-600x400.jpg 600w\" sizes=\"auto, (max-width: 300px) 100vw, 300px\" \/><\/p>\n<p><span style=\"font-weight: 400;\">La formation des enfants dans le Mouvement des Focolari fait partie du parcours de formation pour les nouvelles g\u00e9n\u00e9rations dans lequel:<\/span><\/p>\n<p style=\"padding-left: 40px;\"><span style=\"font-weight: 400;\">1) tout le patrimoine spirituel que Chiara Lubich a donn\u00e9 aux enfants est offert, graduellement, selon l&rsquo;\u00e2ge de chacun, pour garder l&rsquo;\u00e9merveillement \u00e0 chaque \u00e9tape: \u00ab\u00a0J\u00e9sus grandissait en sagesse, en taille et en gr\u00e2ce\u00a0\u00bb (Lc 2,52). Nous essayons de prendre soin et d&rsquo;accompagner le passage d&rsquo;une \u00e9tape \u00e0 l&rsquo;autre: des enfants (Gen4) aux adolescents (Gen3) <\/span>et plus tard des adolescents (Gen3) aux jeunes (Gen2);<\/p>\n<p style=\"padding-left: 40px;\"><span style=\"font-weight: 400;\">2<\/span><img loading=\"lazy\" decoding=\"async\" class=\"size-medium wp-image-2768 alignright\" src=\"http:\/\/gen4.focolare.org\/wp-content\/uploads\/2019\/10\/Fotos-Pep-094-300x225.jpg\" alt=\"\" width=\"300\" height=\"225\" srcset=\"https:\/\/gen4.focolare.org\/wp-content\/uploads\/2019\/10\/Fotos-Pep-094-300x225.jpg 300w, https:\/\/gen4.focolare.org\/wp-content\/uploads\/2019\/10\/Fotos-Pep-094-768x576.jpg 768w, https:\/\/gen4.focolare.org\/wp-content\/uploads\/2019\/10\/Fotos-Pep-094-1024x768.jpg 1024w, https:\/\/gen4.focolare.org\/wp-content\/uploads\/2019\/10\/Fotos-Pep-094-600x450.jpg 600w\" sizes=\"auto, (max-width: 300px) 100vw, 300px\" \/>) nous voulons essayer d&rsquo;\u00eatre de v\u00e9ritables \u00ab\u00a0prochains\u00a0\u00bb pour chaque enfant par l&rsquo;accueil, la proximit\u00e9, et l&rsquo;ouverture au dialogue. Cela signifie, par exemple, la recherche de langages et de m\u00e9thodes adapt\u00e9s \u00e0 chaque tranche d&rsquo;\u00e2ge, mais aussi la prise en compte des diff\u00e9rentes situations, l&rsquo;adaptation des activit\u00e9s en fonction des pays et\/ou de l&rsquo;appartenance aux diff\u00e9rentes \u00c9glises et aux diff\u00e9rentes religions et cultures;<\/p>\n<p style=\"padding-left: 40px;\"><span style=\"font-weight: 400;\">3) l&rsquo;approche propos\u00e9e vise \u00e0 aller au-del\u00e0 de la simple transmission th\u00e9orique de contenus. Les exp\u00e9riences de vie et la mise en pratique des valeurs et des initiatives lanc\u00e9es viendront soutenir et enrichir la r\u00e9flexion et la formation des enfants.<\/span><\/p>\n<p>[\/vc_column_text][\/vc_column][\/vc_row]<\/p>\n<\/div>","protected":false},"excerpt":{"rendered":"<p>[vc_row full_width=\u00a0\u00bbstretch_row\u00a0\u00bb content_placement=\u00a0\u00bbmiddle\u00a0\u00bb css=\u00a0\u00bb.vc_custom_1559339898804{background-image: url(http:\/\/gen4.focolare.org\/wp-content\/uploads\/2019\/05\/background_gen4_red.png?id=1747) !important;}\u00a0\u00bb][vc_column width=\u00a0\u00bb1\/4&Prime;][vc_column_text css=\u00a0\u00bb.vc_custom_1574766883582{background-color: #00983a !important;}\u00a0\u00bb] qui &#8230; <\/p>\n","protected":false},"author":1,"featured_media":0,"parent":2927,"menu_order":0,"comment_status":"closed","ping_status":"closed","template":"","meta":{"footnotes":""},"class_list":["post-2981","page","type-page","status-publish","hentry"],"_links":{"self":[{"href":"https:\/\/gen4.focolare.org\/fr\/wp-json\/wp\/v2\/pages\/2981","targetHints":{"allow":["GET"]}}],"collection":[{"href":"https:\/\/gen4.focolare.org\/fr\/wp-json\/wp\/v2\/pages"}],"about":[{"href":"https:\/\/gen4.focolare.org\/fr\/wp-json\/wp\/v2\/types\/page"}],"author":[{"embeddable":true,"href":"https:\/\/gen4.focolare.org\/fr\/wp-json\/wp\/v2\/users\/1"}],"replies":[{"embeddable":true,"href":"https:\/\/gen4.focolare.org\/fr\/wp-json\/wp\/v2\/comments?post=2981"}],"version-history":[{"count":6,"href":"https:\/\/gen4.focolare.org\/fr\/wp-json\/wp\/v2\/pages\/2981\/revisions"}],"predecessor-version":[{"id":3113,"href":"https:\/\/gen4.focolare.org\/fr\/wp-json\/wp\/v2\/pages\/2981\/revisions\/3113"}],"up":[{"embeddable":true,"href":"https:\/\/gen4.focolare.org\/fr\/wp-json\/wp\/v2\/pages\/2927"}],"wp:attachment":[{"href":"https:\/\/gen4.focolare.org\/fr\/wp-json\/wp\/v2\/media?parent=2981"}],"curies":[{"name":"wp","href":"https:\/\/api.w.org\/{rel}","templated":true}]}}