{"id":3025,"date":"2019-05-06T08:30:55","date_gmt":"2019-05-06T06:30:55","guid":{"rendered":"http:\/\/gen4.focolare.org\/?page_id=3025"},"modified":"2025-06-20T12:19:46","modified_gmt":"2025-06-20T10:19:46","slug":"parole-de-vie","status":"publish","type":"page","link":"https:\/\/gen4.focolare.org\/fr\/parole-de-vie\/","title":{"rendered":"parole de vie"},"content":{"rendered":"<div class=\"wpb-content-wrapper\"><p>[vc_row full_width=\u00a0\u00bbstretch_row\u00a0\u00bb content_placement=\u00a0\u00bbmiddle\u00a0\u00bb css=\u00a0\u00bb.vc_custom_1559339456463{background-image: url(http:\/\/gen4.focolare.org\/wp-content\/uploads\/2019\/05\/background_gen4_blue.png?id=1749) !important;}\u00a0\u00bb][vc_column width=\u00a0\u00bb1\/4&Prime;][vc_column_text css=\u00a0\u00bb.vc_custom_1574769229073{background-color: #e94e1b !important;}\u00a0\u00bb]<\/p>\n<h1 style=\"text-align: center;\"><span style=\"color: #ffffff;\">parole de vie<\/span><\/h1>\n<p>[\/vc_column_text][\/vc_column][vc_column width=\u00a0\u00bb3\/4&Prime; full_width=\u00a0\u00bb\u00a0\u00bb gap=\u00a0\u00bb0&Prime; full_height=\u00a0\u00bb\u00a0\u00bb columns_placement=\u00a0\u00bbmiddle\u00a0\u00bb equal_height=\u00a0\u00bb\u00a0\u00bb rtl_reverse=\u00a0\u00bb\u00a0\u00bb content_placement=\u00a0\u00bb\u00a0\u00bb disable_element=\u00a0\u00bb\u00a0\u00bb][\/vc_column][\/vc_row][vc_row css=\u00a0\u00bb.vc_custom_1559336065333{padding-top: 30px !important;}\u00a0\u00bb][vc_column width=\u00a0\u00bb1\/3&Prime;][vc_column_text]<\/p>\n<p><span style=\"color: #1d6fb8;\"><b>\u201cVivre la Parole\u201d<\/b><\/span> <span style=\"font-weight: 400;\">s&rsquo;ins\u00e8re vraiment bien dans le parcours <\/span><span style=\"font-weight: 400;\">de formation des Gen4. Ce n&rsquo;est pas une simple transmission th\u00e9orique de contenus, mais une exp\u00e9rimentation concr\u00e8te de valeurs, et un partage d&rsquo;exp\u00e9riences soutenant et enrichissant\u00a0 la r\u00e9flexion. <\/span><\/p>\n<p><span style=\"font-weight: 400;\">La \u201cParole de vie\u201d est une pratique courante depuis le d\u00e9but du Mouvement des Focolari: il s&rsquo;agit d&rsquo;approfondir chaque mois une phrase de la Bible et de la vivre en communion avec toute la communaut\u00e9, <\/span><span style=\"color: #1d6fb8;\"><b>en s&rsquo;\u00e9changeant les exp\u00e9riences v\u00e9cues, pour se r\u00e9\u00e9vang\u00e9liser, \u201c\u00eatre un autre J\u00e9sus sur la terre\u201d.<\/b><\/span><\/p>\n<p><span style=\"font-weight: 400;\"> C&rsquo;est le m\u00eame objectif pour tous, petits et grands. <\/span><\/p>\n<p>[\/vc_column_text][\/vc_column][vc_column width=\u00a0\u00bb1\/3&Prime;][vc_column_text]<\/p>\n<p><span style=\"color: #1d6fb8;\"><b><i>\u201cChers Gen4, vivez la Parole de Vie, et les autres verront en vous un autre J\u00e9sus\u201d.<\/i><\/b><\/span><span style=\"font-weight: 400;\"> (Ch.Lubich, in <\/span><i><span style=\"font-weight: 400;\">Gen4 italien,<\/span><\/i><span style=\"font-weight: 400;\"> n. 1-2 gennaio-febbraio 1987, p.5) <\/span><\/p>\n<p><span style=\"font-weight: 400;\">Pour aider les enfants \u00e0 saisir le c\u0153ur des phrases de l&rsquo;\u00c9criture, la Parole de Vie leur est propos\u00e9e avec une exp\u00e9rience en bande dessin\u00e9e pour les aider \u00e0 vivre l&rsquo;\u00c9vangile chaque jour. <\/span><\/p>\n<p><span style=\"color: #1d6fb8;\"><b>Ce sont de petits faits, qui par leur spontan\u00e9it\u00e9 et leur simplicit\u00e9, peuvent souvent aider m\u00eame les adultes \u00e0 comprendre comment traduire les Paroles de l&rsquo;<\/b><b>\u00c9<\/b><b>vangile dans la vie<\/b><\/span><span style=\"font-weight: 400;\"> et contribuer \u00e0 la nouvelle \u00e9vang\u00e9lisation.<\/span><\/p>\n<p>[\/vc_column_text][\/vc_column][vc_column width=\u00a0\u00bb1\/3&Prime;]<div id=\"cz_73486\" class=\"cz_73486 cz_video_popup clr cz_video_popup_c\"><div><div class=\"cz_vp_c\"><a href=\"https:\/\/vimeo.com\/376395852\"><img decoding=\"async\" width=\"1830\" height=\"1136\" src=\"https:\/\/gen4.focolare.org\/wp-content\/uploads\/2020\/01\/PdiVita-Imag2019PNG.png\" class=\"attachment-full\" alt=\"PdiVita Imag2019PNG\" srcset=\"https:\/\/gen4.focolare.org\/wp-content\/uploads\/2020\/01\/PdiVita-Imag2019PNG.png 1830w, https:\/\/gen4.focolare.org\/wp-content\/uploads\/2020\/01\/PdiVita-Imag2019PNG-300x186.png 300w, https:\/\/gen4.focolare.org\/wp-content\/uploads\/2020\/01\/PdiVita-Imag2019PNG-1024x636.png 1024w, https:\/\/gen4.focolare.org\/wp-content\/uploads\/2020\/01\/PdiVita-Imag2019PNG-768x477.png 768w, https:\/\/gen4.focolare.org\/wp-content\/uploads\/2020\/01\/PdiVita-Imag2019PNG-1536x953.png 1536w, https:\/\/gen4.focolare.org\/wp-content\/uploads\/2020\/01\/PdiVita-Imag2019PNG-600x372.png 600w\" sizes=\"auto, (max-width: 1830px) 100vw, 1830px\" loading=\"lazy\" \/><div class=\"cz_vp_inner\"><span><i class=\"fa fa-play\"><\/i><\/span><\/div><\/a><\/div><\/div><\/div>[\/vc_column][\/vc_row][vc_row css=\u00a0\u00bb.vc_custom_1580914127711{padding-bottom: 30px !important;}\u00a0\u00bb][vc_column css=\u00a0\u00bb.vc_custom_1580922688511{margin-bottom: 0px !important;border-bottom-width: 0px !important;padding-bottom: 0px !important;}\u00a0\u00bb][vc_separator color=\u00a0\u00bbblue\u00a0\u00bb style=\u00a0\u00bbdashed\u00a0\u00bb css=\u00a0\u00bb.vc_custom_1580922825648{margin-bottom: 0px !important;border-bottom-width: 0px !important;padding-top: 0px !important;padding-bottom: 0px !important;}\u00a0\u00bb][\/vc_column][\/vc_row][vc_row css=\u00a0\u00bb.vc_custom_1580922560326{margin-top: 0px !important;border-top-width: 0px !important;padding-top: 0px !important;padding-bottom: 20px !important;}\u00a0\u00bb][vc_column width=\u00a0\u00bb2\/5&Prime;][vc_column_text css=\u00a0\u00bb.vc_custom_1574769133696{margin-bottom: 0px !important;border-bottom-width: 0px !important;padding-bottom: 0px !important;}\u00a0\u00bb]<\/p>\n<h2 style=\"text-align: left;\"><span style=\"color: #e94e1b;\">Parole de Vie du mois<\/span><\/h2>\n<p>[\/vc_column_text][\/vc_column][vc_column width=\u00a0\u00bb3\/5&Prime;][vc_column_text css=\u00a0\u00bb.vc_custom_1580923687822{margin-bottom: 0px !important;border-bottom-width: 0px !important;padding-bottom: 0px !important;}\u00a0\u00bb]<\/p>\n<h2 style=\"text-align: left;\"><span style=\"color: #e94e1b;\">La Parole de Vie dans toutes les langues<\/span><\/h2>\n<p>[\/vc_column_text][\/vc_column][\/vc_row][vc_row css=\u00a0\u00bb.vc_custom_1580922932035{margin-top: 0px !important;margin-bottom: 0px !important;border-top-width: 0px !important;border-bottom-width: 0px !important;padding-top: 0px !important;padding-bottom: 0px !important;}\u00a0\u00bb][vc_column width=\u00a0\u00bb2\/5&Prime; css=\u00a0\u00bb.vc_custom_1580922977610{margin-top: 0px !important;margin-right: 15px !important;margin-bottom: 0px !important;border-top-width: 0px !important;border-right-width: 1px !important;border-bottom-width: 0px !important;padding-top: 0px !important;padding-right: 15px !important;padding-bottom: 0px !important;border-right-color: #0088cc !important;border-right-style: dashed !important;border-top-color: #0088cc !important;border-top-style: dashed !important;border-bottom-color: #0088cc !important;border-bottom-style: dashed !important;}\u00a0\u00bb]<div id=\"cz_64380\" class=\"cz_64380\"><div class=\"cz_grid cz_grid_posts cz_grid_1 clr cz_grid_c1 cz_grid_l1 cz_grid_1_title_sub_after cz_grid_1_has_excerpt cz_grid_1_no_icon cz_grid_1_bot tal\" data-atts='{\"action\":\"cz_ajax_posts\",\"post_class\":\"cz_grid_item\",\"post__in\":null,\"author__in\":null,\"nonce\":\"b52114f01f\",\"nonce_id\":\"cz_64380\",\"loadmore_end\":\"Not found more posts\",\"layout\":\"cz_grid_c1 cz_grid_l1\",\"hover\":\"cz_grid_1_title_sub_after cz_grid_1_has_excerpt cz_grid_1_no_icon\",\"image_size\":\"full\",\"subtitles\":\"%5B%7B%22t%22%3A%22date%22%7D%5D\",\"subtitle_pos\":\"\",\"icon\":\"fa fa-search\",\"el\":\"0\",\"title_lenght\":\"\",\"cat_tax\":\"wpdmcategory\",\"cat\":\"118\",\"cat_exclude\":\"\",\"tag_tax\":\"wpdmcategory\",\"tag_id\":\"233\",\"tag_exclude\":\"\",\"post_type\":\"wpdmpro\",\"posts_per_page\":\"1\",\"order\":\"DESC\",\"orderby\":\"date\",\"tilt_data\":null,\"svg_sizes\":[\"0\",\"0\"],\"img_fx\":\"\",\"custom_size\":\"full\",\"excerpt_rm\":false,\"title_tag\":\"h3\",\"s\":\"\"}'><div class=\"cz_grid_item cz_grid_first\"><\/div><div data-id=\"23598\" class=\"cz_grid_item  cz_posts_list_even 23598 post-23598 wpdmpro type-wpdmpro status-publish has-post-thumbnail hentry wpdmcategory-_pp wpdmcategory-francais\"><div class=\"clr\"><a class=\"cz_grid_link\" href=\"https:\/\/gen4.focolare.org\/fr\/download\/pdv-04-2026-fr\/\" title=\"PdV 04 2026 | FR\"><img decoding=\"async\" width=\"2560\" height=\"1804\" src=\"https:\/\/gen4.focolare.org\/wp-content\/uploads\/2026\/02\/Pdv_202604_fr_Color-scaled.jpg\" class=\"attachment-full\" alt=\"Pdv 202604 fr Color\" title=\"Pdv_202604_fr_Color\" srcset=\"https:\/\/gen4.focolare.org\/wp-content\/uploads\/2026\/02\/Pdv_202604_fr_Color-scaled.jpg 2560w, https:\/\/gen4.focolare.org\/wp-content\/uploads\/2026\/02\/Pdv_202604_fr_Color-300x211.jpg 300w, https:\/\/gen4.focolare.org\/wp-content\/uploads\/2026\/02\/Pdv_202604_fr_Color-1024x722.jpg 1024w, https:\/\/gen4.focolare.org\/wp-content\/uploads\/2026\/02\/Pdv_202604_fr_Color-768x541.jpg 768w, https:\/\/gen4.focolare.org\/wp-content\/uploads\/2026\/02\/Pdv_202604_fr_Color-1536x1083.jpg 1536w, https:\/\/gen4.focolare.org\/wp-content\/uploads\/2026\/02\/Pdv_202604_fr_Color-2048x1443.jpg 2048w, https:\/\/gen4.focolare.org\/wp-content\/uploads\/2026\/02\/Pdv_202604_fr_Color-600x423.jpg 600w, https:\/\/gen4.focolare.org\/wp-content\/uploads\/2026\/02\/Pdv_202604_fr_Color-1320x930.jpg 1320w\" sizes=\"auto, (max-width: 2560px) 100vw, 2560px\" loading=\"lazy\" \/><div class=\"cz_grid_details\"><i class=\"fa fa-search cz_grid_icon\"><\/i><\/div><\/a><div class=\"cz_grid_details cz_grid_details_outside\"><a class=\"cz_grid_title\" href=\"https:\/\/gen4.focolare.org\/fr\/download\/pdv-04-2026-fr\/\"><h3 class=\"cz_grid_post_title\">PdV 04 2026 | FR<\/h3><\/a><small class=\"clr\"><span class=\"cz_post_data cz_data_date\"><a href=\"https:\/\/gen4.focolare.org\/fr\/download\/pdv-04-2026-fr\/\">24 f\u00e9vrier 2026<\/a><\/span><\/small><div class=\"cz_post_excerpt\">Si nous nous aimons, J\u00e9sus est avec nous \u00ab Reste avec nous car le soir vient \u00bb (Luc 24,29). \u00ab Avril 2026 \u2013 extrait de la liturgie du dimanche 19 avril, troisi\u00e8me semaine du temps pascal \u00bb ...<\/div><\/div><\/div><\/div><\/div><\/div>[\/vc_column][vc_column width=\u00a0\u00bb1\/5&Prime;][vc_btn title=\u00a0\u00bbCATAL\u00c0\u00a0\u00bb style=\u00a0\u00bbflat\u00a0\u00bb shape=\u00a0\u00bbround\u00a0\u00bb color=\u00a0\u00bbprimary\u00a0\u00bb size=\u00a0\u00bbsm\u00a0\u00bb align=\u00a0\u00bbcenter\u00a0\u00bb button_block=\u00a0\u00bbtrue\u00a0\u00bb css=\u00a0\u00bb.vc_custom_1568885772728{margin-right: 10px !important;margin-left: 10px !important;}\u00a0\u00bb link=\u00a0\u00bburl:http%3A%2F%2Fgen4.focolare.org%2Fparola-di-vita%2Fcatala%2F|title:Catal%C3%A0||\u00a0\u00bb][vc_btn title=\u00a0\u00bbESPA\u00d1OL\u00a0\u00bb style=\u00a0\u00bbflat\u00a0\u00bb shape=\u00a0\u00bbround\u00a0\u00bb color=\u00a0\u00bbprimary\u00a0\u00bb size=\u00a0\u00bbsm\u00a0\u00bb align=\u00a0\u00bbcenter\u00a0\u00bb button_block=\u00a0\u00bbtrue\u00a0\u00bb css=\u00a0\u00bb.vc_custom_1568886366163{margin-right: 10px !important;margin-left: 10px !important;}\u00a0\u00bb link=\u00a0\u00bburl:http%3A%2F%2Fgen4.focolare.org%2Fparola-di-vita%2Fespanol%2F|title:Espa%C3%B1ol||\u00a0\u00bb][vc_btn title=\u00a0\u00bbITALIANO\u00a0\u00bb style=\u00a0\u00bbflat\u00a0\u00bb shape=\u00a0\u00bbround\u00a0\u00bb color=\u00a0\u00bbprimary\u00a0\u00bb size=\u00a0\u00bbsm\u00a0\u00bb align=\u00a0\u00bbcenter\u00a0\u00bb button_block=\u00a0\u00bbtrue\u00a0\u00bb css=\u00a0\u00bb.vc_custom_1568886884768{margin-right: 10px !important;margin-left: 10px !important;}\u00a0\u00bb link=\u00a0\u00bburl:http%3A%2F%2Fgen4.focolare.org%2Fparola-di-vita%2Fitaliano%2F|title:Italiano||\u00a0\u00bb][vc_btn title=\u00a0\u00bbHRVATSKI\u00a0\u00bb style=\u00a0\u00bbflat\u00a0\u00bb shape=\u00a0\u00bbround\u00a0\u00bb color=\u00a0\u00bbprimary\u00a0\u00bb size=\u00a0\u00bbsm\u00a0\u00bb align=\u00a0\u00bbcenter\u00a0\u00bb button_block=\u00a0\u00bbtrue\u00a0\u00bb css=\u00a0\u00bb.vc_custom_1568886783784{margin-right: 10px !important;margin-left: 10px !important;}\u00a0\u00bb link=\u00a0\u00bburl:http%3A%2F%2Fgen4.focolare.org%2Fparola-di-vita%2Fhrvatski%2F|title:Hrvatski||\u00a0\u00bb][vc_btn title=\u00a0\u00bbPORTUGU\u00caS (BRASIL)\u00a0\u00bb style=\u00a0\u00bbflat\u00a0\u00bb shape=\u00a0\u00bbround\u00a0\u00bb color=\u00a0\u00bbprimary\u00a0\u00bb size=\u00a0\u00bbsm\u00a0\u00bb align=\u00a0\u00bbcenter\u00a0\u00bb button_block=\u00a0\u00bbtrue\u00a0\u00bb css=\u00a0\u00bb.vc_custom_1580806989869{margin-right: 10px !important;margin-left: 10px !important;}\u00a0\u00bb link=\u00a0\u00bburl:http%3A%2F%2Fgen4.focolare.org%2Fparola-di-vita%2Fportugues-brasil%2F|title:Portugu%C3%AAs%20(Brasil)||\u00a0\u00bb][vc_btn title=\u00a0\u00bbRUSYN\u00a0\u00bb style=\u00a0\u00bbflat\u00a0\u00bb shape=\u00a0\u00bbround\u00a0\u00bb color=\u00a0\u00bbprimary\u00a0\u00bb size=\u00a0\u00bbsm\u00a0\u00bb align=\u00a0\u00bbcenter\u00a0\u00bb button_block=\u00a0\u00bbtrue\u00a0\u00bb css=\u00a0\u00bb.vc_custom_1568886580031{margin-right: 10px !important;margin-left: 10px !important;}\u00a0\u00bb link=\u00a0\u00bburl:http%3A%2F%2Fgen4.focolare.org%2Fparola-di-vita%2Frusyn%2F|title:Rusyn||\u00a0\u00bb][vc_btn title=\u00a0\u00bb\u0627\u0644\u0639\u0631\u0628\u064a\u0629 (ARABIC)\u00a0\u00bb style=\u00a0\u00bbflat\u00a0\u00bb shape=\u00a0\u00bbround\u00a0\u00bb color=\u00a0\u00bbprimary\u00a0\u00bb size=\u00a0\u00bbsm\u00a0\u00bb align=\u00a0\u00bbcenter\u00a0\u00bb button_block=\u00a0\u00bbtrue\u00a0\u00bb css=\u00a0\u00bb.vc_custom_1568886463845{margin-right: 10px !important;margin-left: 10px !important;}\u00a0\u00bb link=\u00a0\u00bburl:http%3A%2F%2Fgen4.focolare.org%2Fparola-di-vita%2F%25d8%25a7%25d9%2584%25d8%25b9%25d8%25b1%25d8%25a8%25d9%258a%25d8%25a9-arabic%2F|title:%D8%A7%D9%84%D8%B9%D8%B1%D8%A8%D9%8A%D8%A9%20(Arabic)||\u00a0\u00bb][\/vc_column][vc_column width=\u00a0\u00bb1\/5&Prime;][vc_btn title=\u00a0\u00bbDEUTSCH\u00a0\u00bb style=\u00a0\u00bbflat\u00a0\u00bb shape=\u00a0\u00bbround\u00a0\u00bb color=\u00a0\u00bbprimary\u00a0\u00bb size=\u00a0\u00bbsm\u00a0\u00bb align=\u00a0\u00bbcenter\u00a0\u00bb button_block=\u00a0\u00bbtrue\u00a0\u00bb css=\u00a0\u00bb.vc_custom_1568885745699{margin-right: 10px !important;margin-left: 10px !important;}\u00a0\u00bb link=\u00a0\u00bburl:http%3A%2F%2Fgen4.focolare.org%2Fparola-di-vita%2Fdeutsch%2F|title:Deutsch||\u00a0\u00bb][vc_btn title=\u00a0\u00bbFRAN\u00c7AIS\u00a0\u00bb style=\u00a0\u00bbflat\u00a0\u00bb shape=\u00a0\u00bbround\u00a0\u00bb color=\u00a0\u00bbprimary\u00a0\u00bb size=\u00a0\u00bbsm\u00a0\u00bb align=\u00a0\u00bbcenter\u00a0\u00bb button_block=\u00a0\u00bbtrue\u00a0\u00bb css=\u00a0\u00bb.vc_custom_1568886393055{margin-right: 10px !important;margin-left: 10px !important;}\u00a0\u00bb link=\u00a0\u00bburl:http%3A%2F%2Fgen4.focolare.org%2Fparola-di-vita%2Ffrancais%2F|title:Fran%C3%A7ais||\u00a0\u00bb][vc_btn title=\u00a0\u00bbLIETUVOS\u00a0\u00bb style=\u00a0\u00bbflat\u00a0\u00bb shape=\u00a0\u00bbround\u00a0\u00bb color=\u00a0\u00bbprimary\u00a0\u00bb size=\u00a0\u00bbsm\u00a0\u00bb align=\u00a0\u00bbcenter\u00a0\u00bb button_block=\u00a0\u00bbtrue\u00a0\u00bb css=\u00a0\u00bb.vc_custom_1568886839880{margin-right: 10px !important;margin-left: 10px !important;}\u00a0\u00bb link=\u00a0\u00bburl:http%3A%2F%2Fgen4.focolare.org%2Fparola-di-vita%2Flietuvos%2F|title:Lietuvos||\u00a0\u00bb][vc_btn title=\u00a0\u00bbNEDERLANDS\u00a0\u00bb style=\u00a0\u00bbflat\u00a0\u00bb shape=\u00a0\u00bbround\u00a0\u00bb color=\u00a0\u00bbprimary\u00a0\u00bb size=\u00a0\u00bbsm\u00a0\u00bb align=\u00a0\u00bbcenter\u00a0\u00bb button_block=\u00a0\u00bbtrue\u00a0\u00bb css=\u00a0\u00bb.vc_custom_1568886750651{margin-right: 10px !important;margin-left: 10px !important;}\u00a0\u00bb link=\u00a0\u00bburl:http%3A%2F%2Fgen4.focolare.org%2Fparola-di-vita%2Fnederlands%2F|title:Nederlands||\u00a0\u00bb][vc_btn title=\u00a0\u00bbPORTUGU\u00caS (PORTUGAL)\u00a0\u00bb style=\u00a0\u00bbflat\u00a0\u00bb shape=\u00a0\u00bbround\u00a0\u00bb color=\u00a0\u00bbprimary\u00a0\u00bb size=\u00a0\u00bbsm\u00a0\u00bb align=\u00a0\u00bbcenter\u00a0\u00bb button_block=\u00a0\u00bbtrue\u00a0\u00bb css=\u00a0\u00bb.vc_custom_1580807039105{margin-right: 10px !important;margin-left: 10px !important;}\u00a0\u00bb link=\u00a0\u00bburl:http%3A%2F%2Fgen4.focolare.org%2Fparola-di-vita%2Fportugues-portugal%2F|title:Portugu%C3%AAs%20(Portugal)||\u00a0\u00bb][vc_btn title=\u00a0\u00bbCP\u041fC\u041a\u0418 (SERBIAN)\u00a0\u00bb style=\u00a0\u00bbflat\u00a0\u00bb shape=\u00a0\u00bbround\u00a0\u00bb color=\u00a0\u00bbprimary\u00a0\u00bb size=\u00a0\u00bbsm\u00a0\u00bb align=\u00a0\u00bbcenter\u00a0\u00bb button_block=\u00a0\u00bbtrue\u00a0\u00bb css=\u00a0\u00bb.vc_custom_1568886517115{margin-right: 10px !important;margin-left: 10px !important;}\u00a0\u00bb link=\u00a0\u00bburl:http%3A%2F%2Fgen4.focolare.org%2Fparola-di-vita%2Fcp%25d0%25bfc%25d0%25ba%25d0%25b8-serbian%2F|title:cp%D0%BFc%D0%BA%D0%B8%20(Serbian)||\u00a0\u00bb][vc_btn title=\u00a0\u00bb\u0627\u0631\u062f\u0648 (URDU)\u00a0\u00bb style=\u00a0\u00bbflat\u00a0\u00bb shape=\u00a0\u00bbround\u00a0\u00bb color=\u00a0\u00bbprimary\u00a0\u00bb size=\u00a0\u00bbsm\u00a0\u00bb align=\u00a0\u00bbcenter\u00a0\u00bb button_block=\u00a0\u00bbtrue\u00a0\u00bb css=\u00a0\u00bb.vc_custom_1579790276989{margin-right: 10px !important;margin-left: 10px !important;}\u00a0\u00bb link=\u00a0\u00bburl:http%3A%2F%2Fgen4.focolare.org%2Fparola-di-vita%2F%25d8%25a7%25d8%25b1%25d8%25af%25d9%2588-urdu%2F|title:%D8%A7%D8%B1%D8%AF%D9%88%20(Urdu)||\u00a0\u00bb][\/vc_column][vc_column width=\u00a0\u00bb1\/5&Prime;][vc_btn title=\u00a0\u00bbENGLISH\u00a0\u00bb style=\u00a0\u00bbflat\u00a0\u00bb shape=\u00a0\u00bbround\u00a0\u00bb color=\u00a0\u00bbprimary\u00a0\u00bb size=\u00a0\u00bbsm\u00a0\u00bb align=\u00a0\u00bbcenter\u00a0\u00bb button_block=\u00a0\u00bbtrue\u00a0\u00bb css=\u00a0\u00bb.vc_custom_1579789644540{margin-right: 10px !important;margin-left: 10px !important;}\u00a0\u00bb link=\u00a0\u00bburl:http%3A%2F%2Fgen4.focolare.org%2Fparola-di-vita%2Fenglish%2F|title:English||\u00a0\u00bb][vc_btn title=\u00a0\u00bb\ud55c\uad6d\uc5b4 (KOREAN)\u00a0\u00bb style=\u00a0\u00bbflat\u00a0\u00bb shape=\u00a0\u00bbround\u00a0\u00bb color=\u00a0\u00bbprimary\u00a0\u00bb size=\u00a0\u00bbsm\u00a0\u00bb align=\u00a0\u00bbcenter\u00a0\u00bb button_block=\u00a0\u00bbtrue\u00a0\u00bb css=\u00a0\u00bb.vc_custom_1586858741870{margin-right: 10px !important;margin-left: 10px !important;}\u00a0\u00bb link=\u00a0\u00bburl:https%3A%2F%2Fgen4.focolare.org%2Fparola-di-vita%2F%25ed%2595%259c%25ea%25b5%25ad%25ec%2596%25b4-korean%2F|title:%ED%95%9C%EA%B5%AD%EC%96%B4%20(Korean)||\u00a0\u00bb][vc_btn title=\u00a0\u00bbMAGYAR\u00a0\u00bb style=\u00a0\u00bbflat\u00a0\u00bb shape=\u00a0\u00bbround\u00a0\u00bb color=\u00a0\u00bbprimary\u00a0\u00bb size=\u00a0\u00bbsm\u00a0\u00bb align=\u00a0\u00bbcenter\u00a0\u00bb button_block=\u00a0\u00bbtrue\u00a0\u00bb css=\u00a0\u00bb.vc_custom_1568886807383{margin-right: 10px !important;margin-left: 10px !important;}\u00a0\u00bb link=\u00a0\u00bburl:http%3A%2F%2Fgen4.focolare.org%2Fparola-di-vita%2Fmagyar%2F|title:Magyar||\u00a0\u00bb][vc_btn title=\u00a0\u00bbPOLSKI\u00a0\u00bb style=\u00a0\u00bbflat\u00a0\u00bb shape=\u00a0\u00bbround\u00a0\u00bb color=\u00a0\u00bbprimary\u00a0\u00bb size=\u00a0\u00bbsm\u00a0\u00bb align=\u00a0\u00bbcenter\u00a0\u00bb button_block=\u00a0\u00bbtrue\u00a0\u00bb css=\u00a0\u00bb.vc_custom_1579789680212{margin-right: 10px !important;margin-left: 10px !important;}\u00a0\u00bb link=\u00a0\u00bburl:http%3A%2F%2Fgen4.focolare.org%2Fparola-di-vita%2Fpolski%2F|title:Polski||\u00a0\u00bb][vc_btn title=\u00a0\u00bb\u0420\u0423\u0421\u0421\u041a\u0418\u0419 (RUSSIAN)\u00a0\u00bb style=\u00a0\u00bbflat\u00a0\u00bb shape=\u00a0\u00bbround\u00a0\u00bb color=\u00a0\u00bbprimary\u00a0\u00bb size=\u00a0\u00bbsm\u00a0\u00bb align=\u00a0\u00bbcenter\u00a0\u00bb button_block=\u00a0\u00bbtrue\u00a0\u00bb css=\u00a0\u00bb.vc_custom_1568886632851{margin-right: 10px !important;margin-left: 10px !important;}\u00a0\u00bb link=\u00a0\u00bburl:http%3A%2F%2Fgen4.focolare.org%2Fparola-di-vita%2F%25d1%2580%25d1%2583%25d1%2581%25d1%2581%25d0%25ba%25d0%25b8%25d0%25b9-russian%2F|title:%D0%A0%D1%83%D1%81%D1%81%D0%BA%D0%B8%D0%B9%20(Russian)||\u00a0\u00bb][vc_btn title=\u00a0\u00bb\u6c49 \u6f22 (CHINESE)\u00a0\u00bb style=\u00a0\u00bbflat\u00a0\u00bb shape=\u00a0\u00bbround\u00a0\u00bb color=\u00a0\u00bbprimary\u00a0\u00bb size=\u00a0\u00bbsm\u00a0\u00bb align=\u00a0\u00bbcenter\u00a0\u00bb button_block=\u00a0\u00bbtrue\u00a0\u00bb css=\u00a0\u00bb.vc_custom_1568886489015{margin-right: 10px !important;margin-left: 10px !important;}\u00a0\u00bb link=\u00a0\u00bburl:http%3A%2F%2Fgen4.focolare.org%2Fparola-di-vita%2F%25e6%25b1%2589-%25e6%25bc%25a2-chinese%2F|title:%E6%B1%89%20%E6%BC%A2%20(Chinese)||\u00a0\u00bb][vc_btn title=\u00a0\u00bb\u65e5\u672c\u8a9e (JAPANESE)\u00a0\u00bb style=\u00a0\u00bbflat\u00a0\u00bb shape=\u00a0\u00bbround\u00a0\u00bb color=\u00a0\u00bbprimary\u00a0\u00bb size=\u00a0\u00bbsm\u00a0\u00bb align=\u00a0\u00bbcenter\u00a0\u00bb button_block=\u00a0\u00bbtrue\u00a0\u00bb css=\u00a0\u00bb.vc_custom_1568886415534{margin-right: 10px !important;margin-left: 10px !important;}\u00a0\u00bb link=\u00a0\u00bburl:http%3A%2F%2Fgen4.focolare.org%2Fparola-di-vita%2F%25e6%2597%25a5%25e6%259c%25ac%25e8%25aa%259e-japanese%2F|title:%E6%97%A5%E6%9C%AC%E8%AA%9E%20(Japanese)||\u00a0\u00bb][\/vc_column][\/vc_row]<\/p>\n<\/div>","protected":false},"excerpt":{"rendered":"<p>[vc_row full_width=\u00a0\u00bbstretch_row\u00a0\u00bb content_placement=\u00a0\u00bbmiddle\u00a0\u00bb css=\u00a0\u00bb.vc_custom_1559339456463{background-image: url(http:\/\/gen4.focolare.org\/wp-content\/uploads\/2019\/05\/background_gen4_blue.png?id=1749) !important;}\u00a0\u00bb][vc_column width=\u00a0\u00bb1\/4&Prime;][vc_column_text css=\u00a0\u00bb.vc_custom_1574769229073{background-color: #e94e1b !important;}\u00a0\u00bb] parole &#8230; <\/p>\n","protected":false},"author":1,"featured_media":0,"parent":0,"menu_order":0,"comment_status":"closed","ping_status":"closed","template":"","meta":{"footnotes":""},"class_list":["post-3025","page","type-page","status-publish","hentry"],"_links":{"self":[{"href":"https:\/\/gen4.focolare.org\/fr\/wp-json\/wp\/v2\/pages\/3025","targetHints":{"allow":["GET"]}}],"collection":[{"href":"https:\/\/gen4.focolare.org\/fr\/wp-json\/wp\/v2\/pages"}],"about":[{"href":"https:\/\/gen4.focolare.org\/fr\/wp-json\/wp\/v2\/types\/page"}],"author":[{"embeddable":true,"href":"https:\/\/gen4.focolare.org\/fr\/wp-json\/wp\/v2\/users\/1"}],"replies":[{"embeddable":true,"href":"https:\/\/gen4.focolare.org\/fr\/wp-json\/wp\/v2\/comments?post=3025"}],"version-history":[{"count":42,"href":"https:\/\/gen4.focolare.org\/fr\/wp-json\/wp\/v2\/pages\/3025\/revisions"}],"predecessor-version":[{"id":22590,"href":"https:\/\/gen4.focolare.org\/fr\/wp-json\/wp\/v2\/pages\/3025\/revisions\/22590"}],"wp:attachment":[{"href":"https:\/\/gen4.focolare.org\/fr\/wp-json\/wp\/v2\/media?parent=3025"}],"curies":[{"name":"wp","href":"https:\/\/api.w.org\/{rel}","templated":true}]}}