{"id":5472,"date":"2020-03-04T14:54:22","date_gmt":"2020-03-04T13:54:22","guid":{"rendered":"http:\/\/gen4.focolare.org\/?page_id=5472"},"modified":"2020-03-06T11:05:27","modified_gmt":"2020-03-06T10:05:27","slug":"cookie-policy","status":"publish","type":"page","link":"https:\/\/gen4.focolare.org\/fr\/cookie-policy\/","title":{"rendered":"Cookie Policy"},"content":{"rendered":"<div class=\"wpb-content-wrapper\"><p>[vc_row full_width=\u00a0\u00bbstretch_row\u00a0\u00bb content_placement=\u00a0\u00bbmiddle\u00a0\u00bb css=\u00a0\u00bb.vc_custom_1559339898804{background-image: url(http:\/\/gen4.focolare.org\/wp-content\/uploads\/2019\/05\/background_gen4_red.png?id=1747) !important;}\u00a0\u00bb][vc_column width=\u00a0\u00bb1\/2&Prime;][vc_column_text css=\u00a0\u00bb.vc_custom_1583401618402{background-color: #00983a !important;}\u00a0\u00bb]<\/p>\n<h1 style=\"text-align: center;\"><span style=\"color: #ffffff;\">Informations d\u00e9taill\u00e9es sur les cookies<\/span><\/h1>\n<p>[\/vc_column_text][\/vc_column][vc_column width=\u00a0\u00bb1\/2&Prime; full_width=\u00a0\u00bb\u00a0\u00bb gap=\u00a0\u00bb0&Prime; full_height=\u00a0\u00bb\u00a0\u00bb columns_placement=\u00a0\u00bbmiddle\u00a0\u00bb equal_height=\u00a0\u00bb\u00a0\u00bb rtl_reverse=\u00a0\u00bb\u00a0\u00bb content_placement=\u00a0\u00bb\u00a0\u00bb disable_element=\u00a0\u00bb\u00a0\u00bb][\/vc_column][\/vc_row][vc_row css=\u00a0\u00bb.vc_custom_1559332639878{padding-top: 30px !important;}\u00a0\u00bb][vc_column][vc_column_text css=\u00a0\u00bb.vc_custom_1583489193616{margin-bottom: 0px !important;border-bottom-width: 0px !important;padding-bottom: 0px !important;}\u00a0\u00bb]<b>Informations d\u00e9taill\u00e9es sur les cookies<\/b><\/p>\n<p><i><span style=\"font-weight: 400;\">Information en mati\u00e8re de Protection et traitement des Donn\u00e9es personnelles aux termes du D\u00e9cret L\u00e9gislatif n\u00b0 196\/2003(\u2018\u2019Codice Privacy\u2019\u2019) articles13,23 et 26\u00a0; du R\u00e8glement (UE) 2016\/679 (\u2018\u2019GDPR\u2019\u2019) et de l\u2019Autorit\u00e9 Garante pour la Protection des Donn\u00e9es personnelles n\u00b0229 du 08 mai 2014.<\/span><\/i><\/p>\n<p><span style=\"font-weight: 400;\">Les cookies sont constitu\u00e9s de portions de code m\u00e9moris\u00e9es \u00e0 l\u2019int\u00e9rieur du navigateur par le biais du browser (install\u00e9es \u00e0 l\u2019int\u00e9rieur du browser)\u00a0 qui assistent ce site web en vue de fournir le service sur la base des finalit\u00e9s d\u00e9clar\u00e9es. Certaines finalit\u00e9s d\u2019installation des cookies pourraient n\u00e9cessiter le consentement de l\u2019utilisateur.<\/span><\/p>\n<p><b>Cookies techniques et statistiques<\/b><\/p>\n<p><span style=\"font-weight: 400;\">Les cookies techniques ont pour fonction d\u2019autoriser des activit\u00e9s strictement li\u00e9es au fonctionnement de cet espace en ligne. Les cookies techniques utilis\u00e9s par ce site web peuvent se subdiviser en sous-cat\u00e9gories, qui sont les suivantes :<\/span><\/p>\n<ul>\n<li style=\"font-weight: 400;\"><b>Cookies de navigation<\/b><span style=\"font-weight: 400;\">, qui permettent de sauvegarder les pr\u00e9f\u00e9rences de navigation et d\u2019optimiser l\u2019exp\u00e9rience de navigation de l\u2019utilisateur ;<\/span><\/li>\n<li style=\"font-weight: 400;\"><b>Cookies analytiques<\/b><span style=\"font-weight: 400;\">, qui fournissent des informations statistiques concernant les modalit\u00e9s de navigation des utilisateurs. Ces informations sont trait\u00e9es de fa\u00e7on group\u00e9e et anonyme ;<\/span><\/li>\n<li style=\"font-weight: 400;\"><b>Cookies de fonctionnalit\u00e9<\/b><span style=\"font-weight: 400;\">, y compris ceux de parties tierces, utilis\u00e9s pour activer des fonctionnalit\u00e9s sp\u00e9cifiques de ce site en ligne, et n\u00e9cessaires pour fournir le service ou l\u2019am\u00e9liorer.<\/span><\/li>\n<\/ul>\n<p><span style=\"font-weight: 400;\">Ces cookies ne n\u00e9cessitent pas l\u2019autorisation pr\u00e9alable de l\u2019utilisateur pour \u00eatre install\u00e9s et utilis\u00e9s.<\/span><\/p>\n<p><span style=\"font-weight: 400;\">Le site utilise aussi des cookies analytiques de parties tierces (par exemple, Google-Analytics) qui, selon la L\u00e9gislation Applicable n\u2019ont pas besoin de l\u2019accord de l\u2019utilisateur si P.A.F.O.M. a (i) adopt\u00e9 des outils appropri\u00e9s capables de r\u00e9duire le \u2018\u2019pouvoir identificateur\u2019\u2019 de ces cookies et (ii) souscrit des accords sp\u00e9cifiques avec les tierces parties qui se sont engag\u00e9es \u00e0 utiliser les informations r\u00e9colt\u00e9es seulement avec le but de fournir \u00e0 P.A.F.O.M. des informations statistiques sur l\u2019utilisation du site.<\/span><\/p>\n<p><b>P\u00e9riode de conservation des donn\u00e9es<\/b><\/p>\n<p><span style=\"font-weight: 400;\">Les informations recueillies \u00e0 travers les cookies install\u00e9s sur le site seront conserv\u00e9s dans le respect dans la mesure o\u00f9 ils sont indiqu\u00e9s \u00e0 la \u2018\u2019Privacy Policy\u2019\u2019, que l\u2019on peut voir au prochain <a href=\"https:\/\/gen4.focolare.org\/fr\/privacy-policy\/\">link<\/a>.<\/span><\/p>\n<p><b>Autres types de cookies ou d\u2019\u00e9l\u00e9ments tiers qui pourraient les utiliser<\/b><\/p>\n<p><span style=\"font-weight: 400;\">Certains des services \u00e9num\u00e9r\u00e9s ci-apr\u00e8s pourraient ne pas demander le consentement de l\u2019utilisateur, ou pourraient \u2013 selon les indications donn\u00e9es \u2013 \u00eatre g\u00e9r\u00e9s directement par le titulaire sans l\u2019aide de tiers.<\/span><\/p>\n<p><span style=\"font-weight: 400;\">Dans le cas o\u00f9 les outils indiqu\u00e9s ci-apr\u00e8s seraient des services g\u00e9r\u00e9s par des tiers, ceux-ci pourraient \u2013 en plus de ce qui est sp\u00e9cifi\u00e9 et \u00e0 l\u2019insu du titulaire de ce site web \u2013 se livrer \u00e0 des activit\u00e9s de tra\u00e7age des donn\u00e9es de l\u2019utilisateur. Pour des informations d\u00e9taill\u00e9es \u00e0 ce sujet, nous vous conseillons de consulter les r\u00e8gles de confidentialit\u00e9 appliqu\u00e9es des services \u00e9num\u00e9r\u00e9s ci-apr\u00e8s.<\/span><\/p>\n<table>\n<tbody>\n<tr>\n<td><b>SOLUTION<\/b><\/td>\n<td><b>CATEGORY<\/b><\/td>\n<td><b>PROVIDER<\/b><\/td>\n<td><b>ADDRESS<\/b><\/td>\n<td><b>POLICY<\/b><\/td>\n<\/tr>\n<tr>\n<td><b>Google Analytics<\/b><\/td>\n<td>Targeting\/Advertising<\/td>\n<td>Google Inc.<\/td>\n<td>1600\u00a0 Amphitheatre Parkway<br \/>\nMountain View \u2013 CA94043<br \/>\nUSA<\/td>\n<td><a href=\"http:\/\/www.google.com\/policies\">http:\/\/www.google.com\/policies<\/a><\/td>\n<\/tr>\n<tr>\n<td><b>WPML<\/b><\/td>\n<td>Translations<\/td>\n<td>OnTheGoSystems Limited<\/td>\n<td>22\/F 3 Lockhart RoadWanchai Hong Kong<\/td>\n<td><a href=\"https:\/\/wpml.org\/documentation\/privacy-policy-and-gdpr-compliance\/\">https:\/\/wpml.org\/documentation\/privacy-policy-and-gdpr-compliance\/<\/a><\/td>\n<\/tr>\n<tr>\n<td><b>Vimeo<\/b><\/td>\n<td>Social Widget<\/td>\n<td>Vimeo, LLC<\/td>\n<td>555 West 18th Street<br \/>\nNew York, New York 10011<\/td>\n<td><a href=\"https:\/\/vimeo.com\/privacy\">https:\/\/vimeo.com\/privacy<\/a><\/td>\n<\/tr>\n<\/tbody>\n<\/table>\n<p><b>Utilisation par des mineurs<\/b><\/p>\n<p><span style=\"font-weight: 400;\">Les utilisateurs d\u00e9clarent \u00eatre majeurs aux termes de la loi qui leur est applicable. Les mineurs peuvent utiliser cet espace en ligne uniquement avec l\u2019assistance d\u2019un parent ou d\u2019un tuteur.<\/span><\/p>\n<p><b>Comment puis-je contr\u00f4ler l\u2019installation de cookies ?<\/b><\/p>\n<p><span style=\"font-weight: 400;\">Outre ce qui est indiqu\u00e9 dans le pr\u00e9sent document, l\u2019utilisateur peut g\u00e9rer les pr\u00e9f\u00e9rences relatives aux cookies directement \u00e0 l\u2019int\u00e9rieur de son propre navigateur et emp\u00eacher, par exemple, que des parties tierces puissent en installer. Il est \u00e9galement possible, gr\u00e2ce aux pr\u00e9f\u00e9rences du navigateur, d\u2019\u00e9liminer les cookies install\u00e9s pr\u00e9c\u00e9demment, y compris le cookie dans lequel est \u00e9ventuellement sauvegard\u00e9 l\u2019accord pour l\u2019installation de cookies par ce site. Il est important de noter qu\u2019en d\u00e9sactivant tous les cookies, le fonctionnement de ce site pourrait se trouver compromis. Vous pouvez trouver des informations sur la fa\u00e7on de g\u00e9rer les cookies dans votre navigateur aux adresses suivantes :<\/span><\/p>\n<ul>\n<li style=\"font-weight: 400;\"><a href=\"https:\/\/support.google.com\/chrome\/answer\/95647?hl=en&amp;p=cpn_cookies\"><b>Google Chrome<\/b><\/a><\/li>\n<li style=\"font-weight: 400;\"><a href=\"https:\/\/support.mozilla.org\/it\/kb\/Attivare%20e%20disattivare%20i%20cookie\"><b>Mozilla Firefox<\/b><\/a><\/li>\n<li style=\"font-weight: 400;\"><a href=\"https:\/\/support.apple.com\/kb\/PH19214?viewlocale=it_IT&amp;locale=en_US\"><b>Apple Safari<\/b><\/a><\/li>\n<li style=\"font-weight: 400;\"><a href=\"http:\/\/windows.microsoft.com\/it-it\/windows-vista\/block-or-allow-cookies\"><b>Microsoft Windows Explorer<\/b><\/a><\/li>\n<li style=\"font-weight: 400;\"><a href=\"http:\/\/www.aboutcookies.org\/Default.aspx?page=1\"><b>AboutCookies.org<\/b><\/a><\/li>\n<\/ul>\n<p><span style=\"font-weight: 400;\">En cas de services fournis par des parties tierces, l\u2019utilisateur peut encore exercer son droit \u00e0 s\u2019opposer au tra\u00e7age de ses donn\u00e9es par l\u2019interm\u00e9diaire des r\u00e8gles de confidentialit\u00e9 de la partie tierce, \u00e0 travers le lien de opt out, s\u2019il est fourni explicitement, ou en contactant directement celle-ci.<\/span><\/p>\n<p><span style=\"font-weight: 400;\">Ce qui pr\u00e9c\u00e8de restant \u00e9tabli, nous vous informons que l\u2019utilisateur peut se servir de Your Online Choices. Par l\u2019interm\u00e9diaire de ce service, il est possible de g\u00e9rer les pr\u00e9f\u00e9rences de tra\u00e7age des donn\u00e9es de la plupart des outils publicitaires. Il est donc conseill\u00e9 aux utilisateurs d\u2019utiliser cette ressource en plus des informations fournies par le pr\u00e9sent document.<\/span><\/p>\n<p><b>Droits reconnus<\/b><\/p>\n<p><span style=\"font-weight: 400;\">Pour toute information relative aux droits reconnus aux utilisateurs, de la l\u00e9gislation en mati\u00e8re de protection des donn\u00e9es personnelles, on renvoie \u00e0 la \u2018\u2019Privacy Policy\u2019\u2019 rep\u00e9rable au <a href=\"https:\/\/gen4.focolare.org\/fr\/privacy-policy\/\">lien suivant.<\/a><\/span><\/p>\n<p><b>Titulaire du traitement des donn\u00e9es<\/b><\/p>\n<p><span style=\"font-weight: 400;\">Le \u201ctitulaire\u201d du traitement des donn\u00e9es est la P.A.F.O.M ayant son si\u00e8ge \u00e0 Rocca di Papa (Rome \u2013 Italie), Via Frascati, 306.<\/span><\/p>\n<p><b>Responsable de la protection des donn\u00e9es<\/b><\/p>\n<p><span style=\"font-weight: 400;\">Le Responsable de la Protection des Donn\u00e9es (RPD) est Mr Sergio Barbaro joignable \u00e0 l\u2019adresse suivante\u00a0: Responsable de la Protection des Donn\u00e9es personnelles, via Frascati n\u00b0 306, Rocca di Papa (Rome-Italie), e-mail\u00a0: <\/span><a href=\"mailto:privacy@focolare.org\"><span style=\"font-weight: 400;\">privacy@focolare.org<\/span><\/a><\/p>\n<p><span style=\"font-weight: 400;\">Vu que l\u2019installation de cookies et d\u2019autres syst\u00e8mes de tra\u00e7age des donn\u00e9es, op\u00e9r\u00e9e par des tiers au moyen des services utilis\u00e9s \u00e0 l\u2019int\u00e9rieur de cet espace en ligne, ne peut \u00eatre contr\u00f4l\u00e9e par le titulaire de ce site, toute r\u00e9f\u00e9rence sp\u00e9cifique \u00e0 des cookies et \u00e0 des syst\u00e8mes de tra\u00e7age des donn\u00e9es, install\u00e9s par des tiers, doit \u00eatre consid\u00e9r\u00e9e comme indicative. Pour obtenir des renseignements complets, veuillez consulter les r\u00e8gles de confidentialit\u00e9 des \u00e9ventuels services tiers, cit\u00e9s dans ce document.<\/span><\/p>\n<p><span style=\"font-weight: 400;\">Ce document se r\u00e9f\u00e8re \u00e0 tous les espaces en ligne (sites, plates-formes, outils internet, etc) appartenant au titulaire de ce site. Pour obtenir des informations compl\u00e9mentaires concernant les outils relatifs \u00e0 un espace sp\u00e9cifique, l\u2019utilisateur est pri\u00e9 de contacter le titulaire, aux coordonn\u00e9es fournies dans le pr\u00e9sent document.<\/span>[\/vc_column_text][\/vc_column][\/vc_row]<\/p>\n<\/div>","protected":false},"excerpt":{"rendered":"<p>[vc_row full_width=\u00a0\u00bbstretch_row\u00a0\u00bb content_placement=\u00a0\u00bbmiddle\u00a0\u00bb css=\u00a0\u00bb.vc_custom_1559339898804{background-image: url(http:\/\/gen4.focolare.org\/wp-content\/uploads\/2019\/05\/background_gen4_red.png?id=1747) !important;}\u00a0\u00bb][vc_column width=\u00a0\u00bb1\/2&Prime;][vc_column_text css=\u00a0\u00bb.vc_custom_1583401618402{background-color: #00983a !important;}\u00a0\u00bb] Informations &#8230; <\/p>\n","protected":false},"author":1,"featured_media":0,"parent":0,"menu_order":0,"comment_status":"closed","ping_status":"closed","template":"","meta":{"footnotes":""},"class_list":["post-5472","page","type-page","status-publish","hentry"],"_links":{"self":[{"href":"https:\/\/gen4.focolare.org\/fr\/wp-json\/wp\/v2\/pages\/5472","targetHints":{"allow":["GET"]}}],"collection":[{"href":"https:\/\/gen4.focolare.org\/fr\/wp-json\/wp\/v2\/pages"}],"about":[{"href":"https:\/\/gen4.focolare.org\/fr\/wp-json\/wp\/v2\/types\/page"}],"author":[{"embeddable":true,"href":"https:\/\/gen4.focolare.org\/fr\/wp-json\/wp\/v2\/users\/1"}],"replies":[{"embeddable":true,"href":"https:\/\/gen4.focolare.org\/fr\/wp-json\/wp\/v2\/comments?post=5472"}],"version-history":[{"count":9,"href":"https:\/\/gen4.focolare.org\/fr\/wp-json\/wp\/v2\/pages\/5472\/revisions"}],"predecessor-version":[{"id":5510,"href":"https:\/\/gen4.focolare.org\/fr\/wp-json\/wp\/v2\/pages\/5472\/revisions\/5510"}],"wp:attachment":[{"href":"https:\/\/gen4.focolare.org\/fr\/wp-json\/wp\/v2\/media?parent=5472"}],"curies":[{"name":"wp","href":"https:\/\/api.w.org\/{rel}","templated":true}]}}