{"id":3817,"date":"2019-05-06T08:30:55","date_gmt":"2019-05-06T06:30:55","guid":{"rendered":"http:\/\/gen4.focolare.org\/?page_id=3817"},"modified":"2025-06-20T12:21:35","modified_gmt":"2025-06-20T10:21:35","slug":"a-palavra-de-vida","status":"publish","type":"page","link":"https:\/\/gen4.focolare.org\/pt-br\/a-palavra-de-vida\/","title":{"rendered":"a palavra de vida"},"content":{"rendered":"<div class=\"wpb-content-wrapper\"><p>[vc_row full_width=&#8221;stretch_row&#8221; content_placement=&#8221;middle&#8221; css=&#8221;.vc_custom_1559339456463{background-image: url(http:\/\/gen4.focolare.org\/wp-content\/uploads\/2019\/05\/background_gen4_blue.png?id=1749) !important;}&#8221;][vc_column width=&#8221;1\/4&#8243;][vc_column_text css=&#8221;.vc_custom_1578832761205{background-color: #e94e1b !important;}&#8221;]<\/p>\n<h1 style=\"text-align: center;\"><span style=\"color: #ffffff;\">a palavra de vida<br \/>\n<\/span><\/h1>\n<p>[\/vc_column_text][\/vc_column][vc_column width=&#8221;3\/4&#8243; full_width=&#8221;&#8221; gap=&#8221;0&#8243; full_height=&#8221;&#8221; columns_placement=&#8221;middle&#8221; equal_height=&#8221;&#8221; rtl_reverse=&#8221;&#8221; content_placement=&#8221;&#8221; disable_element=&#8221;&#8221;][\/vc_column][\/vc_row][vc_row css=&#8221;.vc_custom_1559336065333{padding-top: 30px !important;}&#8221;][vc_column width=&#8221;1\/3&#8243;][vc_column_text]<\/p>\n<p><span style=\"color: #1d6eb6;\"><span style=\"font-weight: 400;\">\u201c<\/span><b>Viver a Palavra\u201d<\/b><\/span> <span style=\"font-weight: 400;\">insere-se muito bem no processo de forma\u00e7\u00e3o gen4, que n\u00e3o quer simplesmente ser uma forma\u00e7\u00e3o te\u00f3rica de conte\u00fados, mas uma experimenta\u00e7\u00e3o concreta dos valores, compartilhamento das experi\u00eancias que fundamentam e enriquecem a reflex\u00e3o. <\/span><\/p>\n<p><span style=\"font-weight: 400;\">A<\/span><span style=\"font-weight: 400;\"> \u201c<\/span><span style=\"font-weight: 400;\">Palavra de vida\u201d \u00e9 uma pr\u00e1tica que se difundiu desde o in\u00edcio do Movimento dos Focolares: aprofundar a cada m\u00eas uma frase da B\u00edblia para viver em comunh\u00e3o com toda a comunidade, <\/span><span style=\"color: #1d6eb6;\"><b>em uma troca de experi\u00eancias vividas, para reevangelizar-se, \u201cser um outro Jesus na terra\u201d.<\/b><\/span><\/p>\n<p><span style=\"font-weight: 400;\">O objetivo \u00e9 o mesmo para grandes e pequenos.<\/span><\/p>\n<p>[\/vc_column_text][\/vc_column][vc_column width=&#8221;1\/3&#8243;][vc_column_text]<\/p>\n<p><span style=\"color: #1d6eb6;\"><span style=\"font-weight: 400;\">\u201c<\/span><b><i>Queridos gen4, vivam a Palavra de Vida e os outros ver\u00e3o em voc\u00eas um outro Jesus\u201d.<\/i><\/b><\/span><span style=\"font-weight: 400;\"> (C.Lubich, in <\/span><i><span style=\"font-weight: 400;\">Gen4,<\/span><\/i><span style=\"font-weight: 400;\"> n. 1-2 gennaio-febbraio 1987, p.5) <\/span><\/p>\n<p><span style=\"font-weight: 400;\">Para ajudar as crian\u00e7as a entenderem a import\u00e2ncia das palavras da Sagrada Escritura, propomos a elas a Palavra de Vida enriquecida de desenhos e acompanhada com uma experi\u00eancia ilustrada para ajud\u00e1-las a viver o Evangelho na vida quotidiana. <\/span><\/p>\n<p><span style=\"color: #1d6eb6;\"><b>S\u00e3o pequenos fatos, que pela simplicidade e imediatez que lhes carateriza, muitas vezes podem ajudar, at\u00e9 mesmo aos adultos a entenderem como traduzir em vida as Palavras do Evangelho<\/b><\/span><span style=\"font-weight: 400;\"> e contribuir para a nova evangeliza\u00e7\u00e3o.<\/span><\/p>\n<p>[\/vc_column_text][\/vc_column][vc_column width=&#8221;1\/3&#8243;]<div id=\"cz_24163\" class=\"cz_24163 cz_video_popup clr cz_video_popup_c\"><div><div class=\"cz_vp_c\"><a href=\"https:\/\/vimeo.com\/385508825\"><img decoding=\"async\" width=\"1830\" height=\"1136\" src=\"https:\/\/gen4.focolare.org\/wp-content\/uploads\/2020\/01\/PdiVita-Imag2019PNG.png\" class=\"attachment-full\" alt=\"PdiVita Imag2019PNG\" srcset=\"https:\/\/gen4.focolare.org\/wp-content\/uploads\/2020\/01\/PdiVita-Imag2019PNG.png 1830w, https:\/\/gen4.focolare.org\/wp-content\/uploads\/2020\/01\/PdiVita-Imag2019PNG-300x186.png 300w, https:\/\/gen4.focolare.org\/wp-content\/uploads\/2020\/01\/PdiVita-Imag2019PNG-1024x636.png 1024w, https:\/\/gen4.focolare.org\/wp-content\/uploads\/2020\/01\/PdiVita-Imag2019PNG-768x477.png 768w, https:\/\/gen4.focolare.org\/wp-content\/uploads\/2020\/01\/PdiVita-Imag2019PNG-1536x953.png 1536w, https:\/\/gen4.focolare.org\/wp-content\/uploads\/2020\/01\/PdiVita-Imag2019PNG-600x372.png 600w\" sizes=\"auto, (max-width: 1830px) 100vw, 1830px\" loading=\"lazy\" \/><div class=\"cz_vp_inner\"><span><i class=\"fa fa-play\"><\/i><\/span><\/div><\/a><\/div><\/div><\/div>[\/vc_column][\/vc_row][vc_row css=&#8221;.vc_custom_1580914127711{padding-bottom: 30px !important;}&#8221;][vc_column css=&#8221;.vc_custom_1580922688511{margin-bottom: 0px !important;border-bottom-width: 0px !important;padding-bottom: 0px !important;}&#8221;][vc_separator color=&#8221;blue&#8221; style=&#8221;dashed&#8221; css=&#8221;.vc_custom_1580922825648{margin-bottom: 0px !important;border-bottom-width: 0px !important;padding-top: 0px !important;padding-bottom: 0px !important;}&#8221;][\/vc_column][\/vc_row][vc_row css=&#8221;.vc_custom_1580922560326{margin-top: 0px !important;border-top-width: 0px !important;padding-top: 0px !important;padding-bottom: 20px !important;}&#8221;][vc_column width=&#8221;2\/5&#8243;][vc_column_text css=&#8221;.vc_custom_1578832816524{margin-bottom: 0px !important;border-bottom-width: 0px !important;padding-bottom: 0px !important;}&#8221;]<\/p>\n<h2 style=\"text-align: left;\"><span style=\"color: #e94e1b;\">A Palavra de Vida do M\u00eas<br \/>\n<\/span><\/h2>\n<p>[\/vc_column_text][\/vc_column][vc_column width=&#8221;3\/5&#8243;][vc_column_text css=&#8221;.vc_custom_1580923695093{margin-bottom: 0px !important;border-bottom-width: 0px !important;padding-bottom: 0px !important;}&#8221;]<\/p>\n<h2 style=\"text-align: left;\"><span style=\"color: #e94e1b;\">A Palavra de Vida em Todas as L\u00ednguas<\/span><\/h2>\n<p>[\/vc_column_text][\/vc_column][\/vc_row][vc_row css=&#8221;.vc_custom_1580922932035{margin-top: 0px !important;margin-bottom: 0px !important;border-top-width: 0px !important;border-bottom-width: 0px !important;padding-top: 0px !important;padding-bottom: 0px !important;}&#8221;][vc_column width=&#8221;2\/5&#8243; css=&#8221;.vc_custom_1580922977610{margin-top: 0px !important;margin-right: 15px !important;margin-bottom: 0px !important;border-top-width: 0px !important;border-right-width: 1px !important;border-bottom-width: 0px !important;padding-top: 0px !important;padding-right: 15px !important;padding-bottom: 0px !important;border-right-color: #0088cc !important;border-right-style: dashed !important;border-top-color: #0088cc !important;border-top-style: dashed !important;border-bottom-color: #0088cc !important;border-bottom-style: dashed !important;}&#8221;]<div id=\"cz_75090\" class=\"cz_75090\"><div class=\"cz_grid cz_grid_posts cz_grid_1 clr cz_grid_c1 cz_grid_l1 cz_grid_1_title_sub_after cz_grid_1_has_excerpt cz_grid_1_no_icon cz_grid_1_bot tal\" data-atts='{\"action\":\"cz_ajax_posts\",\"post_class\":\"cz_grid_item\",\"post__in\":null,\"author__in\":null,\"nonce\":\"62869d0a27\",\"nonce_id\":\"cz_75090\",\"loadmore_end\":\"Not found more posts\",\"layout\":\"cz_grid_c1 cz_grid_l1\",\"hover\":\"cz_grid_1_title_sub_after cz_grid_1_has_excerpt cz_grid_1_no_icon\",\"image_size\":\"full\",\"subtitles\":\"%5B%7B%22t%22%3A%22date%22%7D%5D\",\"subtitle_pos\":\"\",\"icon\":\"fa fa-search\",\"el\":\"0\",\"title_lenght\":\"\",\"cat_tax\":\"wpdmcategory\",\"cat\":\"126\",\"cat_exclude\":\"\",\"tag_tax\":\"wpdmcategory\",\"tag_id\":\"233\",\"tag_exclude\":\"\",\"post_type\":\"wpdmpro\",\"posts_per_page\":\"1\",\"order\":\"DESC\",\"orderby\":\"date\",\"tilt_data\":null,\"svg_sizes\":[\"0\",\"0\"],\"img_fx\":\"\",\"custom_size\":\"full\",\"excerpt_rm\":false,\"title_tag\":\"h3\",\"s\":\"\"}'><div class=\"cz_grid_item cz_grid_first\"><\/div><div data-id=\"23602\" class=\"cz_grid_item  cz_posts_list_even 23602 post-23602 wpdmpro type-wpdmpro status-publish has-post-thumbnail hentry wpdmcategory-_pp wpdmcategory-portugues-brazil\"><div class=\"clr\"><a class=\"cz_grid_link\" href=\"https:\/\/gen4.focolare.org\/pt-br\/download\/pdv-04-2026-br\/\" title=\"PdV 04 2026 | BR\"><img decoding=\"async\" width=\"2560\" height=\"1804\" src=\"https:\/\/gen4.focolare.org\/wp-content\/uploads\/2026\/02\/Pdv_202604_br_Color-scaled.jpg\" class=\"attachment-full\" alt=\"Pdv 202604 br Color\" title=\"Pdv_202604_br_Color\" srcset=\"https:\/\/gen4.focolare.org\/wp-content\/uploads\/2026\/02\/Pdv_202604_br_Color-scaled.jpg 2560w, https:\/\/gen4.focolare.org\/wp-content\/uploads\/2026\/02\/Pdv_202604_br_Color-300x211.jpg 300w, https:\/\/gen4.focolare.org\/wp-content\/uploads\/2026\/02\/Pdv_202604_br_Color-1024x722.jpg 1024w, https:\/\/gen4.focolare.org\/wp-content\/uploads\/2026\/02\/Pdv_202604_br_Color-768x541.jpg 768w, https:\/\/gen4.focolare.org\/wp-content\/uploads\/2026\/02\/Pdv_202604_br_Color-1536x1083.jpg 1536w, https:\/\/gen4.focolare.org\/wp-content\/uploads\/2026\/02\/Pdv_202604_br_Color-2048x1443.jpg 2048w, https:\/\/gen4.focolare.org\/wp-content\/uploads\/2026\/02\/Pdv_202604_br_Color-600x423.jpg 600w, https:\/\/gen4.focolare.org\/wp-content\/uploads\/2026\/02\/Pdv_202604_br_Color-1320x930.jpg 1320w\" sizes=\"auto, (max-width: 2560px) 100vw, 2560px\" loading=\"lazy\" \/><div class=\"cz_grid_details\"><i class=\"fa fa-search cz_grid_icon\"><\/i><\/div><\/a><div class=\"cz_grid_details cz_grid_details_outside\"><a class=\"cz_grid_title\" href=\"https:\/\/gen4.focolare.org\/pt-br\/download\/pdv-04-2026-br\/\"><h3 class=\"cz_grid_post_title\">PdV 04 2026 | BR<\/h3><\/a><small class=\"clr\"><span class=\"cz_post_data cz_data_date\"><a href=\"https:\/\/gen4.focolare.org\/pt-br\/download\/pdv-04-2026-br\/\">24 de fevereiro de 2026<\/a><\/span><\/small><div class=\"cz_post_excerpt\">Palavra de Vida Gen4, abril 2026 Quando nos queremos bem, Jesus permanece conosco \u00abFica conosco, pois j\u00e1 \u00e9 tarde\u00bb (Lc 24,29). \"Abril 2026 \u2013 da liturgia do 3\u00ba domingo de P\u00e1scoa, 19 de abril.\" ...<\/div><\/div><\/div><\/div><\/div><\/div>[\/vc_column][vc_column width=&#8221;1\/5&#8243;][vc_btn title=&#8221;CATAL\u00c0&#8221; style=&#8221;flat&#8221; shape=&#8221;round&#8221; color=&#8221;primary&#8221; size=&#8221;sm&#8221; align=&#8221;center&#8221; button_block=&#8221;true&#8221; css=&#8221;.vc_custom_1568885772728{margin-right: 10px !important;margin-left: 10px !important;}&#8221; link=&#8221;url:http%3A%2F%2Fgen4.focolare.org%2Fparola-di-vita%2Fcatala%2F|title:Catal%C3%A0||&#8221;][vc_btn title=&#8221;ESPA\u00d1OL&#8221; style=&#8221;flat&#8221; shape=&#8221;round&#8221; color=&#8221;primary&#8221; size=&#8221;sm&#8221; align=&#8221;center&#8221; button_block=&#8221;true&#8221; css=&#8221;.vc_custom_1568886366163{margin-right: 10px !important;margin-left: 10px !important;}&#8221; link=&#8221;url:http%3A%2F%2Fgen4.focolare.org%2Fparola-di-vita%2Fespanol%2F|title:Espa%C3%B1ol||&#8221;][vc_btn title=&#8221;ITALIANO&#8221; style=&#8221;flat&#8221; shape=&#8221;round&#8221; color=&#8221;primary&#8221; size=&#8221;sm&#8221; align=&#8221;center&#8221; button_block=&#8221;true&#8221; css=&#8221;.vc_custom_1568886884768{margin-right: 10px !important;margin-left: 10px !important;}&#8221; link=&#8221;url:http%3A%2F%2Fgen4.focolare.org%2Fparola-di-vita%2Fitaliano%2F|title:Italiano||&#8221;][vc_btn title=&#8221;HRVATSKI&#8221; style=&#8221;flat&#8221; shape=&#8221;round&#8221; color=&#8221;primary&#8221; size=&#8221;sm&#8221; align=&#8221;center&#8221; button_block=&#8221;true&#8221; css=&#8221;.vc_custom_1568886783784{margin-right: 10px !important;margin-left: 10px !important;}&#8221; link=&#8221;url:http%3A%2F%2Fgen4.focolare.org%2Fparola-di-vita%2Fhrvatski%2F|title:Hrvatski||&#8221;][vc_btn title=&#8221;PORTUGU\u00caS (BRASIL)&#8221; style=&#8221;flat&#8221; shape=&#8221;round&#8221; color=&#8221;primary&#8221; size=&#8221;sm&#8221; align=&#8221;center&#8221; button_block=&#8221;true&#8221; css=&#8221;.vc_custom_1580806989869{margin-right: 10px !important;margin-left: 10px !important;}&#8221; link=&#8221;url:http%3A%2F%2Fgen4.focolare.org%2Fparola-di-vita%2Fportugues-brasil%2F|title:Portugu%C3%AAs%20(Brasil)||&#8221;][vc_btn title=&#8221;\u0423\u043a\u0440\u0430\u0457\u043d\u0441\u044c\u043a\u0430 (Ucraino)&#8221; style=&#8221;flat&#8221; shape=&#8221;round&#8221; color=&#8221;primary&#8221; size=&#8221;sm&#8221; align=&#8221;center&#8221; button_block=&#8221;true&#8221; css=&#8221;.vc_custom_1625057326724{margin-right: 10px !important;margin-left: 10px !important;}&#8221; link=&#8221;url:https%3A%2F%2Fgen4.focolare.org%2Fparola-di-vita%2F%25d1%2583%25d0%25ba%25d1%2580%25d0%25b0%25d1%2597%25d0%25bd%25d1%2581%25d1%258c%25d0%25ba%25d0%25b0-ucraina%2F|title:Ucraino&#8221;][vc_btn title=&#8221;\u0627\u0644\u0639\u0631\u0628\u064a\u0629 (ARABIC)&#8221; style=&#8221;flat&#8221; shape=&#8221;round&#8221; color=&#8221;primary&#8221; size=&#8221;sm&#8221; align=&#8221;center&#8221; button_block=&#8221;true&#8221; css=&#8221;.vc_custom_1568886463845{margin-right: 10px !important;margin-left: 10px !important;}&#8221; link=&#8221;url:http%3A%2F%2Fgen4.focolare.org%2Fparola-di-vita%2F%25d8%25a7%25d9%2584%25d8%25b9%25d8%25b1%25d8%25a8%25d9%258a%25d8%25a9-arabic%2F|title:%D8%A7%D9%84%D8%B9%D8%B1%D8%A8%D9%8A%D8%A9%20(Arabic)||&#8221;][\/vc_column][vc_column width=&#8221;1\/5&#8243;][vc_btn title=&#8221;DEUTSCH&#8221; style=&#8221;flat&#8221; shape=&#8221;round&#8221; color=&#8221;primary&#8221; size=&#8221;sm&#8221; align=&#8221;center&#8221; button_block=&#8221;true&#8221; css=&#8221;.vc_custom_1568885745699{margin-right: 10px !important;margin-left: 10px !important;}&#8221; link=&#8221;url:http%3A%2F%2Fgen4.focolare.org%2Fparola-di-vita%2Fdeutsch%2F|title:Deutsch||&#8221;][vc_btn title=&#8221;FRAN\u00c7AIS&#8221; style=&#8221;flat&#8221; shape=&#8221;round&#8221; color=&#8221;primary&#8221; size=&#8221;sm&#8221; align=&#8221;center&#8221; button_block=&#8221;true&#8221; css=&#8221;.vc_custom_1568886393055{margin-right: 10px !important;margin-left: 10px !important;}&#8221; link=&#8221;url:http%3A%2F%2Fgen4.focolare.org%2Fparola-di-vita%2Ffrancais%2F|title:Fran%C3%A7ais||&#8221;][vc_btn title=&#8221;LIETUVOS&#8221; style=&#8221;flat&#8221; shape=&#8221;round&#8221; color=&#8221;primary&#8221; size=&#8221;sm&#8221; align=&#8221;center&#8221; button_block=&#8221;true&#8221; css=&#8221;.vc_custom_1568886839880{margin-right: 10px !important;margin-left: 10px !important;}&#8221; link=&#8221;url:http%3A%2F%2Fgen4.focolare.org%2Fparola-di-vita%2Flietuvos%2F|title:Lietuvos||&#8221;][vc_btn title=&#8221;NEDERLANDS&#8221; style=&#8221;flat&#8221; shape=&#8221;round&#8221; color=&#8221;primary&#8221; size=&#8221;sm&#8221; align=&#8221;center&#8221; button_block=&#8221;true&#8221; css=&#8221;.vc_custom_1568886750651{margin-right: 10px !important;margin-left: 10px !important;}&#8221; link=&#8221;url:http%3A%2F%2Fgen4.focolare.org%2Fparola-di-vita%2Fnederlands%2F|title:Nederlands||&#8221;][vc_btn title=&#8221;PORTUGU\u00caS (PORTUGAL)&#8221; style=&#8221;flat&#8221; shape=&#8221;round&#8221; color=&#8221;primary&#8221; size=&#8221;sm&#8221; align=&#8221;center&#8221; button_block=&#8221;true&#8221; css=&#8221;.vc_custom_1580807039105{margin-right: 10px !important;margin-left: 10px !important;}&#8221; link=&#8221;url:http%3A%2F%2Fgen4.focolare.org%2Fparola-di-vita%2Fportugues-portugal%2F|title:Portugu%C3%AAs%20(Portugal)||&#8221;][vc_btn title=&#8221;CP\u041fC\u041a\u0418 (SERBIAN)&#8221; style=&#8221;flat&#8221; shape=&#8221;round&#8221; color=&#8221;primary&#8221; size=&#8221;sm&#8221; align=&#8221;center&#8221; button_block=&#8221;true&#8221; css=&#8221;.vc_custom_1568886517115{margin-right: 10px !important;margin-left: 10px !important;}&#8221; link=&#8221;url:http%3A%2F%2Fgen4.focolare.org%2Fparola-di-vita%2Fcp%25d0%25bfc%25d0%25ba%25d0%25b8-serbian%2F|title:cp%D0%BFc%D0%BA%D0%B8%20(Serbian)||&#8221;][vc_btn title=&#8221;\u0627\u0631\u062f\u0648 (URDU)&#8221; style=&#8221;flat&#8221; shape=&#8221;round&#8221; color=&#8221;primary&#8221; size=&#8221;sm&#8221; align=&#8221;center&#8221; button_block=&#8221;true&#8221; css=&#8221;.vc_custom_1579790276989{margin-right: 10px !important;margin-left: 10px !important;}&#8221; link=&#8221;url:http%3A%2F%2Fgen4.focolare.org%2Fparola-di-vita%2F%25d8%25a7%25d8%25b1%25d8%25af%25d9%2588-urdu%2F|title:%D8%A7%D8%B1%D8%AF%D9%88%20(Urdu)||&#8221;][\/vc_column][vc_column width=&#8221;1\/5&#8243;][vc_btn title=&#8221;ENGLISH&#8221; style=&#8221;flat&#8221; shape=&#8221;round&#8221; color=&#8221;primary&#8221; size=&#8221;sm&#8221; align=&#8221;center&#8221; button_block=&#8221;true&#8221; css=&#8221;.vc_custom_1579789644540{margin-right: 10px !important;margin-left: 10px !important;}&#8221; link=&#8221;url:http%3A%2F%2Fgen4.focolare.org%2Fparola-di-vita%2Fenglish%2F|title:English||&#8221;][vc_btn title=&#8221;\ud55c\uad6d\uc5b4 (KOREAN)&#8221; style=&#8221;flat&#8221; shape=&#8221;round&#8221; color=&#8221;primary&#8221; size=&#8221;sm&#8221; align=&#8221;center&#8221; button_block=&#8221;true&#8221; css=&#8221;.vc_custom_1586858814416{margin-right: 10px !important;margin-left: 10px !important;}&#8221; link=&#8221;url:https%3A%2F%2Fgen4.focolare.org%2Fparola-di-vita%2F%25ed%2595%259c%25ea%25b5%25ad%25ec%2596%25b4-korean%2F|title:%ED%95%9C%EA%B5%AD%EC%96%B4%20(Korean)||&#8221;][vc_btn title=&#8221;MAGYAR&#8221; style=&#8221;flat&#8221; shape=&#8221;round&#8221; color=&#8221;primary&#8221; size=&#8221;sm&#8221; align=&#8221;center&#8221; button_block=&#8221;true&#8221; css=&#8221;.vc_custom_1568886807383{margin-right: 10px !important;margin-left: 10px !important;}&#8221; link=&#8221;url:http%3A%2F%2Fgen4.focolare.org%2Fparola-di-vita%2Fmagyar%2F|title:Magyar||&#8221;][vc_btn title=&#8221;POLSKI&#8221; style=&#8221;flat&#8221; shape=&#8221;round&#8221; color=&#8221;primary&#8221; size=&#8221;sm&#8221; align=&#8221;center&#8221; button_block=&#8221;true&#8221; css=&#8221;.vc_custom_1579789680212{margin-right: 10px !important;margin-left: 10px !important;}&#8221; link=&#8221;url:http%3A%2F%2Fgen4.focolare.org%2Fparola-di-vita%2Fpolski%2F|title:Polski||&#8221;][vc_btn title=&#8221;\u0420\u0423\u0421\u0421\u041a\u0418\u0419 (RUSSIAN)&#8221; style=&#8221;flat&#8221; shape=&#8221;round&#8221; color=&#8221;primary&#8221; size=&#8221;sm&#8221; align=&#8221;center&#8221; button_block=&#8221;true&#8221; css=&#8221;.vc_custom_1568886632851{margin-right: 10px !important;margin-left: 10px !important;}&#8221; link=&#8221;url:http%3A%2F%2Fgen4.focolare.org%2Fparola-di-vita%2F%25d1%2580%25d1%2583%25d1%2581%25d1%2581%25d0%25ba%25d0%25b8%25d0%25b9-russian%2F|title:%D0%A0%D1%83%D1%81%D1%81%D0%BA%D0%B8%D0%B9%20(Russian)||&#8221;][vc_btn title=&#8221;\u6c49 \u6f22 (CHINESE)&#8221; style=&#8221;flat&#8221; shape=&#8221;round&#8221; color=&#8221;primary&#8221; size=&#8221;sm&#8221; align=&#8221;center&#8221; button_block=&#8221;true&#8221; css=&#8221;.vc_custom_1568886489015{margin-right: 10px !important;margin-left: 10px !important;}&#8221; link=&#8221;url:http%3A%2F%2Fgen4.focolare.org%2Fparola-di-vita%2F%25e6%25b1%2589-%25e6%25bc%25a2-chinese%2F|title:%E6%B1%89%20%E6%BC%A2%20(Chinese)||&#8221;][vc_btn title=&#8221;\u65e5\u672c\u8a9e (JAPANESE)&#8221; style=&#8221;flat&#8221; shape=&#8221;round&#8221; color=&#8221;primary&#8221; size=&#8221;sm&#8221; align=&#8221;center&#8221; button_block=&#8221;true&#8221; css=&#8221;.vc_custom_1568886415534{margin-right: 10px !important;margin-left: 10px !important;}&#8221; link=&#8221;url:http%3A%2F%2Fgen4.focolare.org%2Fparola-di-vita%2F%25e6%2597%25a5%25e6%259c%25ac%25e8%25aa%259e-japanese%2F|title:%E6%97%A5%E6%9C%AC%E8%AA%9E%20(Japanese)||&#8221;][\/vc_column][\/vc_row]<\/p>\n<\/div>","protected":false},"excerpt":{"rendered":"<p>[vc_row full_width=&#8221;stretch_row&#8221; content_placement=&#8221;middle&#8221; css=&#8221;.vc_custom_1559339456463{background-image: url(http:\/\/gen4.focolare.org\/wp-content\/uploads\/2019\/05\/background_gen4_blue.png?id=1749) !important;}&#8221;][vc_column width=&#8221;1\/4&#8243;][vc_column_text css=&#8221;.vc_custom_1578832761205{background-color: #e94e1b !important;}&#8221;] a &#8230; <\/p>\n","protected":false},"author":1,"featured_media":0,"parent":0,"menu_order":0,"comment_status":"closed","ping_status":"closed","template":"","meta":{"footnotes":""},"class_list":["post-3817","page","type-page","status-publish","hentry"],"_links":{"self":[{"href":"https:\/\/gen4.focolare.org\/pt-br\/wp-json\/wp\/v2\/pages\/3817","targetHints":{"allow":["GET"]}}],"collection":[{"href":"https:\/\/gen4.focolare.org\/pt-br\/wp-json\/wp\/v2\/pages"}],"about":[{"href":"https:\/\/gen4.focolare.org\/pt-br\/wp-json\/wp\/v2\/types\/page"}],"author":[{"embeddable":true,"href":"https:\/\/gen4.focolare.org\/pt-br\/wp-json\/wp\/v2\/users\/1"}],"replies":[{"embeddable":true,"href":"https:\/\/gen4.focolare.org\/pt-br\/wp-json\/wp\/v2\/comments?post=3817"}],"version-history":[{"count":37,"href":"https:\/\/gen4.focolare.org\/pt-br\/wp-json\/wp\/v2\/pages\/3817\/revisions"}],"predecessor-version":[{"id":22591,"href":"https:\/\/gen4.focolare.org\/pt-br\/wp-json\/wp\/v2\/pages\/3817\/revisions\/22591"}],"wp:attachment":[{"href":"https:\/\/gen4.focolare.org\/pt-br\/wp-json\/wp\/v2\/media?parent=3817"}],"curies":[{"name":"wp","href":"https:\/\/api.w.org\/{rel}","templated":true}]}}