{"id":3885,"date":"2019-05-06T08:31:27","date_gmt":"2019-05-06T06:31:27","guid":{"rendered":"http:\/\/gen4.focolare.org\/?page_id=3885"},"modified":"2021-09-16T12:05:45","modified_gmt":"2021-09-16T10:05:45","slug":"contatos","status":"publish","type":"page","link":"https:\/\/gen4.focolare.org\/pt-br\/contatos\/","title":{"rendered":"contatos"},"content":{"rendered":"<div class=\"wpb-content-wrapper\"><p>[vc_row full_width=&#8221;stretch_row&#8221; content_placement=&#8221;middle&#8221; css=&#8221;.vc_custom_1559340256912{background-image: url(http:\/\/gen4.focolare.org\/wp-content\/uploads\/2019\/05\/background_gen4_grey-1.png?id=1750) !important;}&#8221;][vc_column width=&#8221;1\/4&#8243;][vc_column_text css=&#8221;.vc_custom_1578840825514{background-color: #e94e1b !important;}&#8221;]<\/p>\n<h1 style=\"text-align: center;\"><span style=\"color: #ffffff;\">contatos<\/span><\/h1>\n<p>[\/vc_column_text][\/vc_column][vc_column width=&#8221;3\/4&#8243; full_width=&#8221;&#8221; gap=&#8221;0&#8243; full_height=&#8221;&#8221; columns_placement=&#8221;middle&#8221; equal_height=&#8221;&#8221; rtl_reverse=&#8221;&#8221; content_placement=&#8221;&#8221; disable_element=&#8221;&#8221;][\/vc_column][\/vc_row][vc_row][vc_column width=&#8221;1\/2&#8243;][vc_single_image image=&#8221;2175&#8243; img_size=&#8221;full&#8221;][vc_column_text]<\/p>\n<p>Nestas p\u00e1ginas, tentamos delinear a centralidade das crian\u00e7as no Movimento dos Focolares. Mas os temas s\u00e3o muitos e \u00e9 dif\u00edcil resumi-los em poucas linhas.<\/p>\n<p>Se voc\u00ea tiver d\u00favidas, propostas, solicita\u00e7\u00f5es, fale conosco sempre que desejar, atrav\u00e9s dos nossos contatos ou enviando um mensagem pela web.<\/p>\n<p>[\/vc_column_text][vc_column_text]<\/p>\n<p><strong>Movimento dos Focolares<\/strong><\/p>\n<p>Via di Frascati, 306<br \/>\nRocca di Papa (RM)<br \/>\nItalia \u2013 00040<\/p>\n<p>Tel. +39 \/ 06 947 989<\/p>\n<p>[\/vc_column_text][\/vc_column][vc_column width=&#8221;1\/2&#8243; css=&#8221;.vc_custom_1559379072327{padding-top: 20px !important;}&#8221;][vc_raw_html]JTVCZm9ybSUyMGlkJTNEJTIyOTM4OSUyMiUyMCUyRiU1RA==[\/vc_raw_html][\/vc_column][\/vc_row]<\/p>\n<\/div>","protected":false},"excerpt":{"rendered":"<p>[vc_row full_width=&#8221;stretch_row&#8221; content_placement=&#8221;middle&#8221; css=&#8221;.vc_custom_1559340256912{background-image: url(http:\/\/gen4.focolare.org\/wp-content\/uploads\/2019\/05\/background_gen4_grey-1.png?id=1750) !important;}&#8221;][vc_column width=&#8221;1\/4&#8243;][vc_column_text css=&#8221;.vc_custom_1578840825514{background-color: #e94e1b !important;}&#8221;] contatos &#8230; <\/p>\n","protected":false},"author":1,"featured_media":0,"parent":0,"menu_order":0,"comment_status":"closed","ping_status":"closed","template":"","meta":{"footnotes":""},"class_list":["post-3885","page","type-page","status-publish","hentry"],"_links":{"self":[{"href":"https:\/\/gen4.focolare.org\/pt-br\/wp-json\/wp\/v2\/pages\/3885","targetHints":{"allow":["GET"]}}],"collection":[{"href":"https:\/\/gen4.focolare.org\/pt-br\/wp-json\/wp\/v2\/pages"}],"about":[{"href":"https:\/\/gen4.focolare.org\/pt-br\/wp-json\/wp\/v2\/types\/page"}],"author":[{"embeddable":true,"href":"https:\/\/gen4.focolare.org\/pt-br\/wp-json\/wp\/v2\/users\/1"}],"replies":[{"embeddable":true,"href":"https:\/\/gen4.focolare.org\/pt-br\/wp-json\/wp\/v2\/comments?post=3885"}],"version-history":[{"count":8,"href":"https:\/\/gen4.focolare.org\/pt-br\/wp-json\/wp\/v2\/pages\/3885\/revisions"}],"predecessor-version":[{"id":9405,"href":"https:\/\/gen4.focolare.org\/pt-br\/wp-json\/wp\/v2\/pages\/3885\/revisions\/9405"}],"wp:attachment":[{"href":"https:\/\/gen4.focolare.org\/pt-br\/wp-json\/wp\/v2\/media?parent=3885"}],"curies":[{"name":"wp","href":"https:\/\/api.w.org\/{rel}","templated":true}]}}