{"id":3901,"date":"2019-06-01T00:58:36","date_gmt":"2019-05-31T22:58:36","guid":{"rendered":"http:\/\/gen4.focolare.org\/?page_id=3901"},"modified":"2020-02-03T13:06:27","modified_gmt":"2020-02-03T12:06:27","slug":"a-arte-de-amar-e-o-dado","status":"publish","type":"page","link":"https:\/\/gen4.focolare.org\/pt-br\/como-vivemos\/a-arte-de-amar-e-o-dado\/","title":{"rendered":"A arte de amar e \u201co dado\u201d"},"content":{"rendered":"<div class=\"wpb-content-wrapper\"><p>[vc_row full_width=&#8221;stretch_row&#8221; content_placement=&#8221;middle&#8221; css=&#8221;.vc_custom_1559339648223{background-image: url(http:\/\/gen4.focolare.org\/wp-content\/uploads\/2019\/05\/background_gen4_yellow.png?id=1748) !important;}&#8221;][vc_column width=&#8221;2\/5&#8243;][vc_column_text css=&#8221;.vc_custom_1578845642157{background-color: #1d70b8 !important;}&#8221;]<\/p>\n<h1 style=\"text-align: center;\"><span style=\"color: #ffffff;\">a arte de amar e \u201co dado\u201d<br \/><\/span><\/h1>\n<p>[\/vc_column_text][\/vc_column][vc_column width=&#8221;3\/5&#8243; full_width=&#8221;&#8221; gap=&#8221;0&#8243; full_height=&#8221;&#8221; columns_placement=&#8221;middle&#8221; equal_height=&#8221;&#8221; rtl_reverse=&#8221;&#8221; content_placement=&#8221;&#8221; disable_element=&#8221;&#8221;][\/vc_column][\/vc_row][vc_row full_width=&#8221;stretch_row_content&#8221; css=&#8221;.vc_custom_1559343721436{padding-top: 30px !important;}&#8221;][vc_column][vc_single_image image=&#8221;2187&#8243; img_size=&#8221;full&#8221;][\/vc_column][\/vc_row][vc_row][vc_column width=&#8221;1\/3&#8243; css=&#8221;.vc_custom_1559343880508{padding-bottom: 20px !important;}&#8221;][vc_column_text]<\/p>\n<p><span style=\"font-weight: 400;\">Crescer de maneira harmoniosa significa dar espa\u00e7o a todas as dimens\u00f5es da pessoa humana: pessoal e interpessoal; social e global; espiritual. Os v\u00e1rios aspectos do amor evang\u00e9lico <\/span><span style=\"color: #1d70b8;\"><b>(amar o outro como a si mesmo \u2013 amar a todos \u2013 amar o inimigo\u00a0 &#8211; amar um ao outro &#8211; amar Jesus no pr\u00f3ximo &#8211; a<strong>mar por primeiro<\/strong>),<\/b><\/span><span style=\"font-weight: 400;\"> definidos por Chiara Lubich, <\/span><span style=\"color: #1d70b8;\"><b>\u201carte de amar\u201d<\/b><\/span><span style=\"font-weight: 400;\">, conduzem a um crescimento global da pessoa em todas as suas dimens\u00f5es.<\/span><\/p>\n<p><span style=\"font-weight: 400;\">\u00c9 a experi\u00eancia feita durante todos esses anos no \u00e2mbito do Movimento e n\u00e3o apenas a partir de 1998, quando Chiara Lubich, falando para as crian\u00e7as sobre a Arte de amar, <\/span><b>entregou-lhes um \u201ccubo\u201d<\/b><span style=\"font-weight: 400;\">, um dado especial, onde em todos os lados \u00e9 representada uma daquelas frases do amor evang\u00e9lico: desde ent\u00e3o ficou conhecido como o \u201cDado do amor\u201d.<\/span><\/p>\n<p><span style=\"font-weight: 400;\">A partir deste simples <\/span><b><span style=\"color: #1d70b8;\">\u201cjogo\u201d (lan\u00e7ar o \u201cdado\u201d todas as manh\u00e3s , ver qual lado aparece e procurar viver aquela frase o dia todo),<\/span> <\/b><span style=\"font-weight: 400;\">crian\u00e7as de todas as latitudes est\u00e3o comprometidas com um exerc\u00edcio constante, quotidiano para levar o amor e a paz entre os amigos, na fam\u00edlia, l\u00e1 onde est\u00e3o.<\/span><\/p>\n<p>[\/vc_column_text][\/vc_column][vc_column width=&#8221;1\/3&#8243;][vc_column_text]<\/p>\n<p><span style=\"font-weight: 400;\">Sim, o amor e a paz porque as frases evang\u00e9licas da Arte de amar s\u00e3o declina\u00e7\u00f5es da \u201cRegra de ouro\u201d, que no Evangelho \u00e9 expressa assim: <\/span><span style=\"color: #1d70b8;\"><b>\u201cTudo quanto quiserdes que os homens vos fa\u00e7am fazei-os tamb\u00e9m a eles!\u201d (Mt.7,12)<\/b><\/span><span style=\"font-weight: 400;\"><span style=\"color: #1d70b8;\">,<\/span> mas que se encontra nos textos sagrados das principais religi\u00f5es e pode ser vivida de uma maneira realmente universal!<\/span><\/p>\n<p><span style=\"font-weight: 400;\">Ao longo dos anos houve muitas varia\u00e7\u00f5es das frases escritas nas faces do dado, diferentes mas com o mesmo objetivo: <\/span><span style=\"color: #1d70b8;\"><b>contribuir para um mundo mais fraterno, justo e solid\u00e1rio.<\/b><\/span><\/p>\n<p><span style=\"font-weight: 400;\">E\u00a0 o dado teve uma ampla difus\u00e3o n\u00e3o apenas entre as crian\u00e7as, mas tamb\u00e9m entre os adolescentes, jovens e adultos chegando rapidamente em muitos pa\u00edses do mundo e em diferentes contextos: nas escolas, nas par\u00f3quias, nas associa\u00e7\u00f5es para crian\u00e7as, <\/span><span style=\"color: #1d70b8;\"><b>tornando-se um instrumento para brincar e viver ao mesmo tempo.<\/b><\/span><\/p>\n<p>[\/vc_column_text][\/vc_column][vc_column width=&#8221;1\/3&#8243;][vc_column_text]<\/p>\n<p><b>Atrav\u00e9s do &#8220;Dado do amor&#8221; Gen4, nasceram muitos projetos:<\/b><\/p>\n<p><span style=\"font-weight: 400;\">para a constru\u00e7\u00e3o da paz o <\/span><span style=\"color: #1d70b8;\"><b>Dado da Paz<\/b><span style=\"font-weight: 400;\">:<\/span><a style=\"color: #1d70b8;\" href=\"http:\/\/livingpeaceinternational.org\/it\/\"> <span style=\"font-weight: 400;\">http:\/\/livingpeaceinternational.org\/it\/<\/span><\/a><\/span><\/p>\n<p><span style=\"font-weight: 400;\">para levar ao esporte valores verdadeiros, o Dado do esporte <\/span><span style=\"color: #1d70b8;\"><b>Sport4peace<\/b><span style=\"font-weight: 400;\">:<\/span><a style=\"color: #1d70b8;\" href=\"http:\/\/www.sportmeet.org\/it\/\"> <span style=\"font-weight: 400;\">http:\/\/www.sportmeet.org\/it\/<\/span><\/a><\/span><\/p>\n<p><span style=\"font-weight: 400;\">Para a prote\u00e7\u00e3o da natureza, o <\/span><span style=\"color: #1d70b8;\"><b>dado da terra<\/b><a style=\"color: #1d70b8;\" href=\"http:\/\/theearthcube.org\/it\/\"> <span style=\"font-weight: 400;\">http:\/\/theearthcube.org\/it\/<\/span><\/a><\/span><\/p>\n<p><span style=\"font-weight: 400;\">no \u00e2mbito pedag\u00f3gico a <span style=\"color: #1d70b8;\">\u201c<\/span><\/span><span style=\"color: #1d70b8;\"><b>did\u00e1tica do dado do amor<\/b><span style=\"font-weight: 400;\">\u201d<\/span><a style=\"color: #1d70b8;\" href=\"http:\/\/www.trentoardente.it\/\"> <span style=\"font-weight: 400;\">http:\/\/www.trentoardente.it\/<\/span><\/a><\/span><\/p>\n<p>[\/vc_column_text][\/vc_column][\/vc_row][vc_row][vc_column][vc_column_text]<\/p>\n<h2><span style=\"color: #e94e1b;\">MATERIAL<\/span><\/h2>\n<p>[\/vc_column_text][vc_column_text]<\/p>\n<div class='w3eden wpdm_packages_shortcode'>\n    <div class=''>\n\n        \n        <div id=\"content_wpdm_package_1\">\n            <div class='row'><div class='col-lg-6 col-md-6 col-6'><div class=\"well c2a2\">\n<div class=\"media\">\n<div class=\"pull-left\" style=\"margin-right: 10px;\" align=\"left\">&nbsp;<\/div>\n<div class=\"media-body\">\n<h4 class=\"media-heading\" style=\"padding-top: 0px; border: 0px; margin: 0 0 5px 0; font-size: 15px;\"><span style=\"color: #1D70B8;\"><a style=\"font-weight: bold; color: #1D70B8;\" href=\"https:\/\/gen4.focolare.org\/pt-br\/download\/um-novo-video-sobre-a-arte-de-amar-e-o-dado-do-amor\/\">Um novo v\u00eddeo sobre a \u201cArte de amar\u201d e o \u201cdado do amor\u201d<\/a> <\/span><span style=\"margin-left: 30px; font-size: 8pt; font-weight: 300;\"> 862.23 KB<\/span><\/h4>\n<\/div>\n<\/div>\n<\/div><\/br><\/div><div class='col-lg-6 col-md-6 col-6'><div class=\"well c2a2\">\n<div class=\"media\">\n<div class=\"pull-left\" style=\"margin-right: 10px;\" align=\"left\">&nbsp;<\/div>\n<div class=\"media-body\">\n<h4 class=\"media-heading\" style=\"padding-top: 0px; border: 0px; margin: 0 0 5px 0; font-size: 15px;\"><span style=\"color: #1D70B8;\"><a style=\"font-weight: bold; color: #1D70B8;\" href=\"https:\/\/gen4.focolare.org\/pt-br\/download\/o-dado-do-amor-desenho\/\">O \u201cdado do amor\u201d [DESENHO]<\/a> <\/span><span style=\"margin-left: 30px; font-size: 8pt; font-weight: 300;\"> 4.98 MB<\/span><\/h4>\n<\/div>\n<\/div>\n<\/div><\/br><\/div><div class='col-lg-6 col-md-6 col-6'><div class=\"well c2a2\">\n<div class=\"media\">\n<div class=\"pull-left\" style=\"margin-right: 10px;\" align=\"left\">&nbsp;<\/div>\n<div class=\"media-body\">\n<h4 class=\"media-heading\" style=\"padding-top: 0px; border: 0px; margin: 0 0 5px 0; font-size: 15px;\"><span style=\"color: #1D70B8;\"><a style=\"font-weight: bold; color: #1D70B8;\" href=\"https:\/\/gen4.focolare.org\/pt-br\/download\/o-dado-do-amor-cancao\/\">O dado do amor [CAN\u00c7\u00c3O]<\/a> <\/span><span style=\"margin-left: 30px; font-size: 8pt; font-weight: 300;\"> 5.05 MB<\/span><\/h4>\n<\/div>\n<\/div>\n<\/div><\/br><\/div><div class='col-lg-6 col-md-6 col-6'><div class=\"well c2a2\">\n<div class=\"media\">\n<div class=\"pull-left\" style=\"margin-right: 10px;\" align=\"left\">&nbsp;<\/div>\n<div class=\"media-body\">\n<h4 class=\"media-heading\" style=\"padding-top: 0px; border: 0px; margin: 0 0 5px 0; font-size: 15px;\"><span style=\"color: #1D70B8;\"><a style=\"font-weight: bold; color: #1D70B8;\" href=\"https:\/\/gen4.focolare.org\/pt-br\/download\/a-felicidade-de-amar-cancao\/\">A felicidade de amar [CAN\u00c7\u00c3O]<\/a> <\/span><span style=\"margin-left: 30px; font-size: 8pt; font-weight: 300;\"> 8.98 MB<\/span><\/h4>\n<\/div>\n<\/div>\n<\/div><\/br><\/div><\/div>            <div style='clear:both'><\/div><div class='text-center'><ul class='pagination wpdm-pagination pagination-centered text-center'><\/ul><\/div><div style='clear:both'><\/div>        <\/div>\n\n        <div style='clear:both'><\/div>\n    <\/div>\n<\/div>\n\n<p>[\/vc_column_text][vc_column_text]<\/p>\n<h2><span style=\"color: #e94e1b;\">EXPERI\u00caNCIAS<\/span><\/h2>\n<p>[\/vc_column_text][vc_basic_grid post_type=&#8221;wpdmpro&#8221; max_items=&#8221;10&#8243; item=&#8221;1674&#8243; grid_id=&#8221;vc_gid:1580731998796-48f7f251-0e64-1&#8243; taxonomies=&#8221;223&#8243;][\/vc_column][\/vc_row]<\/p>\n<\/div>","protected":false},"excerpt":{"rendered":"<p>[vc_row full_width=&#8221;stretch_row&#8221; content_placement=&#8221;middle&#8221; css=&#8221;.vc_custom_1559339648223{background-image: url(http:\/\/gen4.focolare.org\/wp-content\/uploads\/2019\/05\/background_gen4_yellow.png?id=1748) !important;}&#8221;][vc_column width=&#8221;2\/5&#8243;][vc_column_text css=&#8221;.vc_custom_1578845642157{background-color: #1d70b8 !important;}&#8221;] a &#8230; <\/p>\n","protected":false},"author":1,"featured_media":0,"parent":3915,"menu_order":0,"comment_status":"closed","ping_status":"closed","template":"","meta":{"footnotes":""},"class_list":["post-3901","page","type-page","status-publish","hentry"],"_links":{"self":[{"href":"https:\/\/gen4.focolare.org\/pt-br\/wp-json\/wp\/v2\/pages\/3901","targetHints":{"allow":["GET"]}}],"collection":[{"href":"https:\/\/gen4.focolare.org\/pt-br\/wp-json\/wp\/v2\/pages"}],"about":[{"href":"https:\/\/gen4.focolare.org\/pt-br\/wp-json\/wp\/v2\/types\/page"}],"author":[{"embeddable":true,"href":"https:\/\/gen4.focolare.org\/pt-br\/wp-json\/wp\/v2\/users\/1"}],"replies":[{"embeddable":true,"href":"https:\/\/gen4.focolare.org\/pt-br\/wp-json\/wp\/v2\/comments?post=3901"}],"version-history":[{"count":8,"href":"https:\/\/gen4.focolare.org\/pt-br\/wp-json\/wp\/v2\/pages\/3901\/revisions"}],"predecessor-version":[{"id":5014,"href":"https:\/\/gen4.focolare.org\/pt-br\/wp-json\/wp\/v2\/pages\/3901\/revisions\/5014"}],"up":[{"embeddable":true,"href":"https:\/\/gen4.focolare.org\/pt-br\/wp-json\/wp\/v2\/pages\/3915"}],"wp:attachment":[{"href":"https:\/\/gen4.focolare.org\/pt-br\/wp-json\/wp\/v2\/media?parent=3901"}],"curies":[{"name":"wp","href":"https:\/\/api.w.org\/{rel}","templated":true}]}}