{"id":3909,"date":"2019-07-02T10:55:19","date_gmt":"2019-07-02T08:55:19","guid":{"rendered":"http:\/\/gen4.focolare.org\/?page_id=3909"},"modified":"2022-11-04T16:56:35","modified_gmt":"2022-11-04T15:56:35","slug":"acao-desalojaram-jesus","status":"publish","type":"page","link":"https:\/\/gen4.focolare.org\/pt-br\/como-vivemos\/acao-desalojaram-jesus\/","title":{"rendered":"A\u00e7\u00e3o \u201cDesalojaram Jesus\u201d"},"content":{"rendered":"<div class=\"wpb-content-wrapper\"><p>[vc_row full_width=&#8221;stretch_row&#8221; content_placement=&#8221;middle&#8221; css=&#8221;.vc_custom_1559339648223{background-image: url(http:\/\/gen4.focolare.org\/wp-content\/uploads\/2019\/05\/background_gen4_yellow.png?id=1748) !important;}&#8221;][vc_column width=&#8221;2\/5&#8243;][vc_column_text css=&#8221;.vc_custom_1578846401709{background-color: #1d70b8 !important;}&#8221;]<\/p>\n<h1 style=\"text-align: center;\"><span style=\"color: #ffffff;\">A\u00e7\u00e3o \u201cDesalojaram Jesus\u201d<\/span><\/h1>\n<p>[\/vc_column_text][\/vc_column][vc_column width=&#8221;3\/5&#8243; full_width=&#8221;&#8221; gap=&#8221;0&#8243; full_height=&#8221;&#8221; columns_placement=&#8221;middle&#8221; equal_height=&#8221;&#8221; rtl_reverse=&#8221;&#8221; content_placement=&#8221;&#8221; disable_element=&#8221;&#8221;][\/vc_column][\/vc_row][vc_row full_width=&#8221;stretch_row_content&#8221; css=&#8221;.vc_custom_1559343721436{padding-top: 30px !important;}&#8221;][vc_column][vc_single_image image=&#8221;2215&#8243; img_size=&#8221;full&#8221;][\/vc_column][\/vc_row][vc_row][vc_column width=&#8221;1\/3&#8243; css=&#8221;.vc_custom_1559343880508{padding-bottom: 20px !important;}&#8221;]<div id=\"cz_91853\" class=\"cz_91853 cz_video_popup clr cz_video_popup_c\"><div><div class=\"cz_vp_c\"><a href=\"https:\/\/vimeo.com\/360294989\"><img decoding=\"async\" width=\"1863\" height=\"959\" src=\"https:\/\/gen4.focolare.org\/wp-content\/uploads\/2019\/09\/hsg_cover_video.png\" class=\"attachment-full\" alt=\"Hsg cover video\" title=\"hsg_cover_video\" srcset=\"https:\/\/gen4.focolare.org\/wp-content\/uploads\/2019\/09\/hsg_cover_video.png 1863w, https:\/\/gen4.focolare.org\/wp-content\/uploads\/2019\/09\/hsg_cover_video-300x154.png 300w, https:\/\/gen4.focolare.org\/wp-content\/uploads\/2019\/09\/hsg_cover_video-768x395.png 768w, https:\/\/gen4.focolare.org\/wp-content\/uploads\/2019\/09\/hsg_cover_video-1024x527.png 1024w, https:\/\/gen4.focolare.org\/wp-content\/uploads\/2019\/09\/hsg_cover_video-600x309.png 600w\" sizes=\"auto, (max-width: 1863px) 100vw, 1863px\" loading=\"lazy\" \/><div class=\"cz_vp_inner\"><span><i class=\"fa fa-play\"><\/i><\/span><\/div><\/a><\/div><\/div><\/div>[vc_column_text css=&#8221;.vc_custom_1579252318098{padding-top: 20px !important;}&#8221;]<span style=\"color: #1d70b8;\"><b>Iniciada em 1997<\/b><\/span><span style=\"font-weight: 400;\"><span style=\"color: #1d70b8;\">,<\/span> esta a\u00e7\u00e3o gen4 vai muito mais al\u00e9m do significado literal das palavras:<\/span><b><span style=\"color: #1d70b8;\"> significa n\u00e3o se deixar condicionar pelo consumismo, trazendo de volta os valores ao centro.<\/span> <\/b><span style=\"font-weight: 400;\">\u00a0A id\u00e9ia surgiu de uma relfex\u00e3o de Chiara Lubich, que se encontrava na Su\u00ed\u00e7a no per\u00edodo que antecede o Natal.\u00a0<\/span><\/p>\n<p><span style=\"font-weight: 400;\">Caminhando pelas ruas iluminadas de uma grande cidade, Chiara ficou impressionada com as luzes, com as lindas decora\u00e7\u00f5es, com toda a riqueza, mas sobretudo pela falta de refer\u00eancia ao principal significado do Natal. E assim ela escreveu:\u00a0<\/span>[\/vc_column_text][\/vc_column][vc_column width=&#8221;1\/3&#8243;][vc_column_text]<span style=\"color: #1d70b8;\"><b><i>\u201cA incredulidade e depois quase uma revolta: este mundo rico \u201cespoliou\u201d o Natal e tudo que o cerca e desalojou Jesus! (&#8230;) Aposta-se no Natal para o melhor faturamento do ano. Mas n\u00e3o se pensa em Jesus. \u201cVeio para os seus, e os seus n\u00e3o o receberam\u201d \u201cn\u00e3o havia lugar para ele na hospedaria\u201d&#8230; nem mesmo no Natal.\u201d<\/i><\/b><\/span> <span style=\"font-weight: 400;\">(C.Lubich, in L.Velardi,<\/span><i><span style=\"font-weight: 400;\"> Hanno sloggiato Ges\u00f9, <\/span><\/i><span style=\"font-weight: 400;\">Citt\u00e0 Nuova, Roma, 2005, p.5)<\/span><\/p>\n<p><span style=\"font-weight: 400;\">Desde 1997, milhares de gen4 em todo o mundo acolheram o convite de Chiara para trazer Jesus de volta ao centro do Natal.<\/span><\/p>\n<p><span style=\"font-weight: 400;\">Junto com os pais, amigos e outros membros do Movimento,<\/span><span style=\"color: #1d70b8;\"><b> nas ruas e nas pra\u00e7as, nos mercados, nas institui\u00e7\u00f5es locais, nas escolas<\/b><\/span><span style=\"font-weight: 400;\"><span style=\"color: #1d70b8;\">,<\/span> oferecem \u00e0s pessoas <\/span><span style=\"color: #1d70b8;\"><b>estatuazinhas de gesso do Menino Jesus ou pres\u00e9pios de todos os tipos preparados por eles mesmos<\/b><\/span><span style=\"font-weight: 400;\"><span style=\"color: #1d70b8;\">,<\/span> juntamente com o texto de Chiara Lubich entitulado <\/span><span style=\"color: #1d70b8;\"><strong>\u201c<\/strong><b>Desalojaram Jesus\u201d<\/b><span style=\"font-weight: 400;\">. <\/span><\/span>[\/vc_column_text][\/vc_column][vc_column width=&#8221;1\/3&#8243;][vc_column_text]<\/p>\n<h2><span style=\"font-weight: 400;\"><strong><span style=\"color: #1d70b8;\">Acolhida e dom<br \/>\n<\/span><\/strong><\/span><\/h2>\n<p><span style=\"color: #1d70b8;\"><span style=\"font-weight: 400;\">\u201c<\/span><b>N\u00e3o desalojar Jesus\u201d<\/b><\/span><span style=\"font-weight: 400;\"> significa tamb\u00e9m\u00a0 <\/span><span style=\"color: #1d70b8;\"><span style=\"font-weight: 400;\">\u201c<\/span><b>acolh\u00ea-Lo\u201d<\/b><\/span><span style=\"font-weight: 400;\"> em todos aqueles que mais precisam. Por isso a a\u00e7\u00e3o \u201cDesalojaram Jesus\u201d possui em si mesma <\/span><span style=\"color: #1d70b8;\"><b>a dimens\u00e3o do \u201cdom\u201d<\/b><\/span><span style=\"font-weight: 400;\"><span style=\"color: #1d70b8;\">,<\/span> da percep\u00e7\u00e3o do outro: os gen4 todos os anos fazem iniciativas, como o Menino Jesus, a favor de outras crian\u00e7as que em alguns lugares do mundo n\u00e3o t\u00eam o necess\u00e1rio;<\/span><span style=\"color: #1d70b8;\"><b> as pessoas que recebem o \u201cMenino Jesus\u201d muitas vezes, doam espontaneamente, uma oferta para as finalidades propostas.<\/b><\/span><\/p>\n<p><span style=\"font-weight: 400;\">Ao longo dos anos os valores inerentes a esta iniciativa (acolher os outros, levar alegria, ser um dom) descobriram tantas express\u00f5es que podem ser vividas com todos aqueles que compartilham\u00a0 <\/span><span style=\"color: #1d70b8;\"><b>\u201cA Regra de ouro\u201d: compartilhar brinquedos com crian\u00e7as que n\u00e3o os t\u00eam, levar alegria a um centro para idosos, doar desenhos, um sorriso para as pessoas que vivem em solid\u00e3o&#8230;<\/b><\/span>[\/vc_column_text][\/vc_column][\/vc_row][vc_row][vc_column][vc_column_text]<\/p>\n<h2><span style=\"color: #e94e1b;\">MATERIAL<\/span><\/h2>\n<p>[\/vc_column_text][vc_column_text]<div class='w3eden wpdm_packages_shortcode'>\n    <div class=''>\n\n        \n        <div id=\"content_wpdm_package_1\">\n            <div class='row'><div class='col-lg-6 col-md-6 col-12'><div class=\"well c2a2\">\n<div class=\"media\">\n<div class=\"pull-left\" style=\"margin-right: 10px;\" align=\"left\">&nbsp;<\/div>\n<div class=\"media-body\">\n<h4 class=\"media-heading\" style=\"padding-top: 0px; border: 0px; margin: 0 0 5px 0; font-size: 15px;\"><span style=\"color: #1D70B8;\"><a style=\"font-weight: bold; color: #1D70B8;\" href=\"https:\/\/gen4.focolare.org\/pt-br\/download\/a-maravilhosa-historia-do-natal_br_album\/\">A maravilhosa hist\u00f3ria do Natal_br_ALBUM<\/a> <\/span><span style=\"margin-left: 30px; font-size: 8pt; font-weight: 300;\"> 13.90 MB<\/span><\/h4>\n<\/div>\n<\/div>\n<\/div><\/br><\/div><div class='col-lg-6 col-md-6 col-12'><div class=\"well c2a2\">\n<div class=\"media\">\n<div class=\"pull-left\" style=\"margin-right: 10px;\" align=\"left\">&nbsp;<\/div>\n<div class=\"media-body\">\n<h4 class=\"media-heading\" style=\"padding-top: 0px; border: 0px; margin: 0 0 5px 0; font-size: 15px;\"><span style=\"color: #1D70B8;\"><a style=\"font-weight: bold; color: #1D70B8;\" href=\"https:\/\/gen4.focolare.org\/pt-br\/download\/calendario-do-advento\/\">Calend\u00e1rio do Advento<\/a> <\/span><span style=\"margin-left: 30px; font-size: 8pt; font-weight: 300;\"> 12.15 MB<\/span><\/h4>\n<\/div>\n<\/div>\n<\/div><\/br><\/div><div class='col-lg-6 col-md-6 col-12'><div class=\"well c2a2\">\n<div class=\"media\">\n<div class=\"pull-left\" style=\"margin-right: 10px;\" align=\"left\">&nbsp;<\/div>\n<div class=\"media-body\">\n<h4 class=\"media-heading\" style=\"padding-top: 0px; border: 0px; margin: 0 0 5px 0; font-size: 15px;\"><span style=\"color: #1D70B8;\"><a style=\"font-weight: bold; color: #1D70B8;\" href=\"https:\/\/gen4.focolare.org\/pt-br\/download\/como-preparar-as-imagens-do-menino-jesus-video\/\">Como preparar as imagens do Menino Jesus [V\u00cdDEO]<\/a> <\/span><span style=\"margin-left: 30px; font-size: 8pt; font-weight: 300;\"> 0.00 KB<\/span><\/h4>\n<\/div>\n<\/div>\n<\/div><\/br><\/div><div class='col-lg-6 col-md-6 col-12'><div class=\"well c2a2\">\n<div class=\"media\">\n<div class=\"pull-left\" style=\"margin-right: 10px;\" align=\"left\">&nbsp;<\/div>\n<div class=\"media-body\">\n<h4 class=\"media-heading\" style=\"padding-top: 0px; border: 0px; margin: 0 0 5px 0; font-size: 15px;\"><span style=\"color: #1D70B8;\"><a style=\"font-weight: bold; color: #1D70B8;\" href=\"https:\/\/gen4.focolare.org\/pt-br\/download\/desalojaram-jesus-texto\/\">Desalojaram Jesus [TEXTO]<\/a> <\/span><span style=\"margin-left: 30px; font-size: 8pt; font-weight: 300;\"> 150.97 KB<\/span><\/h4>\n<\/div>\n<\/div>\n<\/div><\/br><\/div><div class='col-lg-6 col-md-6 col-12'><div class=\"well c2a2\">\n<div class=\"media\">\n<div class=\"pull-left\" style=\"margin-right: 10px;\" align=\"left\">&nbsp;<\/div>\n<div class=\"media-body\">\n<h4 class=\"media-heading\" style=\"padding-top: 0px; border: 0px; margin: 0 0 5px 0; font-size: 15px;\"><span style=\"color: #1D70B8;\"><a style=\"font-weight: bold; color: #1D70B8;\" href=\"https:\/\/gen4.focolare.org\/pt-br\/download\/hsg_aiuti_-aids-_ayudas_-ajudas_-aides_2022-2023-video_ppt\/\">HSG_Aiuti_ Aids _Ayudas_ Ajudas_ Aides_2022-2023 [VIDEO_PPT]<\/a> <\/span><span style=\"margin-left: 30px; font-size: 8pt; font-weight: 300;\"> 27.93 MB<\/span><\/h4>\n<\/div>\n<\/div>\n<\/div><\/br><\/div><div class='col-lg-6 col-md-6 col-12'><div class=\"well c2a2\">\n<div class=\"media\">\n<div class=\"pull-left\" style=\"margin-right: 10px;\" align=\"left\">&nbsp;<\/div>\n<div class=\"media-body\">\n<h4 class=\"media-heading\" style=\"padding-top: 0px; border: 0px; margin: 0 0 5px 0; font-size: 15px;\"><span style=\"color: #1D70B8;\"><a style=\"font-weight: bold; color: #1D70B8;\" href=\"https:\/\/gen4.focolare.org\/pt-br\/download\/natale_-noel_-christmas_-navidad_natal-danze_danses_dances_bailes_-dancas\/\">Natale_ No\u00ebl_ Christmas_ Navidad_Natal [DANZE_Danses_Dances_Bailes_ Dan\u00e7as]<\/a> <\/span><span style=\"margin-left: 30px; font-size: 8pt; font-weight: 300;\"> 0.00 KB<\/span><\/h4>\n<\/div>\n<\/div>\n<\/div><\/br><\/div><div class='col-lg-6 col-md-6 col-12'><div class=\"well c2a2\">\n<div class=\"media\">\n<div class=\"pull-left\" style=\"margin-right: 10px;\" align=\"left\">&nbsp;<\/div>\n<div class=\"media-body\">\n<h4 class=\"media-heading\" style=\"padding-top: 0px; border: 0px; margin: 0 0 5px 0; font-size: 15px;\"><span style=\"color: #1D70B8;\"><a style=\"font-weight: bold; color: #1D70B8;\" href=\"https:\/\/gen4.focolare.org\/pt-br\/download\/o-natal-e-jesus-cancao\/\">O Natal \u00e9 Jesus [CAN\u00c7\u00c3O]<\/a> <\/span><span style=\"margin-left: 30px; font-size: 8pt; font-weight: 300;\"> 2.92 MB<\/span><\/h4>\n<\/div>\n<\/div>\n<\/div><\/br><\/div><div class='col-lg-6 col-md-6 col-12'><div class=\"well c2a2\">\n<div class=\"media\">\n<div class=\"pull-left\" style=\"margin-right: 10px;\" align=\"left\">&nbsp;<\/div>\n<div class=\"media-body\">\n<h4 class=\"media-heading\" style=\"padding-top: 0px; border: 0px; margin: 0 0 5px 0; font-size: 15px;\"><span style=\"color: #1D70B8;\"><a style=\"font-weight: bold; color: #1D70B8;\" href=\"https:\/\/gen4.focolare.org\/pt-br\/download\/presepio-natal-desenhos-atividades-com-papel\/\">Pres\u00e9pio - Natal [DESENHOS-ATIVIDADES COM PAPEL]<\/a> <\/span><span style=\"margin-left: 30px; font-size: 8pt; font-weight: 300;\"> 42.76 MB<\/span><\/h4>\n<\/div>\n<\/div>\n<\/div><\/br><\/div><div class='col-lg-6 col-md-6 col-12'><div class=\"well c2a2\">\n<div class=\"media\">\n<div class=\"pull-left\" style=\"margin-right: 10px;\" align=\"left\">&nbsp;<\/div>\n<div class=\"media-body\">\n<h4 class=\"media-heading\" style=\"padding-top: 0px; border: 0px; margin: 0 0 5px 0; font-size: 15px;\"><span style=\"color: #1D70B8;\"><a style=\"font-weight: bold; color: #1D70B8;\" href=\"https:\/\/gen4.focolare.org\/pt-br\/download\/spot_hsg-video_ppt\/\">Spot_HSG [VIDEO_PPT]<\/a> <\/span><span style=\"margin-left: 30px; font-size: 8pt; font-weight: 300;\"> 106.29 MB<\/span><\/h4>\n<\/div>\n<\/div>\n<\/div><\/br><\/div><\/div>                    <\/div>\n\n        <div style='clear:both'><\/div>\n    <\/div>\n<\/div>\n[\/vc_column_text][vc_column_text]<\/p>\n<h2><span style=\"color: #e94e1b;\">EXPERI\u00caNCIAS<br \/>\n<\/span><\/h2>\n<p>[\/vc_column_text][vc_basic_grid post_type=&#8221;wpdmpro&#8221; max_items=&#8221;10&#8243; item=&#8221;1674&#8243; grid_id=&#8221;vc_gid:1667577409725-69aac1d573b3591356bbb698b4d9cc1b-3&#8243; taxonomies=&#8221;225&#8243;][\/vc_column][\/vc_row]<\/p>\n<\/div>","protected":false},"excerpt":{"rendered":"<p>[vc_row full_width=&#8221;stretch_row&#8221; content_placement=&#8221;middle&#8221; css=&#8221;.vc_custom_1559339648223{background-image: url(http:\/\/gen4.focolare.org\/wp-content\/uploads\/2019\/05\/background_gen4_yellow.png?id=1748) !important;}&#8221;][vc_column width=&#8221;2\/5&#8243;][vc_column_text css=&#8221;.vc_custom_1578846401709{background-color: #1d70b8 !important;}&#8221;] A\u00e7\u00e3o &#8230; <\/p>\n","protected":false},"author":1,"featured_media":0,"parent":3915,"menu_order":0,"comment_status":"closed","ping_status":"closed","template":"","meta":{"footnotes":""},"class_list":["post-3909","page","type-page","status-publish","hentry"],"_links":{"self":[{"href":"https:\/\/gen4.focolare.org\/pt-br\/wp-json\/wp\/v2\/pages\/3909","targetHints":{"allow":["GET"]}}],"collection":[{"href":"https:\/\/gen4.focolare.org\/pt-br\/wp-json\/wp\/v2\/pages"}],"about":[{"href":"https:\/\/gen4.focolare.org\/pt-br\/wp-json\/wp\/v2\/types\/page"}],"author":[{"embeddable":true,"href":"https:\/\/gen4.focolare.org\/pt-br\/wp-json\/wp\/v2\/users\/1"}],"replies":[{"embeddable":true,"href":"https:\/\/gen4.focolare.org\/pt-br\/wp-json\/wp\/v2\/comments?post=3909"}],"version-history":[{"count":10,"href":"https:\/\/gen4.focolare.org\/pt-br\/wp-json\/wp\/v2\/pages\/3909\/revisions"}],"predecessor-version":[{"id":12129,"href":"https:\/\/gen4.focolare.org\/pt-br\/wp-json\/wp\/v2\/pages\/3909\/revisions\/12129"}],"up":[{"embeddable":true,"href":"https:\/\/gen4.focolare.org\/pt-br\/wp-json\/wp\/v2\/pages\/3915"}],"wp:attachment":[{"href":"https:\/\/gen4.focolare.org\/pt-br\/wp-json\/wp\/v2\/media?parent=3909"}],"curies":[{"name":"wp","href":"https:\/\/api.w.org\/{rel}","templated":true}]}}