{"id":3946,"date":"2019-06-01T01:25:43","date_gmt":"2019-05-31T23:25:43","guid":{"rendered":"http:\/\/gen4.focolare.org\/?page_id=3946"},"modified":"2020-01-12T18:59:01","modified_gmt":"2020-01-12T17:59:01","slug":"progeto-de-formacao","status":"publish","type":"page","link":"https:\/\/gen4.focolare.org\/pt-br\/quem-somos\/progeto-de-formacao\/","title":{"rendered":"Progeto de forma\u00e7\u00e3o"},"content":{"rendered":"<div class=\"wpb-content-wrapper\"><p>[vc_row full_width=&#8221;stretch_row&#8221; content_placement=&#8221;middle&#8221; css=&#8221;.vc_custom_1559339898804{background-image: url(http:\/\/gen4.focolare.org\/wp-content\/uploads\/2019\/05\/background_gen4_red.png?id=1747) !important;}&#8221;][vc_column width=&#8221;1\/4&#8243;][vc_column_text css=&#8221;.vc_custom_1578852045882{background-color: #00983a !important;}&#8221;]<\/p>\n<h1 style=\"text-align: center;\"><span style=\"color: #ffffff;\">quem somos<br \/><\/span><\/h1>\n<p>[\/vc_column_text][\/vc_column][vc_column width=&#8221;3\/4&#8243; full_width=&#8221;&#8221; gap=&#8221;0&#8243; full_height=&#8221;&#8221; columns_placement=&#8221;middle&#8221; equal_height=&#8221;&#8221; rtl_reverse=&#8221;&#8221; content_placement=&#8221;&#8221; disable_element=&#8221;&#8221;][\/vc_column][\/vc_row][vc_row css=&#8221;.vc_custom_1559332639878{padding-top: 30px !important;}&#8221;][vc_column width=&#8221;1\/4&#8243;][vc_column_text css=&#8221;.vc_custom_1578852059469{margin-right: 10px !important;border-right-width: 1px !important;padding-right: 10px !important;border-right-color: #e94e1b !important;border-right-style: dashed !important;}&#8221;]<\/p>\n<h1 style=\"text-align: right;\"><span style=\"color: #e94e1b;\">Progeto de forma\u00e7\u00e3o <\/span><\/h1>\n<p>[\/vc_column_text][\/vc_column][vc_column width=&#8221;3\/4&#8243;][vc_column_text css=&#8221;.vc_custom_1578852215163{margin-bottom: 0px !important;border-bottom-width: 0px !important;padding-bottom: 0px !important;}&#8221;]<\/p>\n<p><img loading=\"lazy\" decoding=\"async\" class=\"size-medium wp-image-2118 alignright\" src=\"http:\/\/gen4.focolare.org\/wp-content\/uploads\/2019\/09\/Accompagnare-300x200.jpg\" alt=\"\" width=\"300\" height=\"200\" srcset=\"https:\/\/gen4.focolare.org\/wp-content\/uploads\/2019\/09\/Accompagnare-300x200.jpg 300w, https:\/\/gen4.focolare.org\/wp-content\/uploads\/2019\/09\/Accompagnare-768x512.jpg 768w, https:\/\/gen4.focolare.org\/wp-content\/uploads\/2019\/09\/Accompagnare-1024x683.jpg 1024w, https:\/\/gen4.focolare.org\/wp-content\/uploads\/2019\/09\/Accompagnare-600x400.jpg 600w\" sizes=\"auto, (max-width: 300px) 100vw, 300px\" \/><\/p>\n<p><span style=\"font-weight: 400;\">A forma\u00e7\u00e3o das crian\u00e7as no Movimento dos Focolares faz parte do percurso de forma\u00e7\u00e3o das novas gera\u00e7\u00f5es que est\u00e1 sendo realizado no Movimento, no qual:<\/span><\/p>\n<p><span style=\"font-weight: 400;\">1) todo o patrim\u00f4nio espiritual que Chiara Lubich deu \u00e0s crian\u00e7as \u00e9 oferecido, gradualmente, de acordo com a idade de cada um para manter o encanto de cada etapa: \u201cJesus cresceu em idade, sabedoria e gra\u00e7a\u201d (Lc 2,52). Tentamos cuidar e acompanhar cuidadosamente a passagem nas diferentes etapas: de crian\u00e7as (gen4) a adolescentes (gen3)\u2026como sucessivamente de adolescentes (gen3) a jovens (gen2);<\/span><\/p>\n<p><span style=\"font-weight: 400;\">2) queremos tentar verdadeiramente estar \u201cpr\u00f3ximos\u201d de cada crian\u00e7a atrav\u00e9s da: acolhida, proximidade, abertura ao di\u00e1logo.<img loading=\"lazy\" decoding=\"async\" class=\"size-medium wp-image-2766 alignright\" src=\"http:\/\/gen4.focolare.org\/wp-content\/uploads\/2019\/10\/Fotos-Pep-094-300x225.jpg\" alt=\"\" width=\"300\" height=\"225\" srcset=\"https:\/\/gen4.focolare.org\/wp-content\/uploads\/2019\/10\/Fotos-Pep-094-300x225.jpg 300w, https:\/\/gen4.focolare.org\/wp-content\/uploads\/2019\/10\/Fotos-Pep-094-768x576.jpg 768w, https:\/\/gen4.focolare.org\/wp-content\/uploads\/2019\/10\/Fotos-Pep-094-1024x768.jpg 1024w, https:\/\/gen4.focolare.org\/wp-content\/uploads\/2019\/10\/Fotos-Pep-094-600x450.jpg 600w, https:\/\/gen4.focolare.org\/wp-content\/uploads\/2019\/10\/Fotos-Pep-094.jpg 1920w\" sizes=\"auto, (max-width: 300px) 100vw, 300px\" \/> Isso significa, por exemplo procurar idiomas e m\u00e9todos adequados para a idade, mas tamb\u00e9m considerar as diferentes situa\u00e7\u00f5es, atualizar as propostas de acordo com as \u00e1reas geogr\u00e1ficas e\/ou ades\u00e3o a v\u00e1rias Igrejas ou diferentes religi\u00f5es e culturas;<\/span><\/p>\n<p><span style=\"font-weight: 400;\">3) a abordagem que propomos quer ir al\u00e9m da simples transmiss\u00e3o te\u00f3rica de conte\u00fados. De fato as experi\u00eancias de vida vividas, a experimenta\u00e7\u00e3o concreta dos valores e as iniciativas promovidas apoiar\u00e3o e enriqueceram a reflex\u00e3o e a forma\u00e7\u00e3o das crian\u00e7as.<\/span><\/p>\n<p>[\/vc_column_text][\/vc_column][\/vc_row]<\/p>\n<\/div>","protected":false},"excerpt":{"rendered":"<p>[vc_row full_width=&#8221;stretch_row&#8221; content_placement=&#8221;middle&#8221; css=&#8221;.vc_custom_1559339898804{background-image: url(http:\/\/gen4.focolare.org\/wp-content\/uploads\/2019\/05\/background_gen4_red.png?id=1747) !important;}&#8221;][vc_column width=&#8221;1\/4&#8243;][vc_column_text css=&#8221;.vc_custom_1578852045882{background-color: #00983a !important;}&#8221;] quem &#8230; <\/p>\n","protected":false},"author":1,"featured_media":0,"parent":3957,"menu_order":0,"comment_status":"closed","ping_status":"closed","template":"","meta":{"footnotes":""},"class_list":["post-3946","page","type-page","status-publish","hentry"],"_links":{"self":[{"href":"https:\/\/gen4.focolare.org\/pt-br\/wp-json\/wp\/v2\/pages\/3946","targetHints":{"allow":["GET"]}}],"collection":[{"href":"https:\/\/gen4.focolare.org\/pt-br\/wp-json\/wp\/v2\/pages"}],"about":[{"href":"https:\/\/gen4.focolare.org\/pt-br\/wp-json\/wp\/v2\/types\/page"}],"author":[{"embeddable":true,"href":"https:\/\/gen4.focolare.org\/pt-br\/wp-json\/wp\/v2\/users\/1"}],"replies":[{"embeddable":true,"href":"https:\/\/gen4.focolare.org\/pt-br\/wp-json\/wp\/v2\/comments?post=3946"}],"version-history":[{"count":3,"href":"https:\/\/gen4.focolare.org\/pt-br\/wp-json\/wp\/v2\/pages\/3946\/revisions"}],"predecessor-version":[{"id":3950,"href":"https:\/\/gen4.focolare.org\/pt-br\/wp-json\/wp\/v2\/pages\/3946\/revisions\/3950"}],"up":[{"embeddable":true,"href":"https:\/\/gen4.focolare.org\/pt-br\/wp-json\/wp\/v2\/pages\/3957"}],"wp:attachment":[{"href":"https:\/\/gen4.focolare.org\/pt-br\/wp-json\/wp\/v2\/media?parent=3946"}],"curies":[{"name":"wp","href":"https:\/\/api.w.org\/{rel}","templated":true}]}}