{"id":3982,"date":"2018-05-29T11:10:26","date_gmt":"2018-05-29T09:10:26","guid":{"rendered":"http:\/\/gen4.focolare.org\/?page_id=3982"},"modified":"2020-03-04T13:28:50","modified_gmt":"2020-03-04T12:28:50","slug":"3982-2","status":"publish","type":"page","link":"https:\/\/gen4.focolare.org\/pt-br\/","title":{"rendered":"Home"},"content":{"rendered":"<div class=\"wpb-content-wrapper\"><p>[vc_row full_width=&#8221;stretch_row_content_no_spaces&#8221; content_placement=&#8221;middle&#8221; css=&#8221;.vc_custom_1559375274526{margin-bottom: 0px !important;border-bottom-width: 0px !important;padding-bottom: 0px !important;}&#8221;][vc_column][vc_raw_html]JTVCc21hcnRzbGlkZXIzJTIwc2xpZGVyJTNEMyU1RA==[\/vc_raw_html][\/vc_column][\/vc_row][vc_row css=&#8221;.vc_custom_1557136058960{margin-bottom: 30px !important;}&#8221;][vc_column width=&#8221;1\/3&#8243;][vc_column_text css=&#8221;.vc_custom_1581089156819{padding-top: 10px !important;}&#8221;]<\/p>\n<p><span style=\"font-weight: 400;\">Os gen4 <\/span><b><span style=\"color: #e94e1b;\">s\u00e3o as meninas e os meninos (dos 4 aos 8\/9 anos)<\/span> <\/b><span style=\"font-weight: 400;\">do Movimento dos Focolares. Eles acolhem e vivem a espiritualidade de Chiara Lubich e quotidianamente se empenham em viver por <\/span><span style=\"color: #e94e1b;\"><b>um mundo mais unido<\/b><\/span><span style=\"font-weight: 400;\"> e pela difus\u00e3o dos valores da<\/span><span style=\"color: #e94e1b;\"><b> paz e da fraternidade universal<\/b><span style=\"font-weight: 400;\">.<\/span><\/span><\/p>\n<p><span style=\"font-weight: 400;\">Hoje existem cerca de <\/span><span style=\"color: #e94e1b;\"><b>15.000 <\/b><\/span><span style=\"font-weight: 400;\">gen4<\/span><span style=\"color: #e94e1b;\"><b> em mais de 180 pa\u00edses\u00a0 dos cinco continentes<\/b><\/span><span style=\"font-weight: 400;\">. Partecipam das atividades gen4 crian\u00e7as de<\/span><span style=\"color: #e94e1b;\"><b> diversas Igrejas e comunidades eclesiais<\/b><\/span><span style=\"font-weight: 400;\">. Participam tamb\u00e9m crian\u00e7as de <\/span><span style=\"color: #e94e1b;\"><b>v\u00e1rias religi\u00f5es ou sem uma refer\u00eancia religiosa<\/b><\/span><span style=\"font-weight: 400;\">. <\/span><\/p>\n<p><span style=\"font-weight: 400;\">Nestas p\u00e1ginas contaremos a vida deles, suas hist\u00f3rias, as iniciativas que eles promovem. Tamb\u00e9m daremos a palavra a eles!<\/span><\/p>\n<p>[\/vc_column_text][\/vc_column][vc_column width=&#8221;2\/3&#8243;][vc_row_inner equal_height=&#8221;yes&#8221; content_placement=&#8221;top&#8221; gap=&#8221;20&#8243;][vc_column_inner width=&#8221;1\/2&#8243; css=&#8221;.vc_custom_1557136147176{border-top-width: 1px !important;border-right-width: 1px !important;border-bottom-width: 1px !important;border-left-width: 1px !important;padding-right: 10px !important;padding-bottom: 10px !important;padding-left: 10px !important;border-left-color: #e94e1b !important;border-left-style: dashed !important;border-right-color: #e94e1b !important;border-right-style: dashed !important;border-top-color: #e94e1b !important;border-top-style: dashed !important;border-bottom-color: #e94e1b !important;border-bottom-style: dashed !important;border-radius: 20px !important;}&#8221;][vc_column_text css=&#8221;.vc_custom_1578859639789{padding-top: 10px !important;}&#8221;]<\/p>\n<h4><span style=\"color: #e94e1b;\">QUEM S\u00c3O OS GEN4<br \/><\/span><\/h4>\n<p>[\/vc_column_text]<div id=\"cz_62010\" class=\"cz_62010 cz_video_popup clr cz_video_popup_c\"><div><div class=\"cz_vp_c\"><a href=\"https:\/\/vimeo.com\/344807464\"><img decoding=\"async\" width=\"512\" height=\"284\" src=\"https:\/\/gen4.focolare.org\/wp-content\/uploads\/2019\/10\/Bambini-corrono-sul-mondo.jpg\" class=\"attachment-full\" alt=\"Bambini corrono sul mondo\" srcset=\"https:\/\/gen4.focolare.org\/wp-content\/uploads\/2019\/10\/Bambini-corrono-sul-mondo.jpg 512w, https:\/\/gen4.focolare.org\/wp-content\/uploads\/2019\/10\/Bambini-corrono-sul-mondo-300x166.jpg 300w\" sizes=\"auto, (max-width: 512px) 100vw, 512px\" loading=\"lazy\" \/><div class=\"cz_vp_inner\"><span><i class=\"fa fa-play\"><\/i><\/span><\/div><\/a><\/div><\/div><\/div>[\/vc_column_inner][vc_column_inner width=&#8221;1\/2&#8243; css=&#8221;.vc_custom_1568807290210{border-top-width: 1px !important;border-right-width: 1px !important;border-bottom-width: 1px !important;border-left-width: 1px !important;background-position: center !important;background-repeat: no-repeat !important;background-size: cover !important;border-left-color: #e94e1b !important;border-left-style: dashed !important;border-right-color: #e94e1b !important;border-right-style: dashed !important;border-top-color: #e94e1b !important;border-top-style: dashed !important;border-bottom-color: #e94e1b !important;border-bottom-style: dashed !important;border-radius: 20px !important;}&#8221;][vc_column_text css=&#8221;.vc_custom_1578859652894{padding-top: 10px !important;}&#8221;]<\/p>\n<h4><span style=\"color: #e94e1b;\">PALAVRA DE VIDA DO M\u00caS<\/span><\/h4>\n<p>[\/vc_column_text]<div id=\"cz_107515\" class=\"cz_107515\"><div class=\"cz_grid cz_grid_posts cz_grid_1 clr cz_grid_c1 cz_grid_l1 cz_grid_1_no_hover cz_grid_1_bot tal\" data-atts='{\"action\":\"cz_ajax_posts\",\"post_class\":\"cz_grid_item\",\"post__in\":null,\"author__in\":null,\"nonce\":\"959302ed9a\",\"nonce_id\":\"cz_107515\",\"loadmore_end\":\"Not found more posts\",\"layout\":\"cz_grid_c1 cz_grid_l1\",\"hover\":\"cz_grid_1_no_hover\",\"image_size\":\"full\",\"subtitles\":\"%5B%7B%22t%22%3A%22date%22%7D%5D\",\"subtitle_pos\":\"\",\"icon\":\"\",\"el\":\"\",\"title_lenght\":\"\",\"cat_tax\":\"wpdmcategory\",\"cat\":\"126\",\"cat_exclude\":\"\",\"tag_tax\":\"wpdmcategory\",\"tag_id\":\"233\",\"tag_exclude\":\"\",\"post_type\":\"wpdmpro\",\"posts_per_page\":\"\",\"order\":\"DESC\",\"orderby\":\"date\",\"tilt_data\":null,\"svg_sizes\":[\"0\",\"0\"],\"img_fx\":\"\",\"custom_size\":\"full\",\"excerpt_rm\":false,\"title_tag\":\"h3\",\"s\":\"\"}'><div class=\"cz_grid_item cz_grid_first\"><\/div><div data-id=\"23602\" class=\"cz_grid_item  cz_posts_list_even 23602 post-23602 wpdmpro type-wpdmpro status-publish has-post-thumbnail hentry wpdmcategory-_pp wpdmcategory-portugues-brazil\"><div class=\"clr\"><a class=\"cz_grid_link\" href=\"https:\/\/gen4.focolare.org\/pt-br\/download\/pdv-04-2026-br\/\" title=\"PdV 04 2026 | BR\"><img decoding=\"async\" width=\"2560\" height=\"1804\" src=\"https:\/\/gen4.focolare.org\/wp-content\/uploads\/2026\/02\/Pdv_202604_br_Color-scaled.jpg\" class=\"attachment-full\" alt=\"Pdv 202604 br Color\" title=\"Pdv_202604_br_Color\" srcset=\"https:\/\/gen4.focolare.org\/wp-content\/uploads\/2026\/02\/Pdv_202604_br_Color-scaled.jpg 2560w, https:\/\/gen4.focolare.org\/wp-content\/uploads\/2026\/02\/Pdv_202604_br_Color-300x211.jpg 300w, https:\/\/gen4.focolare.org\/wp-content\/uploads\/2026\/02\/Pdv_202604_br_Color-1024x722.jpg 1024w, https:\/\/gen4.focolare.org\/wp-content\/uploads\/2026\/02\/Pdv_202604_br_Color-768x541.jpg 768w, https:\/\/gen4.focolare.org\/wp-content\/uploads\/2026\/02\/Pdv_202604_br_Color-1536x1083.jpg 1536w, https:\/\/gen4.focolare.org\/wp-content\/uploads\/2026\/02\/Pdv_202604_br_Color-2048x1443.jpg 2048w, https:\/\/gen4.focolare.org\/wp-content\/uploads\/2026\/02\/Pdv_202604_br_Color-600x423.jpg 600w, https:\/\/gen4.focolare.org\/wp-content\/uploads\/2026\/02\/Pdv_202604_br_Color-1320x930.jpg 1320w\" sizes=\"auto, (max-width: 2560px) 100vw, 2560px\" loading=\"lazy\" \/><div class=\"cz_grid_details\"><i class=\" cz_grid_icon\"><\/i><h3 class=\"cz_grid_post_title\">PdV 04 2026 | BR<\/h3><small class=\"clr\"><span class=\"cz_post_data cz_data_date\">24 de fevereiro de 2026<\/span><\/small><\/div><\/a><\/div><\/div><\/div><\/div>[\/vc_column_inner][\/vc_row_inner][\/vc_column][\/vc_row][vc_row full_width=&#8221;stretch_row&#8221; equal_height=&#8221;yes&#8221; css=&#8221;.vc_custom_1557914568408{padding-top: 15px !important;background-color: #00983a !important;}&#8221;][vc_column width=&#8221;1\/3&#8243;][vc_row_inner css=&#8221;.vc_custom_1557133298964{padding: 5px !important;}&#8221;][vc_column_inner width=&#8221;1\/2&#8243;][vc_single_image image=&#8221;2227&#8243; img_size=&#8221;full&#8221; css=&#8221;.vc_custom_1557915310260{border-top-width: 1px !important;border-right-width: 1px !important;border-bottom-width: 1px !important;border-left-width: 1px !important;padding-top: 5px !important;padding-right: 5px !important;padding-bottom: 5px !important;padding-left: 5px !important;border-left-color: #ffffff !important;border-left-style: dashed !important;border-right-color: #ffffff !important;border-right-style: dashed !important;border-top-color: #ffffff !important;border-top-style: dashed !important;border-bottom-color: #ffffff !important;border-bottom-style: dashed !important;border-radius: 20px !important;}&#8221;][\/vc_column_inner][vc_column_inner width=&#8221;1\/2&#8243;][vc_column_text css=&#8221;.vc_custom_1583324880043{padding-top: 10px !important;}&#8221;]<\/p>\n<h4><span style=\"background-color: #ffffff; color: #e94e1b;\">\u00a0AS CRIAN\u00c7AS NOS FOCOLARES\u00a0<\/span><\/h4>\n<p><span style=\"color: #ffffff;\">Brotos de esperan\u00e7a para um mundo melhor |<span style=\"color: #ffffff;\"> <a style=\"color: #ffffff;\" href=\"https:\/\/gen4.focolare.org\/pt-br\/quem-somos\/\"><strong>clique aqui&gt;<\/strong><\/a><\/span><\/span><\/p>\n<p>[\/vc_column_text][\/vc_column_inner][\/vc_row_inner][\/vc_column][vc_column width=&#8221;1\/3&#8243;][vc_row_inner css=&#8221;.vc_custom_1557133298964{padding: 5px !important;}&#8221;][vc_column_inner width=&#8221;1\/2&#8243;][vc_single_image image=&#8221;2219&#8243; img_size=&#8221;full&#8221; css=&#8221;.vc_custom_1557915325325{border-top-width: 1px !important;border-right-width: 1px !important;border-bottom-width: 1px !important;border-left-width: 1px !important;padding-top: 5px !important;padding-right: 5px !important;padding-bottom: 5px !important;padding-left: 5px !important;border-left-color: #ffffff !important;border-left-style: dashed !important;border-right-color: #ffffff !important;border-right-style: dashed !important;border-top-color: #ffffff !important;border-top-style: dashed !important;border-bottom-color: #ffffff !important;border-bottom-style: dashed !important;border-radius: 20px !important;}&#8221;][\/vc_column_inner][vc_column_inner width=&#8221;1\/2&#8243;][vc_column_text css=&#8221;.vc_custom_1583324903171{padding-top: 10px !important;}&#8221;]<\/p>\n<h4><span style=\"background-color: #ffffff; color: #d8bc07;\"><span style=\"color: #e94e1b;\"> FORMA\u00c7\u00c3O <\/span><\/span><\/h4>\n<p><span style=\"color: #ffffff;\">Companheiros de viagem! Promover o crescimento harmonioso das crian\u00e7as <strong>|<span style=\"color: #ffffff;\"> <a style=\"color: #ffffff;\" href=\"https:\/\/gen4.focolare.org\/pt-br\/quem-somos\/#formazioneintegrale\">clique aqui&gt;<\/a><\/span><\/strong><\/span><\/p>\n<p>[\/vc_column_text][\/vc_column_inner][\/vc_row_inner][\/vc_column][vc_column width=&#8221;1\/3&#8243;][vc_row_inner css=&#8221;.vc_custom_1557133298964{padding: 5px !important;}&#8221;][vc_column_inner width=&#8221;1\/2&#8243;][vc_single_image image=&#8221;2223&#8243; img_size=&#8221;full&#8221; css=&#8221;.vc_custom_1557915339968{border-top-width: 1px !important;border-right-width: 1px !important;border-bottom-width: 1px !important;border-left-width: 1px !important;padding-top: 5px !important;padding-right: 5px !important;padding-bottom: 5px !important;padding-left: 5px !important;border-left-color: #ffffff !important;border-left-style: dashed !important;border-right-color: #ffffff !important;border-right-style: dashed !important;border-top-color: #ffffff !important;border-top-style: dashed !important;border-bottom-color: #ffffff !important;border-bottom-style: dashed !important;border-radius: 20px !important;}&#8221;][\/vc_column_inner][vc_column_inner width=&#8221;1\/2&#8243;][vc_column_text css=&#8221;.vc_custom_1583324933891{padding-top: 10px !important;}&#8221;]<\/p>\n<h4><span style=\"background-color: #ffffff; color: #d8bc07;\"><span style=\"color: #e94e1b;\">\u00a0ATIVIDADES E ENCONTROS\u00a0\u00a0<\/span><strong><br \/><\/strong><\/span><\/h4>\n<p><span style=\"color: #ffffff;\">Descobrindo os gen4! O que fazem, quando se encontram? <strong>| <span style=\"color: #ffffff;\"><a style=\"color: #ffffff;\" href=\"https:\/\/gen4.focolare.org\/pt-br\/quem-somos\/#attivitaeincontri\">clique aqui&gt;<\/a><\/span><\/strong><\/span><\/p>\n<p>[\/vc_column_text][\/vc_column_inner][\/vc_row_inner][\/vc_column][\/vc_row][vc_row gap=&#8221;20&#8243;][vc_column width=&#8221;1\/3&#8243;][vc_row_inner content_placement=&#8221;middle&#8221; css=&#8221;.vc_custom_1562054760889{margin-top: 15px !important;margin-right: 15px !important;margin-bottom: 15px !important;margin-left: 15px !important;padding-top: 15px !important;padding-right: 15px !important;padding-bottom: 15px !important;padding-left: 15px !important;background-color: #d8bc07 !important;background-position: center !important;background-repeat: no-repeat !important;background-size: cover !important;border-radius: 20px !important;}&#8221;][vc_column_inner width=&#8221;1\/3&#8243; css=&#8221;.vc_custom_1568816590753{background-image: url(http:\/\/gen4.focolare.org\/wp-content\/uploads\/2019\/05\/esp-logo2.jpg?id=1638) !important;background-position: center !important;background-repeat: no-repeat !important;background-size: cover !important;border-radius: 20px !important;}&#8221;][vc_empty_space height=&#8221;100px&#8221;][\/vc_column_inner][vc_column_inner width=&#8221;2\/3&#8243;][vc_column_text]<\/p>\n<h4 style=\"text-align: left;\"><span style=\"color: #e94e1b;\">EXPERI\u00caNCIAS<\/span><\/h4>\n<p style=\"text-align: left;\"><a href=\"https:\/\/gen4.focolare.org\/pt-br\/como-vivemos\/\"><span style=\"color: #00983a;\"><strong>| clique aqui&gt;<\/strong><\/span><\/a><\/p>\n<p>[\/vc_column_text][\/vc_column_inner][\/vc_row_inner][\/vc_column][vc_column width=&#8221;1\/3&#8243;][vc_row_inner content_placement=&#8221;middle&#8221; css=&#8221;.vc_custom_1562054769428{margin-top: 15px !important;margin-right: 15px !important;margin-bottom: 15px !important;margin-left: 15px !important;padding-top: 15px !important;padding-right: 15px !important;padding-bottom: 15px !important;padding-left: 15px !important;background-color: #d8bc07 !important;background-position: center !important;background-repeat: no-repeat !important;background-size: cover !important;border-radius: 20px !important;}&#8221;][vc_column_inner width=&#8221;1\/3&#8243; css=&#8221;.vc_custom_1568816774859{background-image: url(http:\/\/gen4.focolare.org\/wp-content\/uploads\/2019\/05\/dis-small-1.jpg?id=1613) !important;background-position: center !important;background-repeat: no-repeat !important;background-size: cover !important;border-radius: 20px !important;}&#8221;][vc_empty_space height=&#8221;100px&#8221;][\/vc_column_inner][vc_column_inner width=&#8221;2\/3&#8243;][vc_column_text]<\/p>\n<h4 style=\"text-align: left;\"><span style=\"color: #e94e1b;\">DESENHOS<\/span><\/h4>\n<p style=\"text-align: left;\"><span style=\"color: #00983a;\"><strong>|<span style=\"color: #00983a;\"> <a style=\"color: #00983a;\" href=\"https:\/\/gen4.focolare.org\/pt-br\/material\/desenhos\/\">clique aqui&gt;<\/a><\/span><\/strong><\/span><\/p>\n<p>[\/vc_column_text][\/vc_column_inner][\/vc_row_inner][\/vc_column][vc_column width=&#8221;1\/3&#8243;][vc_row_inner content_placement=&#8221;middle&#8221; css=&#8221;.vc_custom_1562054776304{margin-top: 15px !important;margin-right: 15px !important;margin-bottom: 15px !important;margin-left: 15px !important;padding-top: 15px !important;padding-right: 15px !important;padding-bottom: 15px !important;padding-left: 15px !important;background-color: #d8bc07 !important;background-position: center !important;background-repeat: no-repeat !important;background-size: cover !important;border-radius: 20px !important;}&#8221;][vc_column_inner width=&#8221;1\/3&#8243; css=&#8221;.vc_custom_1568816805931{background-image: url(http:\/\/gen4.focolare.org\/wp-content\/uploads\/2019\/05\/cano-song.jpg?id=1606) !important;background-position: center !important;background-repeat: no-repeat !important;background-size: cover !important;border-radius: 20px !important;}&#8221;][vc_empty_space height=&#8221;100px&#8221;][\/vc_column_inner][vc_column_inner width=&#8221;2\/3&#8243;][vc_column_text css=&#8221;.vc_custom_1583324994081{margin-bottom: 0px !important;border-bottom-width: 0px !important;padding-bottom: 0px !important;}&#8221;]<\/p>\n<h4 style=\"text-align: left;\"><span style=\"color: #e94e1b;\">M\u00daSICAS<\/span><\/h4>\n<p style=\"text-align: left;\"><span style=\"color: #00983a;\"><strong>| <span style=\"color: #00983a;\"><a style=\"color: #00983a;\" href=\"https:\/\/gen4.focolare.org\/pt-br\/material\/cancoes\/\">clique aqui&gt;<\/a><\/span><\/strong><\/span><\/p>\n<p>[\/vc_column_text][\/vc_column_inner][\/vc_row_inner][\/vc_column][\/vc_row]<\/p>\n<\/div>","protected":false},"excerpt":{"rendered":"<p>[vc_row full_width=&#8221;stretch_row_content_no_spaces&#8221; content_placement=&#8221;middle&#8221; css=&#8221;.vc_custom_1559375274526{margin-bottom: 0px !important;border-bottom-width: 0px !important;padding-bottom: 0px !important;}&#8221;][vc_column][vc_raw_html]JTVCc21hcnRzbGlkZXIzJTIwc2xpZGVyJTNEMyU1RA==[\/vc_raw_html][\/vc_column][\/vc_row][vc_row css=&#8221;.vc_custom_1557136058960{margin-bottom: &#8230; <\/p>\n","protected":false},"author":1,"featured_media":0,"parent":0,"menu_order":0,"comment_status":"closed","ping_status":"closed","template":"","meta":{"footnotes":""},"class_list":["post-3982","page","type-page","status-publish","hentry"],"_links":{"self":[{"href":"https:\/\/gen4.focolare.org\/pt-br\/wp-json\/wp\/v2\/pages\/3982","targetHints":{"allow":["GET"]}}],"collection":[{"href":"https:\/\/gen4.focolare.org\/pt-br\/wp-json\/wp\/v2\/pages"}],"about":[{"href":"https:\/\/gen4.focolare.org\/pt-br\/wp-json\/wp\/v2\/types\/page"}],"author":[{"embeddable":true,"href":"https:\/\/gen4.focolare.org\/pt-br\/wp-json\/wp\/v2\/users\/1"}],"replies":[{"embeddable":true,"href":"https:\/\/gen4.focolare.org\/pt-br\/wp-json\/wp\/v2\/comments?post=3982"}],"version-history":[{"count":14,"href":"https:\/\/gen4.focolare.org\/pt-br\/wp-json\/wp\/v2\/pages\/3982\/revisions"}],"predecessor-version":[{"id":5439,"href":"https:\/\/gen4.focolare.org\/pt-br\/wp-json\/wp\/v2\/pages\/3982\/revisions\/5439"}],"wp:attachment":[{"href":"https:\/\/gen4.focolare.org\/pt-br\/wp-json\/wp\/v2\/media?parent=3982"}],"curies":[{"name":"wp","href":"https:\/\/api.w.org\/{rel}","templated":true}]}}