{"id":5470,"date":"2020-03-04T14:54:22","date_gmt":"2020-03-04T13:54:22","guid":{"rendered":"http:\/\/gen4.focolare.org\/?page_id=5470"},"modified":"2020-03-06T11:03:30","modified_gmt":"2020-03-06T10:03:30","slug":"cookie-policy","status":"publish","type":"page","link":"https:\/\/gen4.focolare.org\/pt-br\/cookie-policy\/","title":{"rendered":"Cookie Policy"},"content":{"rendered":"<div class=\"wpb-content-wrapper\"><p>[vc_row full_width=&#8221;stretch_row&#8221; content_placement=&#8221;middle&#8221; css=&#8221;.vc_custom_1559339898804{background-image: url(http:\/\/gen4.focolare.org\/wp-content\/uploads\/2019\/05\/background_gen4_red.png?id=1747) !important;}&#8221;][vc_column width=&#8221;1\/2&#8243;][vc_column_text css=&#8221;.vc_custom_1583330405108{background-color: #00983a !important;}&#8221;]<\/p>\n<h1 style=\"text-align: center;\"><span style=\"color: #ffffff;\">Informaci\u00f3n extendida sobre las cookies<br \/>\n<\/span><\/h1>\n<p>[\/vc_column_text][\/vc_column][vc_column width=&#8221;1\/2&#8243; full_width=&#8221;&#8221; gap=&#8221;0&#8243; full_height=&#8221;&#8221; columns_placement=&#8221;middle&#8221; equal_height=&#8221;&#8221; rtl_reverse=&#8221;&#8221; content_placement=&#8221;&#8221; disable_element=&#8221;&#8221;][\/vc_column][\/vc_row][vc_row css=&#8221;.vc_custom_1559332639878{padding-top: 30px !important;}&#8221;][vc_column][vc_column_text css=&#8221;.vc_custom_1583489079606{margin-bottom: 0px !important;border-bottom-width: 0px !important;padding-bottom: 0px !important;}&#8221;]<b>Informa\u00e7\u00e3o ampla sobre cookies<\/b><\/p>\n<p><span style=\"font-weight: 400;\">Informa\u00e7\u00f5es sobre privacidade e tratamento de dados pessoais nos termos do Decreto Legislativo n. 196\/2003 (\u201cC\u00f3digo de Privacidade\u201d), artigos 13, 23 e 26; do Regulamento (UE) 2016\/679 (\u201cGDPR\u201d) e da Provis\u00e3o da Autoridade para a Protec\u00e7\u00e3o de Dados Pessoais n. 229 de 8 de maio de 2014.<\/span><\/p>\n<p><span style=\"font-weight: 400;\">Os <\/span><i><span style=\"font-weight: 400;\">cookies<\/span><\/i><span style=\"font-weight: 400;\"> s\u00e3o constitu\u00eddos de por\u00e7\u00f5es de c\u00f3digos\u00a0armazenadas dentro do PC atrav\u00e9s de um navegador (instaladas dentro do navegador)\u00a0que auxiliam este <\/span><i><span style=\"font-weight: 400;\">website<\/span><\/i><span style=\"font-weight: 400;\">\u00a0na presta\u00e7\u00e3o do servi\u00e7o com base nas finalidades descritas. Algumas das finalidades de instala\u00e7\u00e3o dos <\/span><i><span style=\"font-weight: 400;\">cookie<\/span><\/i><span style=\"font-weight: 400;\">s poderiam, ainda, necessitar do consenso do usu\u00e1rio.<\/span><\/p>\n<p><b><i>Cookies<\/i><\/b><b> t\u00e9cnicos de estat\u00edstica agregada<\/b><\/p>\n<p><span style=\"font-weight: 400;\">Os <\/span><i><span style=\"font-weight: 400;\">cookies<\/span><\/i><span style=\"font-weight: 400;\"> t\u00e9cnicos t\u00eam a fun\u00e7\u00e3o de permitir o desenvolvimento de atividades estritamente ligadas ao funcionamento deste espa\u00e7o <\/span><i><span style=\"font-weight: 400;\">online<\/span><\/i><span style=\"font-weight: 400;\">. Os <\/span><i><span style=\"font-weight: 400;\">cookies<\/span><\/i><span style=\"font-weight: 400;\"> t\u00e9cnicos utilizados por este <\/span><i><span style=\"font-weight: 400;\">website<\/span><\/i><span style=\"font-weight: 400;\">\u00a0podem ser subdivididos nas seguintes subcategorias:<\/span><\/p>\n<ul>\n<li style=\"font-weight: 400;\"><span style=\"font-weight: 400;\">Cookies de navega\u00e7\u00e3o, por meio dos quais se podem salvar as prefer\u00eancias de navega\u00e7\u00e3o e otimizar a experi\u00eancia de navega\u00e7\u00e3o do usu\u00e1rio;<\/span><\/li>\n<li style=\"font-weight: 400;\"><span style=\"font-weight: 400;\">Cookies analytics, por meio dos quais se adquirem informa\u00e7\u00f5es estat\u00edsticas de acordo com as modalidades de navega\u00e7\u00e3o dos usu\u00e1rios. Estas informa\u00e7\u00f5es s\u00e3o tratadas de forma global e an\u00f4nima;<\/span><\/li>\n<li style=\"font-weight: 400;\"><span style=\"font-weight: 400;\">Cookies de funcionalidade, incluindo terceiros, utilizados para ativar funcionalidades espec\u00edficas deste espa\u00e7o <\/span><i><span style=\"font-weight: 400;\">online<\/span><\/i><span style=\"font-weight: 400;\"> e necess\u00e1rios para realizar o servi\u00e7o ou para melhor\u00e1-lo.<\/span><\/li>\n<\/ul>\n<p><span style=\"font-weight: 400;\">Estes <\/span><i><span style=\"font-weight: 400;\">cookies<\/span><\/i><span style=\"font-weight: 400;\"> n\u00e3o necessitam do pr\u00e9vio consentimento do usu\u00e1rio para serem instalados e utilizados.<\/span><\/p>\n<p><span style=\"font-weight: 400;\">O <\/span><i><span style=\"font-weight: 400;\">site<\/span><\/i><span style=\"font-weight: 400;\"> tamb\u00e9m usa cookies anal\u00edticos de terceiros (por exemplo, Google-Analytics) que, de acordo com a legisla\u00e7\u00e3o aplic\u00e1vel, n\u00e3o precisam do consentimento do usu\u00e1rio porque P.A.F.O.M. (i) adotou instrumentos adequados capazes de reduzir a taxa de \u201cPoder de Identifica\u00e7\u00e3o\u201d desses cookies e (ii) assinou acordos espec\u00edficos com terceiros que se comprometeram a utilizar as informa\u00e7\u00f5es coletadas apenas para fins de fornecer \u00e0 P.A.F.O.M. informa\u00e7\u00f5es estat\u00edsticas sobre o uso do <\/span><i><span style=\"font-weight: 400;\">site<\/span><\/i><span style=\"font-weight: 400;\">.<\/span><\/p>\n<p><b>Per\u00edodo de reten\u00e7\u00e3o de dados<\/b><\/p>\n<p><span style=\"font-weight: 400;\">As informa\u00e7\u00f5es coletadas atrav\u00e9s dos cookies instalados no site ser\u00e3o mantidas em conformidade com a \u201cPol\u00edtica de Privacidade\u201d, dispon\u00edvel no seguinte <\/span><a href=\"https:\/\/gen4.focolare.org\/pt-br\/privacy-policy\/\"><span style=\"font-weight: 400;\">link<\/span><\/a><span style=\"font-weight: 400;\">.<\/span><\/p>\n<p><b>Outros tipos de cookies ou instrumentos de terceiros que poderiam ser utilizados<\/b><\/p>\n<p><span style=\"font-weight: 400;\">Alguns dos servi\u00e7os elencados a seguir poderiam n\u00e3o necessitar do consentimento do usu\u00e1rio ou poderiam ser gerenciados diretamente pelo titular \u2013 de acordo com o que \u00e9 descrito \u2013 sem o aux\u00edlio de terceiros.<\/span><\/p>\n<p><span style=\"font-weight: 400;\">Caso entre os instrumentos indicados a seguir estejam presentes servi\u00e7os gerenciados por terceiros, estes poderiam \u2013 em acr\u00e9scimo a quanto especificado e tamb\u00e9m com o desconhecimento do titular deste <\/span><i><span style=\"font-weight: 400;\">website<\/span><\/i><span style=\"font-weight: 400;\">\u00a0\u2013 realizar atividades de rastreamento do usu\u00e1rio. Para obter informa\u00e7\u00f5es detalhadas, aconselha-se consultar as <\/span><i><span style=\"font-weight: 400;\">privacy policy<\/span><\/i><span style=\"font-weight: 400;\"> dos servi\u00e7os elencados.<\/span><\/p>\n<table>\n<tbody>\n<tr>\n<td><b>SOLUTION<\/b><\/td>\n<td><b>CATEGORY<\/b><\/td>\n<td><b>PROVIDER<\/b><\/td>\n<td><b>ADDRESS<\/b><\/td>\n<td><b>POLICY<\/b><\/td>\n<\/tr>\n<tr>\n<td><b>Google Analytics<\/b><\/td>\n<td>Targeting\/Advertising<\/td>\n<td>Google Inc.<\/td>\n<td>1600\u00a0 Amphitheatre Parkway<br \/>\nMountain View \u2013 CA94043<br \/>\nUSA<\/td>\n<td><a href=\"http:\/\/www.google.com\/policies\">http:\/\/www.google.com\/policies<\/a><\/td>\n<\/tr>\n<tr>\n<td><b>WPML<\/b><\/td>\n<td>Translations<\/td>\n<td>OnTheGoSystems Limited<\/td>\n<td>22\/F 3 Lockhart RoadWanchai Hong Kong<\/td>\n<td><a href=\"https:\/\/wpml.org\/documentation\/privacy-policy-and-gdpr-compliance\/\">https:\/\/wpml.org\/documentation\/privacy-policy-and-gdpr-compliance\/<\/a><\/td>\n<\/tr>\n<tr>\n<td><b>Vimeo<\/b><\/td>\n<td>Social Widget<\/td>\n<td>Vimeo, LLC<\/td>\n<td>555 West 18th Street<br \/>\nNew York, New York 10011<\/td>\n<td><a href=\"https:\/\/vimeo.com\/privacy\">https:\/\/vimeo.com\/privacy<\/a><\/td>\n<\/tr>\n<\/tbody>\n<\/table>\n<p><b>Utiliza\u00e7\u00e3o por parte de menores<\/b><\/p>\n<p><span style=\"font-weight: 400;\">Os usu\u00e1rios declaram ser maiores segundo a legisla\u00e7\u00e3o a eles aplicada. Os menores podem utilizar este espa\u00e7o <\/span><i><span style=\"font-weight: 400;\">online<\/span><\/i><span style=\"font-weight: 400;\"> somente com a assist\u00eancia de um dos pais ou respons\u00e1vel.<\/span><\/p>\n<p><b>Como posso controlar a instala\u00e7\u00e3o de <\/b><b><i>Cookies<\/i><\/b><b>?<\/b><\/p>\n<p><span style=\"font-weight: 400;\">Para al\u00e9m do que \u00e9 indicado neste documento, o usu\u00e1rio pode gerir as prefer\u00eancias relativas aos <\/span><i><span style=\"font-weight: 400;\">cookies<\/span><\/i><span style=\"font-weight: 400;\"> diretamente no pr\u00f3prio <\/span><i><span style=\"font-weight: 400;\">browser<\/span><\/i><span style=\"font-weight: 400;\"> e impedir \u2013 por exemplo \u2013 que terceiros possam instal\u00e1-los. Atrav\u00e9s das prefer\u00eancias do <\/span><i><span style=\"font-weight: 400;\">browser<\/span><\/i><span style=\"font-weight: 400;\"> tamb\u00e9m \u00e9 poss\u00edvel eliminar os <\/span><i><span style=\"font-weight: 400;\">cookies<\/span><\/i><span style=\"font-weight: 400;\"> instalados no passado, inclusive <\/span><i><span style=\"font-weight: 400;\">cookies<\/span><\/i><span style=\"font-weight: 400;\"> em que seja eventualmente salvo o consentimento da instala\u00e7\u00e3o de <\/span><i><span style=\"font-weight: 400;\">cookies<\/span><\/i><span style=\"font-weight: 400;\"> por parte deste site. \u00c9 importante notar que desabilitando todos os <\/span><i><span style=\"font-weight: 400;\">cookies<\/span><\/i><span style=\"font-weight: 400;\">, o funcionamento deste site ser\u00e1 comprometido. Pode-se encontrar informa\u00e7\u00f5es sobre como gerir os <\/span><i><span style=\"font-weight: 400;\">cookies<\/span><\/i><span style=\"font-weight: 400;\"> no teu <\/span><i><span style=\"font-weight: 400;\">browser<\/span><\/i><span style=\"font-weight: 400;\"> nos seguintes endere\u00e7os:<\/span><\/p>\n<p><a href=\"https:\/\/support.google.com\/chrome\/answer\/95647?hl=pt&amp;p=cpn_cookies%29\"><b>Google Chrome<\/b><\/a><\/p>\n<p><a href=\"https:\/\/support.mozilla.org\/pt-PT\/kb\/Activar%20e%20Desactivar%20cookies\"><b>Mozilla Firefox<\/b><\/a><\/p>\n<p><a href=\"https:\/\/support.apple.com\/kb\/PH19214?viewlocale=pt_PT&amp;locale=en_US\"><b>Apple Safari<\/b><\/a><\/p>\n<p><a href=\"http:\/\/windows.microsoft.com\/it-it\/windows-vista\/block-or-allow-cookies\"><b>Microsoft Windows Explorer<\/b><\/a><\/p>\n<p><a href=\"http:\/\/www.youronlinechoices.com\/pt\/\"><b>AboutCookies.org<\/b><\/a><\/p>\n<p><span style=\"font-weight: 400;\">No caso de servi\u00e7os prestados por terceiros, o usu\u00e1rio pode ainda exercer o pr\u00f3prio direito de opor-se ao rastreamento de informa\u00e7\u00f5es atrav\u00e9s da <\/span><i><span style=\"font-weight: 400;\">privacy policy<\/span><\/i><span style=\"font-weight: 400;\"> do terceiro, atrav\u00e9s do link <\/span><i><span style=\"font-weight: 400;\">opt out<\/span><\/i><span style=\"font-weight: 400;\"> se explicitamente fornecido ou contactando diretamente a mesma.<\/span><\/p>\n<p><span style=\"font-weight: 400;\">N\u00e3o obstante quanto precede, informa-se que o usu\u00e1rio pode-se valer de <\/span><a href=\"http:\/\/www.youronlinechoices.com\/\"><b>Your Online Choices<\/b><\/a><span style=\"font-weight: 400;\">. Atrav\u00e9s deste servi\u00e7o \u00e9 poss\u00edvel gerir as prefer\u00eancias de rastreamento da maior parte dos instrumentos publicit\u00e1rios. Portanto, aconselha-se aos usu\u00e1rios a utiliza\u00e7\u00e3o deste recurso para al\u00e9m das informa\u00e7\u00f5es fornecidas no presente documento.<\/span><\/p>\n<p><b>Direitos reconhecidos<\/b><\/p>\n<p><span style=\"font-weight: 400;\">Para qualquer informa\u00e7\u00e3o sobre os direitos concedidos aos usu\u00e1rios pela lei sobre a prote\u00e7\u00e3o de dados pessoais, por favor consulte a \u201cPol\u00edtica de Privacidade\u201d, dispon\u00edvel no seguinte <\/span><a href=\"https:\/\/gen4.focolare.org\/pt-br\/privacy-policy\/\"><span style=\"font-weight: 400;\">link<\/span><\/a><span style=\"font-weight: 400;\">.<\/span><\/p>\n<p><b>Titular do Tratamento dos Dados<\/b><\/p>\n<p><span style=\"font-weight: 400;\">O \u201ctitular\u201d do tratamento dos dados \u00e9 a P.A.F.O.M com sede em Rocca di Papa (Roma \u2013 It\u00e1lia), Via Frascati, 306.<\/span><\/p>\n<p><b>Gerente da Prote\u00e7\u00e3o de Dados<\/b><\/p>\n<p><span style=\"font-weight: 400;\">O Gerente da Prote\u00e7\u00e3o de Dados (GPD) \u00e9 o advogado Sergio Barbaro que pode ser contatado no seguinte endere\u00e7o:<\/span><\/p>\n<p><span style=\"font-weight: 400;\">Gerente de Prote\u00e7\u00e3o de Dados Pessoais<\/span><span style=\"font-weight: 400;\"><br \/>\n<\/span><span style=\"font-weight: 400;\">Via Frascati, 306 \u2013 Rocca di Papa (Roma-It\u00e1lia)<\/span><span style=\"font-weight: 400;\"><br \/>\n<\/span><span style=\"font-weight: 400;\">e-mail: <\/span><a href=\"mailto:privacy@focolare.org\"><span style=\"font-weight: 400;\">privacy@focolare.org<\/span><\/a><\/p>\n<p><span style=\"font-weight: 400;\">A partir do momento em que a instala\u00e7\u00e3o de <\/span><i><span style=\"font-weight: 400;\">cookies<\/span><\/i><span style=\"font-weight: 400;\"> e de outros sistemas de rastreamento realizada por terceiros atrav\u00e9s dos servi\u00e7os utilizados dentro deste espa\u00e7o <\/span><i><span style=\"font-weight: 400;\">online<\/span><\/i><span style=\"font-weight: 400;\"> n\u00e3o pode ser tecnicamente controlada pelo Titular, qualquer refer\u00eancia espec\u00edfica a <\/span><i><span style=\"font-weight: 400;\">cookies<\/span><\/i><span style=\"font-weight: 400;\"> e sistemas de rastreamento instalados por terceiros deve ser considerado indicativo. Para obter informa\u00e7\u00f5es completas, consultar a <\/span><i><span style=\"font-weight: 400;\">privacy policy<\/span><\/i><span style=\"font-weight: 400;\"> dos eventuais servi\u00e7os de terceiros elencados neste documento.<\/span><\/p>\n<p><span style=\"font-weight: 400;\">O presente documento refere-se a todos os espa\u00e7os <\/span><i><span style=\"font-weight: 400;\">online<\/span><\/i><span style=\"font-weight: 400;\"> (sites, plataformas, instrumentos internet, etc) de propriedade do Titular. Para obter mais informa\u00e7\u00f5es em rela\u00e7\u00e3o aos instrumentos relativos a um espec\u00edfico espa\u00e7o, o usu\u00e1rio dever\u00e1 contactar com o Titular sobre as refer\u00eancias aqui fornecidas.<\/span>[\/vc_column_text][\/vc_column][\/vc_row]<\/p>\n<\/div>","protected":false},"excerpt":{"rendered":"<p>[vc_row full_width=&#8221;stretch_row&#8221; content_placement=&#8221;middle&#8221; css=&#8221;.vc_custom_1559339898804{background-image: url(http:\/\/gen4.focolare.org\/wp-content\/uploads\/2019\/05\/background_gen4_red.png?id=1747) !important;}&#8221;][vc_column width=&#8221;1\/2&#8243;][vc_column_text css=&#8221;.vc_custom_1583330405108{background-color: #00983a !important;}&#8221;] Informaci\u00f3n &#8230; <\/p>\n","protected":false},"author":1,"featured_media":0,"parent":0,"menu_order":0,"comment_status":"closed","ping_status":"closed","template":"","meta":{"footnotes":""},"class_list":["post-5470","page","type-page","status-publish","hentry"],"_links":{"self":[{"href":"https:\/\/gen4.focolare.org\/pt-br\/wp-json\/wp\/v2\/pages\/5470","targetHints":{"allow":["GET"]}}],"collection":[{"href":"https:\/\/gen4.focolare.org\/pt-br\/wp-json\/wp\/v2\/pages"}],"about":[{"href":"https:\/\/gen4.focolare.org\/pt-br\/wp-json\/wp\/v2\/types\/page"}],"author":[{"embeddable":true,"href":"https:\/\/gen4.focolare.org\/pt-br\/wp-json\/wp\/v2\/users\/1"}],"replies":[{"embeddable":true,"href":"https:\/\/gen4.focolare.org\/pt-br\/wp-json\/wp\/v2\/comments?post=5470"}],"version-history":[{"count":6,"href":"https:\/\/gen4.focolare.org\/pt-br\/wp-json\/wp\/v2\/pages\/5470\/revisions"}],"predecessor-version":[{"id":5507,"href":"https:\/\/gen4.focolare.org\/pt-br\/wp-json\/wp\/v2\/pages\/5470\/revisions\/5507"}],"wp:attachment":[{"href":"https:\/\/gen4.focolare.org\/pt-br\/wp-json\/wp\/v2\/media?parent=5470"}],"curies":[{"name":"wp","href":"https:\/\/api.w.org\/{rel}","templated":true}]}}