{"id":7425,"date":"2019-06-01T01:51:15","date_gmt":"2019-06-01T00:51:15","guid":{"rendered":"https:\/\/gen4.focolare.org\/log-in\/"},"modified":"2022-10-05T14:11:17","modified_gmt":"2022-10-05T12:11:17","slug":"log-in","status":"publish","type":"page","link":"https:\/\/gen4.focolare.org\/pt-br\/log-in\/","title":{"rendered":"Log-In"},"content":{"rendered":"<div class=\"wpb-content-wrapper\"><p>[vc_row full_width=&#8221;stretch_row&#8221; content_placement=&#8221;middle&#8221; css=&#8221;.vc_custom_1559340256912{background-image: url(http:\/\/gen4.focolare.org\/wp-content\/uploads\/2019\/05\/background_gen4_grey-1.png?id=1750) !important;}&#8221;][vc_column width=&#8221;1\/4&#8243;][vc_column_text css=&#8221;.vc_custom_1559347332603{background-color: #e94e1b !important;}&#8221;]<\/p>\n<h1 style=\"text-align: center;\"><span style=\"color: #ffffff;\">login<\/span><\/h1>\n<p>[\/vc_column_text][\/vc_column][vc_column width=&#8221;3\/4&#8243; full_width=&#8221;&#8221; gap=&#8221;0&#8243; full_height=&#8221;&#8221; columns_placement=&#8221;middle&#8221; equal_height=&#8221;&#8221; rtl_reverse=&#8221;&#8221; content_placement=&#8221;&#8221; disable_element=&#8221;&#8221;][\/vc_column][\/vc_row][vc_row css=&#8221;.vc_custom_1559347147749{padding-top: 30px !important;}&#8221;][vc_column width=&#8221;1\/3&#8243;][vc_column_text css=&#8221;.vc_custom_1559347324018{margin-right: 20px !important;border-right-width: 1px !important;padding-right: 20px !important;border-right-color: #e94e1b !important;border-right-style: dashed !important;}&#8221;]<\/p>\n<h3 style=\"text-align: right;\"><span style=\"color: #e94e1b;\">Voc\u00ea \u00e9 assistente ou educador? Entre na \u00e1rea reservada.<\/span><\/h3>\n<p>[\/vc_column_text][\/vc_column][vc_column width=&#8221;2\/3&#8243;][vc_column_text]\r\n<div class=\"w3eden wpdm-auth-page\" id=\"wpdmloginpage\">\r\n    <div class=\"wpdm-auth-split\" id=\"wpdmlogin\">\r\n        <div class=\"wpdm-auth-panel\">\r\n            <!-- Left Panel - Decorative -->\r\n            <div class=\"wpdm-auth-left\">\r\n                <div class=\"wpdm-auth-grid\"><\/div>\r\n                <div class=\"wpdm-auth-circles\">\r\n                    <div class=\"wpdm-auth-circle\"><\/div>\r\n                    <div class=\"wpdm-auth-circle\"><\/div>\r\n                    <div class=\"wpdm-auth-circle\"><\/div>\r\n                    <div class=\"wpdm-auth-circle\"><\/div>\r\n                <\/div>\r\n\r\n                <div class=\"wpdm-auth-brand\">\r\n                    <a href=\"https:\/\/gen4.focolare.org\/pt-br\/\">\r\n                                            <img decoding=\"async\" src=\"https:\/\/gen4.focolare.org\/wp-content\/uploads\/2020\/04\/cropped-logo_centro_gen4.png\" alt=\"Gen4\" \/>\r\n                                        <span>Gen4<\/span>\r\n                    <\/a>\r\n                <\/div>\r\n\r\n                <div class=\"wpdm-auth-welcome\">\r\n                    <div class=\"wpdm-auth-welcome-sub\">Nice to see you again<\/div>\r\n                    <div class=\"wpdm-auth-welcome-title\">WELCOME BACK<\/div>\r\n                    <div class=\"wpdm-auth-welcome-line\"><\/div>\r\n                    <div class=\"wpdm-auth-welcome-text\">\r\n                        Sign in to access your account, manage your downloads, and explore all the features available to you.                    <\/div>\r\n                <\/div>\r\n            <\/div>\r\n\r\n            <!-- Right Panel - Form -->\r\n            <div class=\"wpdm-auth-right\">\r\n\r\n\r\n                <div class=\"wpdm-auth-form-header\">\r\n                    <h1 class=\"wpdm-auth-form-title\">Login Account<\/h1>\r\n                    <p class=\"wpdm-auth-form-desc\">Enter your credentials to access your account and continue where you left off.<\/p>\r\n                <\/div>\r\n                                <form name=\"loginform\" id=\"loginform\" action=\"\" method=\"post\">\r\n                    <input type=\"hidden\" name=\"permalink\" value=\"https:\/\/gen4.focolare.org\/pt-br\/log-in\/\" \/>\r\n\r\n                    <!-- Alerts -->\r\n                    <div id=\"__signin_msg\">\r\n                                            <\/div>\r\n\r\n                    \r\n                    <!-- Email -->\r\n                    <div class=\"wpdm-auth-field\">\r\n                        <div class=\"wpdm-auth-input-wrap\">\r\n                            <input type=\"text\" name=\"wpdm_login[log]\" id=\"user_login\" class=\"wpdm-auth-input\" required placeholder=\"Email ID\" autocomplete=\"username\" \/>\r\n                        <\/div>\r\n                    <\/div>\r\n\r\n                    <!-- Password -->\r\n                    <div class=\"wpdm-auth-field\">\r\n                        <div class=\"wpdm-auth-input-wrap\">\r\n                            <input type=\"password\" name=\"wpdm_login[pwd]\" id=\"password\" class=\"wpdm-auth-input has-toggle\" required placeholder=\"Senha\" autocomplete=\"current-password\" \/>\r\n                            <button type=\"button\" class=\"wpdm-auth-pwd-toggle\" onclick=\"wpdmTogglePwd()\" aria-label=\"Toggle password visibility\">\r\n                                <svg id=\"wpdm-eye\" viewBox=\"0 0 24 24\" fill=\"none\" stroke=\"currentColor\" stroke-width=\"2\"><path d=\"M1 12s4-8 11-8 11 8 11 8-4 8-11 8-11-8-11-8z\"\/><circle cx=\"12\" cy=\"12\" r=\"3\"\/><\/svg>\r\n                                <svg id=\"wpdm-eye-off\" style=\"display:none\" viewBox=\"0 0 24 24\" fill=\"none\" stroke=\"currentColor\" stroke-width=\"2\"><path d=\"M17.94 17.94A10.07 10.07 0 0 1 12 20c-7 0-11-8-11-8a18.45 18.45 0 0 1 5.06-5.94M9.9 4.24A9.12 9.12 0 0 1 12 4c7 0 11 8 11 8a18.5 18.5 0 0 1-2.16 3.19m-6.72-1.07a3 3 0 1 1-4.24-4.24\"\/><line x1=\"1\" y1=\"1\" x2=\"23\" y2=\"23\"\/><\/svg>\r\n                            <\/button>\r\n                        <\/div>\r\n                    <\/div>\r\n\r\n                    <!-- Hidden hash -->\r\n                                        <input type=\"hidden\" name=\"__phash\" id=\"__phash\" value=\"Ow8PGpx68UIUsuZBgsRn9Jpm08woeLRlLkcLZLz1LM5j2hChAUyv3wAKGxPrP-VtP-Jh6x-O_PG0tN8-z8kGZu2UWzkUr05vH7Cff9SSxpWb2SEd23TH8iEzgdcNQGSGC3uG2nxpgLPQyjfpAtQkkk36_xHmPo6LUYvSBZbm2kD4YyVTfV5LOk-dLOzdxzGn0mtUJnm15Bf_yuwPYsNsHZw\" \/>\r\n\r\n                    \r\n                                        \r\n                    <!-- Remember & Forgot -->\r\n                    <div class=\"wpdm-auth-meta\">\r\n                        <label class=\"wpdm-auth-remember\">\r\n                            <input type=\"checkbox\" name=\"rememberme\" id=\"rememberme\" value=\"forever\" \/>\r\n                            <span class=\"wpdm-auth-check\">\r\n                                <svg viewBox=\"0 0 24 24\" fill=\"none\" stroke=\"currentColor\" stroke-width=\"3\"><polyline points=\"20 6 9 17 4 12\"\/><\/svg>\r\n                            <\/span>\r\n                            <span>Keep me signed in<\/span>\r\n                        <\/label>\r\n                        <a href=\"https:\/\/gen4.focolare.org\/login\/?action=lostpassword\" class=\"wpdm-auth-forgot\">Forgot password?<\/a>\r\n                    <\/div>\r\n\r\n                    <!-- Submit -->\r\n                    <button type=\"submit\" name=\"wp-submit\" id=\"loginform-submit\" class=\"wpdm-auth-btn\">\r\n                        <span>Sign In<\/span>\r\n                    <\/button>\r\n\r\n                    <!-- Register Link -->\r\n                                            <div class=\"wpdm-auth-link\">\r\n                            Don't have an account?                            <a href=\"https:\/\/gen4.focolare.org\/registration\/\">Sign up<\/a>\r\n                        <\/div>\r\n                    \r\n                    <input type=\"hidden\" name=\"redirect_to\" value=\"\/pt-br\/wp-json\/wp\/v2\/pages\/7425\" \/>\r\n                <\/form>\r\n\r\n                <!-- Social Login -->\r\n                \r\n                            <\/div>\r\n        <\/div>\r\n    <\/div>\r\n<\/div>\r\n\r\n<script>\r\nfunction wpdmTogglePwd() {\r\n    var pwd = document.getElementById('password');\r\n    var eye = document.getElementById('wpdm-eye');\r\n    var eyeOff = document.getElementById('wpdm-eye-off');\r\n    if (pwd.type === 'password') {\r\n        pwd.type = 'text';\r\n        eye.style.display = 'none';\r\n        eyeOff.style.display = 'block';\r\n    } else {\r\n        pwd.type = 'password';\r\n        eye.style.display = 'block';\r\n        eyeOff.style.display = 'none';\r\n    }\r\n}\r\n\r\njQuery(function ($) {\r\n        var $btn = $('#loginform-submit');\r\n    var btnHtml = $btn.html();\r\n\r\n    $('#loginform').submit(function () {\r\n        $btn.html('<span class=\"wpdm-auth-spinner\"><\/span><span>Signing in...<\/span>').attr('disabled', 'disabled');\r\n\r\n        $(this).ajaxSubmit({\r\n            error: function(error) {\r\n                if(typeof error.responseJSON !== 'undefined') {\r\n                    showErr(error.responseJSON.messages || error.responseJSON.message);\r\n                    $btn.html(btnHtml).removeAttr('disabled');\r\n                                    } else {\r\n                    setTimeout(function () {\r\n                        location.href = \"\/pt-br\/wp-json\/wp\/v2\/pages\/7425\";\r\n                    }, 1000);\r\n                }\r\n            },\r\n            success: async function (res) {\r\n                if (!res.success) {\r\n                    showErr(res.message);\r\n                    $btn.html(btnHtml).removeAttr('disabled');\r\n                                    } else {\r\n                    let proceed = await WPDM.doAction(\"wpdm_user_login\", res);\r\n                    $btn.html('<svg viewBox=\"0 0 24 24\" width=\"16\" height=\"16\" fill=\"none\" stroke=\"currentColor\" stroke-width=\"2\"><path d=\"M22 11.08V12a10 10 0 1 1-5.93-9.14\"\/><polyline points=\"22 4 12 14.01 9 11.01\"\/><\/svg><span>' + res.message + '<\/span>');\r\n                    setTimeout(function () {\r\n                        location.href = \"\/pt-br\/wp-json\/wp\/v2\/pages\/7425\";\r\n                    }, 1000);\r\n                }\r\n            }\r\n        });\r\n        return false;\r\n    });\r\n    \r\n    function showErr(msg) {\r\n        $('#loginform .wpdm-auth-alert.error').remove();\r\n        var html = '<div class=\"wpdm-auth-alert error\">' +\r\n            '<svg viewBox=\"0 0 24 24\" fill=\"none\" stroke=\"currentColor\" stroke-width=\"2\"><circle cx=\"12\" cy=\"12\" r=\"10\"\/><line x1=\"15\" y1=\"9\" x2=\"9\" y2=\"15\"\/><line x1=\"9\" y1=\"9\" x2=\"15\" y2=\"15\"\/><\/svg>' +\r\n            '<span>' + msg + '<\/span><\/div>';\r\n        $('#loginform').prepend(html);\r\n    }\r\n\r\n    $('body').on('click', '.wpdm-auth-alert.error', function(){\r\n        $(this).slideUp(150, function() { $(this).remove(); });\r\n    });\r\n});\r\n<\/script>\r\n[\/vc_column_text][\/vc_column][\/vc_row][vc_row][vc_column][\/vc_column][\/vc_row]<\/p>\n<\/div>","protected":false},"excerpt":{"rendered":"<p>[vc_row full_width=&#8221;stretch_row&#8221; content_placement=&#8221;middle&#8221; css=&#8221;.vc_custom_1559340256912{background-image: url(http:\/\/gen4.focolare.org\/wp-content\/uploads\/2019\/05\/background_gen4_grey-1.png?id=1750) !important;}&#8221;][vc_column width=&#8221;1\/4&#8243;][vc_column_text css=&#8221;.vc_custom_1559347332603{background-color: #e94e1b !important;}&#8221;] login &#8230; <\/p>\n","protected":false},"author":1,"featured_media":0,"parent":0,"menu_order":0,"comment_status":"closed","ping_status":"closed","template":"","meta":{"footnotes":""},"class_list":["post-7425","page","type-page","status-publish","hentry"],"_links":{"self":[{"href":"https:\/\/gen4.focolare.org\/pt-br\/wp-json\/wp\/v2\/pages\/7425","targetHints":{"allow":["GET"]}}],"collection":[{"href":"https:\/\/gen4.focolare.org\/pt-br\/wp-json\/wp\/v2\/pages"}],"about":[{"href":"https:\/\/gen4.focolare.org\/pt-br\/wp-json\/wp\/v2\/types\/page"}],"author":[{"embeddable":true,"href":"https:\/\/gen4.focolare.org\/pt-br\/wp-json\/wp\/v2\/users\/1"}],"replies":[{"embeddable":true,"href":"https:\/\/gen4.focolare.org\/pt-br\/wp-json\/wp\/v2\/comments?post=7425"}],"version-history":[{"count":5,"href":"https:\/\/gen4.focolare.org\/pt-br\/wp-json\/wp\/v2\/pages\/7425\/revisions"}],"predecessor-version":[{"id":11866,"href":"https:\/\/gen4.focolare.org\/pt-br\/wp-json\/wp\/v2\/pages\/7425\/revisions\/11866"}],"wp:attachment":[{"href":"https:\/\/gen4.focolare.org\/pt-br\/wp-json\/wp\/v2\/media?parent=7425"}],"curies":[{"name":"wp","href":"https:\/\/api.w.org\/{rel}","templated":true}]}}